{"id":27323,"date":"2026-03-23T17:15:32","date_gmt":"2026-03-23T16:15:32","guid":{"rendered":"https:\/\/kaotostore.com\/producto\/dungeon-defenders-awakened-super-rare-games-switch-importacion-inglesa\/"},"modified":"2026-04-08T17:26:50","modified_gmt":"2026-04-08T15:26:50","slug":"dungeon-defenders-awakened-super-rare-games-switch-importacion-inglesa","status":"publish","type":"product","link":"https:\/\/kaotostore.com\/en\/product\/dungeon-defenders-awakened-super-rare-games-switch-importacion-inglesa\/","title":{"rendered":"Dungeon Defenders Awakened Super Rare Games SWITCH (Importaci\u00f3n inglesa)"},"content":{"rendered":"<div class=\"row row-content\">\n<div class=\"col-xs-12 content\"><strong>-Juego en ingl\u00e9s<\/strong><\/div>\n<div class=\"col-xs-12 content\">\n<strong><\/strong>\n<\/div>\n<div class=\"col-xs-12 content\">\n<strong><\/strong>\n<\/div>\n<div class=\"col-xs-12 content\">\n<p>\u00a1Es cierto, est\u00e1 de vuelta! Por fin asistimos a la reaparici\u00f3n triunfal de la franquicia Dungeon Defenders con Dungeon Defenders: Awakened de Chromatic Games.<\/p>\n<p>Dungeon Defenders: Awakened es un juego de ARPG\/defensa de torres cooperativo que lleva al bot\u00edn, la nivelaci\u00f3n, las mascotas y la personalizaci\u00f3n de personajes a una experiencia cooperativa de 4 jugadores legendaria.<\/p>\n<p>\u00a1Han cambiado el pasado! Elige tu h\u00e9roe y construye una defensa \u00e9pica frente a las hordas de enemigos mientras te unes a la batalla para proteger Etheria. \u00danete con hasta cuatro jugadores a medida que subas de nivel, reclames el bot\u00edn legendario y te enfrentes a los ej\u00e9rcitos enemigos que te esperan.<\/p>\n<p>\u00a1Protege tu Cristal de Eternia!<\/p>\n<p>Domina al Escudero, la Cazadora, el Aprendiz y el Monje para luchar contra cientos de secuaces decididos a sembrar el caos. Construye y utiliza tu arsenal de bloqueos, torres, trampas y auras para mantener a salvo los Cristales de Eternia. \u00a1El \u00fanico requisito es ganar, pero t\u00fa eliges c\u00f3mo!<\/p>\n<p>Divi\u00e9rtete.<\/p>\n<p>\u00a1Defender Etheria es m\u00e1s f\u00e1cil con amigos! \u00a1Conecta en l\u00ednea a tres de tus amigos para librar la batalla juntos!<\/p>\n<p>Has que lluevan botines.<\/p>\n<p>Obt\u00e9n innumerables botines mientras luchas contra oleadas de enemigos que se aproximan. Espadas, ballestas, lanzas, varas, hachas, lanzagranadas, sables l\u00e1ser y mucho m\u00e1s est\u00e1n a tu alcance.<\/p>\n<p>Personaliza, personaliza, personaliza.<\/p>\n<p>T\u00fa eliges todo en Dungeon Defenders: Awakened. El equipo que usas, el aspecto de tu h\u00e9roe, d\u00f3nde construyes tus defensas, qu\u00e9 defensas construyes: \u00a1t\u00fa eres el amo de tu destino en Etheria!<\/p>\n<\/div>\n<\/div>\n<p><!----><\/p>","protected":false},"excerpt":{"rendered":"<p>-Juego en ingl\u00e9s \u00a1Es cierto, est\u00e1 de vuelta! Por fin asistimos a la reaparici\u00f3n triunfal de la franquicia Dungeon Defenders con Dungeon Defenders: Awakened de Chromatic Games. Dungeon Defenders: Awakened es un juego de ARPG\/defensa de torres cooperativo que lleva al bot\u00edn, la nivelaci\u00f3n, las mascotas y la personalizaci\u00f3n de personajes a una experiencia cooperativa [&hellip;]<\/p>\n","protected":false},"featured_media":8301,"template":"","meta":{"ocean_post_layout":"","ocean_both_sidebars_style":"","ocean_both_sidebars_content_width":0,"ocean_both_sidebars_sidebars_width":0,"ocean_sidebar":"","ocean_second_sidebar":"","ocean_disable_margins":"enable","ocean_add_body_class":"","ocean_shortcode_before_top_bar":"","ocean_shortcode_after_top_bar":"","ocean_shortcode_before_header":"","ocean_shortcode_after_header":"","ocean_has_shortcode":"","ocean_shortcode_after_title":"","ocean_shortcode_before_footer_widgets":"","ocean_shortcode_after_footer_widgets":"","ocean_shortcode_before_footer_bottom":"","ocean_shortcode_after_footer_bottom":"","ocean_display_top_bar":"default","ocean_display_header":"default","ocean_header_style":"","ocean_center_header_left_menu":"","ocean_custom_header_template":"","ocean_custom_logo":0,"ocean_custom_retina_logo":0,"ocean_custom_logo_max_width":0,"ocean_custom_logo_tablet_max_width":0,"ocean_custom_logo_mobile_max_width":0,"ocean_custom_logo_max_height":0,"ocean_custom_logo_tablet_max_height":0,"ocean_custom_logo_mobile_max_height":0,"ocean_header_custom_menu":"","ocean_menu_typo_font_family":"","ocean_menu_typo_font_subset":"","ocean_menu_typo_font_size":0,"ocean_menu_typo_font_size_tablet":0,"ocean_menu_typo_font_size_mobile":0,"ocean_menu_typo_font_size_unit":"px","ocean_menu_typo_font_weight":"","ocean_menu_typo_font_weight_tablet":"","ocean_menu_typo_font_weight_mobile":"","ocean_menu_typo_transform":"","ocean_menu_typo_transform_tablet":"","ocean_menu_typo_transform_mobile":"","ocean_menu_typo_line_height":0,"ocean_menu_typo_line_height_tablet":0,"ocean_menu_typo_line_height_mobile":0,"ocean_menu_typo_line_height_unit":"","ocean_menu_typo_spacing":0,"ocean_menu_typo_spacing_tablet":0,"ocean_menu_typo_spacing_mobile":0,"ocean_menu_typo_spacing_unit":"","ocean_menu_link_color":"","ocean_menu_link_color_hover":"","ocean_menu_link_color_active":"","ocean_menu_link_background":"","ocean_menu_link_hover_background":"","ocean_menu_link_active_background":"","ocean_menu_social_links_bg":"","ocean_menu_social_hover_links_bg":"","ocean_menu_social_links_color":"","ocean_menu_social_hover_links_color":"","ocean_disable_title":"default","ocean_disable_heading":"default","ocean_post_title":"","ocean_post_subheading":"","ocean_post_title_style":"","ocean_post_title_background_color":"","ocean_post_title_background":0,"ocean_post_title_bg_image_position":"","ocean_post_title_bg_image_attachment":"","ocean_post_title_bg_image_repeat":"","ocean_post_title_bg_image_size":"","ocean_post_title_height":0,"ocean_post_title_bg_overlay":0.5,"ocean_post_title_bg_overlay_color":"","ocean_disable_breadcrumbs":"default","ocean_breadcrumbs_color":"","ocean_breadcrumbs_separator_color":"","ocean_breadcrumbs_links_color":"","ocean_breadcrumbs_links_hover_color":"","ocean_display_footer_widgets":"default","ocean_display_footer_bottom":"default","ocean_custom_footer_template":""},"product_brand":[],"product_cat":[124],"product_tag":[],"class_list":{"0":"post-27323","1":"product","2":"type-product","3":"status-publish","4":"has-post-thumbnail","6":"product_cat-switch","8":"entry","9":"has-media","11":"first","12":"instock","13":"taxable","14":"shipping-taxable","15":"purchasable","16":"product-type-simple","17":"col","18":"span_1_of_3","19":"owp-content-center","20":"owp-thumbs-layout-horizontal","21":"owp-btn-normal","22":"owp-tabs-layout-horizontal","23":"has-no-thumbnails"},"aioseo_notices":[],"_links":{"self":[{"href":"https:\/\/kaotostore.com\/en\/wp-json\/wp\/v2\/product\/27323","targetHints":{"allow":["GET"]}}],"collection":[{"href":"https:\/\/kaotostore.com\/en\/wp-json\/wp\/v2\/product"}],"about":[{"href":"https:\/\/kaotostore.com\/en\/wp-json\/wp\/v2\/types\/product"}],"wp:featuredmedia":[{"embeddable":true,"href":"https:\/\/kaotostore.com\/en\/wp-json\/wp\/v2\/media\/8301"}],"wp:attachment":[{"href":"https:\/\/kaotostore.com\/en\/wp-json\/wp\/v2\/media?parent=27323"}],"wp:term":[{"taxonomy":"product_brand","embeddable":true,"href":"https:\/\/kaotostore.com\/en\/wp-json\/wp\/v2\/product_brand?post=27323"},{"taxonomy":"product_cat","embeddable":true,"href":"https:\/\/kaotostore.com\/en\/wp-json\/wp\/v2\/product_cat?post=27323"},{"taxonomy":"product_tag","embeddable":true,"href":"https:\/\/kaotostore.com\/en\/wp-json\/wp\/v2\/product_tag?post=27323"}],"curies":[{"name":"wp","href":"https:\/\/api.w.org\/{rel}","templated":true}]}}