{"id":27273,"date":"2026-03-23T17:08:41","date_gmt":"2026-03-23T16:08:41","guid":{"rendered":"https:\/\/kaotostore.com\/producto\/dragon-quest-vii-reimagined-switch\/"},"modified":"2026-04-09T12:08:18","modified_gmt":"2026-04-09T10:08:18","slug":"dragon-quest-vii-reimagined-switch","status":"publish","type":"product","link":"https:\/\/kaotostore.com\/en\/product\/dragon-quest-vii-reimagined-switch\/","title":{"rendered":"Dragon Quest VII Reimagined SWITCH"},"content":{"rendered":"<p><strong><span style=\"color: rgb(255, 5, 5);\">Si desea im\u00e1genes adicionales del producto, puede solicitarlas desde el formulario de contacto o en el email kaototienda@gmail.com<br \/><\/span><br \/><\/strong><\/p>\n<p>Eres un joven hijo de pescadores, rebosante de ilusi\u00f3n y energ\u00eda, que ha pasado toda su vida en la apacible <strong>isla de Estarda<\/strong>. Tu viaje comienza con una simple pregunta: \u00bfhay algo m\u00e1s en el mundo aparte de esta peque\u00f1a isla-reino?<\/p>\n<p>Tras salir en busca de respuestas, tus compa\u00f1eros de infancia y t\u00fa descubr\u00eds el <strong>Santuario M\u00edstico <\/strong>y os veis arrastrados atr\u00e1s en el tiempo. All\u00ed desvelar\u00e9is la chocante verdad: hay islas enteras selladas por una fuerza maligna.<\/p>\n<p>Ahora el destino del mundo est\u00e1 en vuestras manos. Resucita un cl\u00e1sico inolvidable de una forma totalmente diferente, con gr\u00e1ficos entra\u00f1ables al estilo de un diorama, mec\u00e1nicas de juego renovadas y una historia m\u00e1s accesible.<\/p>\n<p>Combina preciosos gr\u00e1ficos al estilo de un diorama con los emblem\u00e1ticos dise\u00f1os de personajes de <strong>Akira Toriyama<\/strong>, para hacer que cada encuentro sea emocionante, conmovedor y lleno de aventuras. Desde bosques frondosos y ciudades bulliciosas a ruinas antiguas y monstruos curiosos, todos los entornos rebosan color y personalidad.<\/p>\n<p><strong>Viaja por la historia para devolver el presente a la normalidad<\/strong><br \/>Busca fragmentos de piedra desperdigados que abren portales a eras perdidas, cada una con desaf\u00edos que deber\u00e1s resolver. Recupera las islas, resuelve misterios y conoce aliados en el pasado para devolver la vida al presente.<\/p>\n<p><strong>Una admirada historia con una narrativa m\u00e1s accesible<\/strong><br \/>DRAGON QUEST VII Reimagined se narra mediante una serie de arcos argumentales que van formando una trama global. La historia principal, adem\u00e1s, se ha simplificado de modo que el viaje sea m\u00e1s accesible para todos los jugadores.<\/p>\n<p><strong>Combate cl\u00e1sico, \u00a1mejorado!<\/strong><br \/>El sistema de combate de DRAGON QUEST VII Reimagined se ha renovado sustancialmente. Da la vuelta a la batalla con los nuevos dones vocacionales. Cada vocaci\u00f3n tiene sus propias habilidades, que van desde ataques devastadores a apoyo para tus aliados.<\/p>\n<p>Tambi\u00e9n dispondr\u00e1s de funciones de ajuste de velocidad de combate y de combate autom\u00e1tico. Las batallas podr\u00e1n transcurrir sin interrupciones entre turnos, dependiendo de las t\u00e1cticas que hayas seleccionado para tu protagonista y sus aliados. En el campo de batalla, los jugadores podr\u00e1n lanzar ataques preventivos contra monstruos y derrotarlos al instante si son m\u00e1s d\u00e9biles que el grupo.<\/p>\n<p><strong>\u00a1Sube de nivel dos vocaciones al mismo tiempo con el pluriempleo!<\/strong><br \/>Personaliza tu estilo de juego con la nueva mec\u00e1nica de pluriempleo. Si tienes asignadas dos vocaciones al mismo tiempo, podr\u00e1s acceder a las habilidades, conjuros y ventajas \u00fanicas de ambas.<\/p>\n<p><\/p>","protected":false},"excerpt":{"rendered":"<p>Si desea im\u00e1genes adicionales del producto, puede solicitarlas desde el formulario de contacto o en el email kaototienda@gmail.com Eres un joven hijo de pescadores, rebosante de ilusi\u00f3n y energ\u00eda, que ha pasado toda su vida en la apacible isla de Estarda. Tu viaje comienza con una simple pregunta: \u00bfhay algo m\u00e1s en el mundo aparte [&hellip;]<\/p>\n","protected":false},"featured_media":8170,"template":"","meta":{"ocean_post_layout":"","ocean_both_sidebars_style":"","ocean_both_sidebars_content_width":0,"ocean_both_sidebars_sidebars_width":0,"ocean_sidebar":"","ocean_second_sidebar":"","ocean_disable_margins":"enable","ocean_add_body_class":"","ocean_shortcode_before_top_bar":"","ocean_shortcode_after_top_bar":"","ocean_shortcode_before_header":"","ocean_shortcode_after_header":"","ocean_has_shortcode":"","ocean_shortcode_after_title":"","ocean_shortcode_before_footer_widgets":"","ocean_shortcode_after_footer_widgets":"","ocean_shortcode_before_footer_bottom":"","ocean_shortcode_after_footer_bottom":"","ocean_display_top_bar":"default","ocean_display_header":"default","ocean_header_style":"","ocean_center_header_left_menu":"","ocean_custom_header_template":"","ocean_custom_logo":0,"ocean_custom_retina_logo":0,"ocean_custom_logo_max_width":0,"ocean_custom_logo_tablet_max_width":0,"ocean_custom_logo_mobile_max_width":0,"ocean_custom_logo_max_height":0,"ocean_custom_logo_tablet_max_height":0,"ocean_custom_logo_mobile_max_height":0,"ocean_header_custom_menu":"","ocean_menu_typo_font_family":"","ocean_menu_typo_font_subset":"","ocean_menu_typo_font_size":0,"ocean_menu_typo_font_size_tablet":0,"ocean_menu_typo_font_size_mobile":0,"ocean_menu_typo_font_size_unit":"px","ocean_menu_typo_font_weight":"","ocean_menu_typo_font_weight_tablet":"","ocean_menu_typo_font_weight_mobile":"","ocean_menu_typo_transform":"","ocean_menu_typo_transform_tablet":"","ocean_menu_typo_transform_mobile":"","ocean_menu_typo_line_height":0,"ocean_menu_typo_line_height_tablet":0,"ocean_menu_typo_line_height_mobile":0,"ocean_menu_typo_line_height_unit":"","ocean_menu_typo_spacing":0,"ocean_menu_typo_spacing_tablet":0,"ocean_menu_typo_spacing_mobile":0,"ocean_menu_typo_spacing_unit":"","ocean_menu_link_color":"","ocean_menu_link_color_hover":"","ocean_menu_link_color_active":"","ocean_menu_link_background":"","ocean_menu_link_hover_background":"","ocean_menu_link_active_background":"","ocean_menu_social_links_bg":"","ocean_menu_social_hover_links_bg":"","ocean_menu_social_links_color":"","ocean_menu_social_hover_links_color":"","ocean_disable_title":"default","ocean_disable_heading":"default","ocean_post_title":"","ocean_post_subheading":"","ocean_post_title_style":"","ocean_post_title_background_color":"","ocean_post_title_background":0,"ocean_post_title_bg_image_position":"","ocean_post_title_bg_image_attachment":"","ocean_post_title_bg_image_repeat":"","ocean_post_title_bg_image_size":"","ocean_post_title_height":0,"ocean_post_title_bg_overlay":0.5,"ocean_post_title_bg_overlay_color":"","ocean_disable_breadcrumbs":"default","ocean_breadcrumbs_color":"","ocean_breadcrumbs_separator_color":"","ocean_breadcrumbs_links_color":"","ocean_breadcrumbs_links_hover_color":"","ocean_display_footer_widgets":"default","ocean_display_footer_bottom":"default","ocean_custom_footer_template":""},"product_brand":[],"product_cat":[98,124,128],"product_tag":[],"class_list":{"0":"post-27273","1":"product","2":"type-product","3":"status-publish","4":"has-post-thumbnail","6":"product_cat-novedades","7":"product_cat-switch","8":"product_cat-ultimas-entradas","10":"entry","11":"has-media","13":"first","14":"instock","15":"taxable","16":"shipping-taxable","17":"purchasable","18":"product-type-simple","19":"col","20":"span_1_of_3","21":"owp-content-center","22":"owp-thumbs-layout-horizontal","23":"owp-btn-normal","24":"owp-tabs-layout-horizontal"},"aioseo_notices":[],"_links":{"self":[{"href":"https:\/\/kaotostore.com\/en\/wp-json\/wp\/v2\/product\/27273","targetHints":{"allow":["GET"]}}],"collection":[{"href":"https:\/\/kaotostore.com\/en\/wp-json\/wp\/v2\/product"}],"about":[{"href":"https:\/\/kaotostore.com\/en\/wp-json\/wp\/v2\/types\/product"}],"wp:featuredmedia":[{"embeddable":true,"href":"https:\/\/kaotostore.com\/en\/wp-json\/wp\/v2\/media\/8170"}],"wp:attachment":[{"href":"https:\/\/kaotostore.com\/en\/wp-json\/wp\/v2\/media?parent=27273"}],"wp:term":[{"taxonomy":"product_brand","embeddable":true,"href":"https:\/\/kaotostore.com\/en\/wp-json\/wp\/v2\/product_brand?post=27273"},{"taxonomy":"product_cat","embeddable":true,"href":"https:\/\/kaotostore.com\/en\/wp-json\/wp\/v2\/product_cat?post=27273"},{"taxonomy":"product_tag","embeddable":true,"href":"https:\/\/kaotostore.com\/en\/wp-json\/wp\/v2\/product_tag?post=27273"}],"curies":[{"name":"wp","href":"https:\/\/api.w.org\/{rel}","templated":true}]}}