{"id":27266,"date":"2026-03-23T17:08:33","date_gmt":"2026-03-23T16:08:33","guid":{"rendered":"https:\/\/kaotostore.com\/producto\/dragon-quest-treasures-switch\/"},"modified":"2026-04-09T12:08:18","modified_gmt":"2026-04-09T10:08:18","slug":"dragon-quest-treasures-switch","status":"publish","type":"product","link":"https:\/\/kaotostore.com\/en\/product\/dragon-quest-treasures-switch\/","title":{"rendered":"Dragon Quest Treasures SWITCH"},"content":{"rendered":"<p><strong><span style=\"color: rgb(255, 5, 5);\">Si desea im\u00e1genes adicionales del producto, puede solicitarlas desde el formulario de contacto o en el email kaototienda@gmail.com<\/span><\/strong><b><\/p>\n<p>Erik y su hermana, M\u00eda, viven en un drakkar y sue\u00f1an con salir a explorar el mundo en busca de grandes tesoros<\/b>. Una noche, encuentran a un par de criaturas sobrenaturales, Porcus y P\u00farsula , y acaban apareciendo en un lugar misterioso llamado Draconia , una tierra legendaria repleta de tesoros que encontrar. \u00a1Por fin comienza la aventura con la que Erik y M\u00eda siempre hab\u00edan so\u00f1ado!<\/p>\n<p><\/p>\n<p><b>Para explorar el enorme mundo de Draconia y encontrar montones de tesoros,<\/b> Erik, M\u00eda y sus adorables compa\u00f1eros necesitar\u00e1n ayuda. El grupo no tardar\u00e1 en reclutar y entablar amistad con monstruos de lo m\u00e1s variopintos. Gracias a las visiones m\u00e1gicas de los monstruos, que pueden localizar tesoros escondidos, y a sus singulares habilidades para la b\u00fasqueda de objetos preciosos, nuestros h\u00e9roes recorrer\u00e1n campos abiertos a toda velocidad, escalar\u00e1n paredes rocosas de un solo salto y planear\u00e1n sobre grandes abismos en busca de botines ocultos hasta en los lugares m\u00e1s rec\u00f3nditos e inaccesibles. Avent\u00farate en un enorme mundo de lo m\u00e1s variado donde habr\u00e1 sorpresas, giros inesperados y misterios ocultos en cada rinc\u00f3n, mientras tratas de encontrar los legendarios tesoros de Draconia<\/p>\n<p><\/p>\n<ul>\n<li>Conoce a Erik y M\u00eda en su ni\u00f1ez, cuando salen a buscar tesoros en compa\u00f1\u00eda de su banda de monstruos.<\/li>\n<li>Recluta monstruos aliados y localiza botines dentro de un enorme mundo abierto<\/li>\n<li>En la legendaria Draconia puedes encontrar infinidad de tesoros. All\u00ed, Erik y M\u00eda contar\u00e1n con la ayuda de los monstruos locales para localizar las Siete Piedras y as\u00ed alcanzar su objetivo final: Isla Dorada<\/li>\n<\/ul>","protected":false},"excerpt":{"rendered":"<p>Si desea im\u00e1genes adicionales del producto, puede solicitarlas desde el formulario de contacto o en el email kaototienda@gmail.com Erik y su hermana, M\u00eda, viven en un drakkar y sue\u00f1an con salir a explorar el mundo en busca de grandes tesoros. Una noche, encuentran a un par de criaturas sobrenaturales, Porcus y P\u00farsula , y acaban [&hellip;]<\/p>\n","protected":false},"featured_media":8153,"template":"","meta":{"ocean_post_layout":"","ocean_both_sidebars_style":"","ocean_both_sidebars_content_width":0,"ocean_both_sidebars_sidebars_width":0,"ocean_sidebar":"","ocean_second_sidebar":"","ocean_disable_margins":"enable","ocean_add_body_class":"","ocean_shortcode_before_top_bar":"","ocean_shortcode_after_top_bar":"","ocean_shortcode_before_header":"","ocean_shortcode_after_header":"","ocean_has_shortcode":"","ocean_shortcode_after_title":"","ocean_shortcode_before_footer_widgets":"","ocean_shortcode_after_footer_widgets":"","ocean_shortcode_before_footer_bottom":"","ocean_shortcode_after_footer_bottom":"","ocean_display_top_bar":"default","ocean_display_header":"default","ocean_header_style":"","ocean_center_header_left_menu":"","ocean_custom_header_template":"","ocean_custom_logo":0,"ocean_custom_retina_logo":0,"ocean_custom_logo_max_width":0,"ocean_custom_logo_tablet_max_width":0,"ocean_custom_logo_mobile_max_width":0,"ocean_custom_logo_max_height":0,"ocean_custom_logo_tablet_max_height":0,"ocean_custom_logo_mobile_max_height":0,"ocean_header_custom_menu":"","ocean_menu_typo_font_family":"","ocean_menu_typo_font_subset":"","ocean_menu_typo_font_size":0,"ocean_menu_typo_font_size_tablet":0,"ocean_menu_typo_font_size_mobile":0,"ocean_menu_typo_font_size_unit":"px","ocean_menu_typo_font_weight":"","ocean_menu_typo_font_weight_tablet":"","ocean_menu_typo_font_weight_mobile":"","ocean_menu_typo_transform":"","ocean_menu_typo_transform_tablet":"","ocean_menu_typo_transform_mobile":"","ocean_menu_typo_line_height":0,"ocean_menu_typo_line_height_tablet":0,"ocean_menu_typo_line_height_mobile":0,"ocean_menu_typo_line_height_unit":"","ocean_menu_typo_spacing":0,"ocean_menu_typo_spacing_tablet":0,"ocean_menu_typo_spacing_mobile":0,"ocean_menu_typo_spacing_unit":"","ocean_menu_link_color":"","ocean_menu_link_color_hover":"","ocean_menu_link_color_active":"","ocean_menu_link_background":"","ocean_menu_link_hover_background":"","ocean_menu_link_active_background":"","ocean_menu_social_links_bg":"","ocean_menu_social_hover_links_bg":"","ocean_menu_social_links_color":"","ocean_menu_social_hover_links_color":"","ocean_disable_title":"default","ocean_disable_heading":"default","ocean_post_title":"","ocean_post_subheading":"","ocean_post_title_style":"","ocean_post_title_background_color":"","ocean_post_title_background":0,"ocean_post_title_bg_image_position":"","ocean_post_title_bg_image_attachment":"","ocean_post_title_bg_image_repeat":"","ocean_post_title_bg_image_size":"","ocean_post_title_height":0,"ocean_post_title_bg_overlay":0.5,"ocean_post_title_bg_overlay_color":"","ocean_disable_breadcrumbs":"default","ocean_breadcrumbs_color":"","ocean_breadcrumbs_separator_color":"","ocean_breadcrumbs_links_color":"","ocean_breadcrumbs_links_hover_color":"","ocean_display_footer_widgets":"default","ocean_display_footer_bottom":"default","ocean_custom_footer_template":""},"product_brand":[],"product_cat":[124,128],"product_tag":[],"class_list":{"0":"post-27266","1":"product","2":"type-product","3":"status-publish","4":"has-post-thumbnail","6":"product_cat-switch","7":"product_cat-ultimas-entradas","9":"entry","10":"has-media","12":"first","13":"instock","14":"sale","15":"taxable","16":"shipping-taxable","17":"purchasable","18":"product-type-simple","19":"col","20":"span_1_of_3","21":"owp-content-center","22":"owp-thumbs-layout-horizontal","23":"owp-btn-normal","24":"owp-tabs-layout-horizontal"},"aioseo_notices":[],"_links":{"self":[{"href":"https:\/\/kaotostore.com\/en\/wp-json\/wp\/v2\/product\/27266","targetHints":{"allow":["GET"]}}],"collection":[{"href":"https:\/\/kaotostore.com\/en\/wp-json\/wp\/v2\/product"}],"about":[{"href":"https:\/\/kaotostore.com\/en\/wp-json\/wp\/v2\/types\/product"}],"wp:featuredmedia":[{"embeddable":true,"href":"https:\/\/kaotostore.com\/en\/wp-json\/wp\/v2\/media\/8153"}],"wp:attachment":[{"href":"https:\/\/kaotostore.com\/en\/wp-json\/wp\/v2\/media?parent=27266"}],"wp:term":[{"taxonomy":"product_brand","embeddable":true,"href":"https:\/\/kaotostore.com\/en\/wp-json\/wp\/v2\/product_brand?post=27266"},{"taxonomy":"product_cat","embeddable":true,"href":"https:\/\/kaotostore.com\/en\/wp-json\/wp\/v2\/product_cat?post=27266"},{"taxonomy":"product_tag","embeddable":true,"href":"https:\/\/kaotostore.com\/en\/wp-json\/wp\/v2\/product_tag?post=27266"}],"curies":[{"name":"wp","href":"https:\/\/api.w.org\/{rel}","templated":true}]}}