{"id":27263,"date":"2026-03-23T17:08:28","date_gmt":"2026-03-23T16:08:28","guid":{"rendered":"https:\/\/kaotostore.com\/producto\/dragon-quest-monsters-el-principe-oscuro-switch\/"},"modified":"2026-04-09T12:08:19","modified_gmt":"2026-04-09T10:08:19","slug":"dragon-quest-monsters-el-principe-oscuro-switch","status":"publish","type":"product","link":"https:\/\/kaotostore.com\/en\/product\/dragon-quest-monsters-el-principe-oscuro-switch\/","title":{"rendered":"Dragon Quest Monsters El Principe Oscuro SWITCH"},"content":{"rendered":"<p>Compra <strong>Dragon Quest Monsters El Pr\u00edncipe Oscuro <\/strong>para <strong>Nintendo Switch<\/strong>, \u00fanete a <strong>Psaro<\/strong>, un pr\u00edncipe maldito, en este <strong>juego JRPG<\/strong>, mientras explora, combina y crea legiones de monstruos para llevarlos a la batalla en su camino para convertirse en el <strong>Maestro de los Monstruos<\/strong>.<\/p>\n<p><strong>Te espera un mundo maravilloso<\/strong><br \/>Desde r\u00edos de lava fundida hasta imponentes monta\u00f1as de caramelo, los fant\u00e1sticos entornos de Nadiria son tan variados como los monstruos que los pueblan. Con cada cambio de estaci\u00f3n, los paisajes cambian radicalmente.<\/p>\n<p>Algunos monstruos s\u00f3lo aparecen cuando el tiempo les favorece, y los cazadores de monstruos m\u00e1s avispados pueden aprovechar los cambios estacionales para llegar a zonas antes inaccesibles.<\/p>\n<p><strong>Explora una variedad de monstruos<\/strong><br \/><strong>M\u00e1s de 500 monstruos <\/strong>para explorar, combatir y ayudar en tu viaje, incluyendo una variedad de monstruos \u00fanicos y nunca vistos, as\u00ed como muchos favoritos conocidos de la franquicia DRAGON QUEST.<\/p>\n<p><strong>Combina y crea estrategias<\/strong><br \/>Sintetiza monstruos y crea una lista \u00fanica. Crea un limo especialista en hechizos o un dracky capaz de infligir un da\u00f1o devastador. En cuanto a las batallas, t\u00fa eliges lo implicado que quieres estar.<\/p>\n<p>Puedes dar todas las \u00f3rdenes t\u00fa mismo, establecer t\u00e1cticas generales para que las sigan tus monstruos o dejarlo todo en sus manos con la funci\u00f3n de batalla autom\u00e1tica.<\/p>\n<p><!----><\/p>","protected":false},"excerpt":{"rendered":"<p>Compra Dragon Quest Monsters El Pr\u00edncipe Oscuro para Nintendo Switch, \u00fanete a Psaro, un pr\u00edncipe maldito, en este juego JRPG, mientras explora, combina y crea legiones de monstruos para llevarlos a la batalla en su camino para convertirse en el Maestro de los Monstruos. Te espera un mundo maravillosoDesde r\u00edos de lava fundida hasta imponentes [&hellip;]<\/p>\n","protected":false},"featured_media":8142,"template":"","meta":{"ocean_post_layout":"","ocean_both_sidebars_style":"","ocean_both_sidebars_content_width":0,"ocean_both_sidebars_sidebars_width":0,"ocean_sidebar":"","ocean_second_sidebar":"","ocean_disable_margins":"enable","ocean_add_body_class":"","ocean_shortcode_before_top_bar":"","ocean_shortcode_after_top_bar":"","ocean_shortcode_before_header":"","ocean_shortcode_after_header":"","ocean_has_shortcode":"","ocean_shortcode_after_title":"","ocean_shortcode_before_footer_widgets":"","ocean_shortcode_after_footer_widgets":"","ocean_shortcode_before_footer_bottom":"","ocean_shortcode_after_footer_bottom":"","ocean_display_top_bar":"default","ocean_display_header":"default","ocean_header_style":"","ocean_center_header_left_menu":"","ocean_custom_header_template":"","ocean_custom_logo":0,"ocean_custom_retina_logo":0,"ocean_custom_logo_max_width":0,"ocean_custom_logo_tablet_max_width":0,"ocean_custom_logo_mobile_max_width":0,"ocean_custom_logo_max_height":0,"ocean_custom_logo_tablet_max_height":0,"ocean_custom_logo_mobile_max_height":0,"ocean_header_custom_menu":"","ocean_menu_typo_font_family":"","ocean_menu_typo_font_subset":"","ocean_menu_typo_font_size":0,"ocean_menu_typo_font_size_tablet":0,"ocean_menu_typo_font_size_mobile":0,"ocean_menu_typo_font_size_unit":"px","ocean_menu_typo_font_weight":"","ocean_menu_typo_font_weight_tablet":"","ocean_menu_typo_font_weight_mobile":"","ocean_menu_typo_transform":"","ocean_menu_typo_transform_tablet":"","ocean_menu_typo_transform_mobile":"","ocean_menu_typo_line_height":0,"ocean_menu_typo_line_height_tablet":0,"ocean_menu_typo_line_height_mobile":0,"ocean_menu_typo_line_height_unit":"","ocean_menu_typo_spacing":0,"ocean_menu_typo_spacing_tablet":0,"ocean_menu_typo_spacing_mobile":0,"ocean_menu_typo_spacing_unit":"","ocean_menu_link_color":"","ocean_menu_link_color_hover":"","ocean_menu_link_color_active":"","ocean_menu_link_background":"","ocean_menu_link_hover_background":"","ocean_menu_link_active_background":"","ocean_menu_social_links_bg":"","ocean_menu_social_hover_links_bg":"","ocean_menu_social_links_color":"","ocean_menu_social_hover_links_color":"","ocean_disable_title":"default","ocean_disable_heading":"default","ocean_post_title":"","ocean_post_subheading":"","ocean_post_title_style":"","ocean_post_title_background_color":"","ocean_post_title_background":0,"ocean_post_title_bg_image_position":"","ocean_post_title_bg_image_attachment":"","ocean_post_title_bg_image_repeat":"","ocean_post_title_bg_image_size":"","ocean_post_title_height":0,"ocean_post_title_bg_overlay":0.5,"ocean_post_title_bg_overlay_color":"","ocean_disable_breadcrumbs":"default","ocean_breadcrumbs_color":"","ocean_breadcrumbs_separator_color":"","ocean_breadcrumbs_links_color":"","ocean_breadcrumbs_links_hover_color":"","ocean_display_footer_widgets":"default","ocean_display_footer_bottom":"default","ocean_custom_footer_template":""},"product_brand":[],"product_cat":[124,128],"product_tag":[],"class_list":{"0":"post-27263","1":"product","2":"type-product","3":"status-publish","4":"has-post-thumbnail","6":"product_cat-switch","7":"product_cat-ultimas-entradas","9":"entry","10":"has-media","12":"first","13":"instock","14":"taxable","15":"shipping-taxable","16":"purchasable","17":"product-type-simple","18":"col","19":"span_1_of_3","20":"owp-content-center","21":"owp-thumbs-layout-horizontal","22":"owp-btn-normal","23":"owp-tabs-layout-horizontal"},"aioseo_notices":[],"_links":{"self":[{"href":"https:\/\/kaotostore.com\/en\/wp-json\/wp\/v2\/product\/27263","targetHints":{"allow":["GET"]}}],"collection":[{"href":"https:\/\/kaotostore.com\/en\/wp-json\/wp\/v2\/product"}],"about":[{"href":"https:\/\/kaotostore.com\/en\/wp-json\/wp\/v2\/types\/product"}],"wp:featuredmedia":[{"embeddable":true,"href":"https:\/\/kaotostore.com\/en\/wp-json\/wp\/v2\/media\/8142"}],"wp:attachment":[{"href":"https:\/\/kaotostore.com\/en\/wp-json\/wp\/v2\/media?parent=27263"}],"wp:term":[{"taxonomy":"product_brand","embeddable":true,"href":"https:\/\/kaotostore.com\/en\/wp-json\/wp\/v2\/product_brand?post=27263"},{"taxonomy":"product_cat","embeddable":true,"href":"https:\/\/kaotostore.com\/en\/wp-json\/wp\/v2\/product_cat?post=27263"},{"taxonomy":"product_tag","embeddable":true,"href":"https:\/\/kaotostore.com\/en\/wp-json\/wp\/v2\/product_tag?post=27263"}],"curies":[{"name":"wp","href":"https:\/\/api.w.org\/{rel}","templated":true}]}}