{"id":27197,"date":"2026-03-23T16:26:40","date_gmt":"2026-03-23T15:26:40","guid":{"rendered":"https:\/\/kaotostore.com\/producto\/dragon-ball-xenoverse-xbox-one-series-x\/"},"modified":"2026-05-13T16:51:28","modified_gmt":"2026-05-13T14:51:28","slug":"dragon-ball-xenoverse-xbox-one-series-x","status":"publish","type":"product","link":"https:\/\/kaotostore.com\/en\/product\/dragon-ball-xenoverse-xbox-one-series-x\/","title":{"rendered":"Dragon Ball Xenoverse XBOX ONE \/ SERIES X"},"content":{"rendered":"<p><strong><span id=\"ContentPlaceHolder1_lblSinopsis\"><span style=\"color: #ff0505;\">Si desea im\u00e1genes adicionales del producto, puede solicitarlas desde el formulario de contacto o en el email kaototienda@gmail.com<\/span><\/span><\/p>\n<p><\/strong><\/p>\n<div class=\"product-cms-description\">\n<p><strong><em>Dragon Ball Xenoverse<\/em><\/strong> traer\u00e1 todas las batallas fren\u00e9ticas entre Goku y sus m\u00e1s feroces enemigos, tales como Vegeta, freezer, Cell y mucho m\u00e1s, con nuevo dise\u00f1o del juego!<\/p>\n<p><strong><em>Dragon Ball Xenoverse<\/em><\/strong> tendr\u00e1 el universo amado del creador de la de serie Akira Toriyama por tormenta y rotura de tradici\u00f3n con una nueva configuraci\u00f3n del mundo, una ciudad misteriosa y otras caracter\u00edsticas asombrosas que se anunciar\u00e1 en el futuro!<\/p>\n<h4>Caracter\u00edsticas:<\/h4>\n<ul>\n<li><strong>Jugabilidad mejorada &#8211;<\/strong> batallas de ritmo r\u00e1pido y poderosas te esperan para ser descubiertas, incluida la transformaci\u00f3n en tiempo real!<\/li>\n<li><strong> Inmersi\u00f3n fuerte &#8211;<\/strong> inspirada una de las series m\u00e1s famosas jam\u00e1s creadas.<\/li>\n<li><strong>Puesta en servicio del nuevo mundo &#8211;<\/strong> un reloj que hab\u00eda dejado una vez comenzar\u00e1 a marcar otra vez en una ciudad futurista y enigm\u00e1tica!<\/li>\n<li><strong>Batallas Originales &#8211;<\/strong> participa en \u00e9picas luchas contra enemigos feroces como Vegeta, freezer, Cell y mucho m\u00e1s!<\/li>\n<li><strong>Peleador desconocido &#8211;<\/strong> Mira a el con su uniforme, capa y scouter. \u00bfQui\u00e9n es el?<\/li>\n<\/ul>\n<\/div>\n<p>&nbsp;<\/p>","protected":false},"excerpt":{"rendered":"<p>Si desea im\u00e1genes adicionales del producto, puede solicitarlas desde el formulario de contacto o en el email kaototienda@gmail.com Dragon Ball Xenoverse traer\u00e1 todas las batallas fren\u00e9ticas entre Goku y sus m\u00e1s feroces enemigos, tales como Vegeta, freezer, Cell y mucho m\u00e1s, con nuevo dise\u00f1o del juego! Dragon Ball Xenoverse tendr\u00e1 el universo amado del creador [&hellip;]<\/p>\n","protected":false},"featured_media":8069,"template":"","meta":{"ocean_post_layout":"","ocean_both_sidebars_style":"","ocean_both_sidebars_content_width":0,"ocean_both_sidebars_sidebars_width":0,"ocean_sidebar":"0","ocean_second_sidebar":"0","ocean_disable_margins":"enable","ocean_add_body_class":"","ocean_shortcode_before_top_bar":"","ocean_shortcode_after_top_bar":"","ocean_shortcode_before_header":"","ocean_shortcode_after_header":"","ocean_has_shortcode":"","ocean_shortcode_after_title":"","ocean_shortcode_before_footer_widgets":"","ocean_shortcode_after_footer_widgets":"","ocean_shortcode_before_footer_bottom":"","ocean_shortcode_after_footer_bottom":"","ocean_display_top_bar":"default","ocean_display_header":"default","ocean_header_style":"","ocean_center_header_left_menu":"0","ocean_custom_header_template":"0","ocean_custom_logo":0,"ocean_custom_retina_logo":0,"ocean_custom_logo_max_width":0,"ocean_custom_logo_tablet_max_width":0,"ocean_custom_logo_mobile_max_width":0,"ocean_custom_logo_max_height":0,"ocean_custom_logo_tablet_max_height":0,"ocean_custom_logo_mobile_max_height":0,"ocean_header_custom_menu":"0","ocean_menu_typo_font_family":"0","ocean_menu_typo_font_subset":"","ocean_menu_typo_font_size":0,"ocean_menu_typo_font_size_tablet":0,"ocean_menu_typo_font_size_mobile":0,"ocean_menu_typo_font_size_unit":"px","ocean_menu_typo_font_weight":"","ocean_menu_typo_font_weight_tablet":"","ocean_menu_typo_font_weight_mobile":"","ocean_menu_typo_transform":"","ocean_menu_typo_transform_tablet":"","ocean_menu_typo_transform_mobile":"","ocean_menu_typo_line_height":0,"ocean_menu_typo_line_height_tablet":0,"ocean_menu_typo_line_height_mobile":0,"ocean_menu_typo_line_height_unit":"","ocean_menu_typo_spacing":0,"ocean_menu_typo_spacing_tablet":0,"ocean_menu_typo_spacing_mobile":0,"ocean_menu_typo_spacing_unit":"","ocean_menu_link_color":"","ocean_menu_link_color_hover":"","ocean_menu_link_color_active":"","ocean_menu_link_background":"","ocean_menu_link_hover_background":"","ocean_menu_link_active_background":"","ocean_menu_social_links_bg":"","ocean_menu_social_hover_links_bg":"","ocean_menu_social_links_color":"","ocean_menu_social_hover_links_color":"","ocean_disable_title":"default","ocean_disable_heading":"default","ocean_post_title":"","ocean_post_subheading":"","ocean_post_title_style":"","ocean_post_title_background_color":"","ocean_post_title_background":0,"ocean_post_title_bg_image_position":"","ocean_post_title_bg_image_attachment":"","ocean_post_title_bg_image_repeat":"","ocean_post_title_bg_image_size":"","ocean_post_title_height":0,"ocean_post_title_bg_overlay":0.5,"ocean_post_title_bg_overlay_color":"","ocean_disable_breadcrumbs":"default","ocean_breadcrumbs_color":"","ocean_breadcrumbs_separator_color":"","ocean_breadcrumbs_links_color":"","ocean_breadcrumbs_links_hover_color":"","ocean_display_footer_widgets":"default","ocean_display_footer_bottom":"default","ocean_custom_footer_template":"0"},"product_brand":[],"product_cat":[120,128,138],"product_tag":[],"class_list":{"0":"post-27197","1":"product","2":"type-product","3":"status-publish","4":"has-post-thumbnail","6":"product_cat-series-x","7":"product_cat-ultimas-entradas","8":"product_cat-xbox-one","10":"entry","11":"has-media","13":"first","14":"outofstock","15":"taxable","16":"shipping-taxable","17":"purchasable","18":"product-type-simple","19":"col","20":"span_1_of_3","21":"owp-content-center","22":"owp-thumbs-layout-horizontal","23":"owp-btn-normal","24":"owp-tabs-layout-horizontal","25":"has-no-thumbnails"},"aioseo_notices":[],"_links":{"self":[{"href":"https:\/\/kaotostore.com\/en\/wp-json\/wp\/v2\/product\/27197","targetHints":{"allow":["GET"]}}],"collection":[{"href":"https:\/\/kaotostore.com\/en\/wp-json\/wp\/v2\/product"}],"about":[{"href":"https:\/\/kaotostore.com\/en\/wp-json\/wp\/v2\/types\/product"}],"wp:featuredmedia":[{"embeddable":true,"href":"https:\/\/kaotostore.com\/en\/wp-json\/wp\/v2\/media\/8069"}],"wp:attachment":[{"href":"https:\/\/kaotostore.com\/en\/wp-json\/wp\/v2\/media?parent=27197"}],"wp:term":[{"taxonomy":"product_brand","embeddable":true,"href":"https:\/\/kaotostore.com\/en\/wp-json\/wp\/v2\/product_brand?post=27197"},{"taxonomy":"product_cat","embeddable":true,"href":"https:\/\/kaotostore.com\/en\/wp-json\/wp\/v2\/product_cat?post=27197"},{"taxonomy":"product_tag","embeddable":true,"href":"https:\/\/kaotostore.com\/en\/wp-json\/wp\/v2\/product_tag?post=27197"}],"curies":[{"name":"wp","href":"https:\/\/api.w.org\/{rel}","templated":true}]}}