{"id":27154,"date":"2026-03-23T16:20:13","date_gmt":"2026-03-23T15:20:13","guid":{"rendered":"https:\/\/kaotostore.com\/producto\/double-dragon-gaiden-rise-of-the-dragons-switch\/"},"modified":"2026-04-09T12:22:32","modified_gmt":"2026-04-09T10:22:32","slug":"double-dragon-gaiden-rise-of-the-dragons-switch","status":"publish","type":"product","link":"https:\/\/kaotostore.com\/en\/product\/double-dragon-gaiden-rise-of-the-dragons-switch\/","title":{"rendered":"Double Dragon Gaiden Rise of the Dragons SWITCH"},"content":{"rendered":"<p>Prep\u00e1rate para luchar a lo Double Dragon en esta nueva entrega de la emblem\u00e1tica franquicia beat &#8216;em up. Es el a\u00f1o 199X, y la guerra nuclear ha devastado Nueva York, obligando a sus ciudadanos a luchar por la supervivencia mientras los disturbios y el crimen envuelven las calles. La ciudad ha sido invadida por bandas criminales que aterrorizan sus ruinas mientras luchan por el dominio total. Incapaces de seguir soportando estas condiciones, los j\u00f3venes Billy y Jimmy Lee se proponen expulsar a las bandas de su ciudad. Explora los inicios de los j\u00f3venes hermanos Double Dragon mientras se enfrentan a enemigos nuevos y conocidos en esta historia alternativa. En este nuevo estilo roguelite, cada partida es una nueva oportunidad de acci\u00f3n. Con una estructura de niveles \u00fanica y din\u00e1mica, la dificultad de las misiones cambiar\u00e1 en funci\u00f3n del orden en que las hayas seleccionado. Cambia entre el d\u00fao cl\u00e1sico Billy y Jimmy, con Marian y el t\u00edo Matin, o experimenta con 9 personajes desbloqueables adicionales, cada uno con sus propios movimientos especiales y estilos de juego \u00fanicos. Con el modo cooperativo local para 2 jugadores, la acci\u00f3n se multiplica por cuatro mientras t\u00fa y un amigo limpi\u00e1is las calles.<\/p>","protected":false},"excerpt":{"rendered":"<p>Prep\u00e1rate para luchar a lo Double Dragon en esta nueva entrega de la emblem\u00e1tica franquicia beat &#8216;em up. Es el a\u00f1o 199X, y la guerra nuclear ha devastado Nueva York, obligando a sus ciudadanos a luchar por la supervivencia mientras los disturbios y el crimen envuelven las calles. La ciudad ha sido invadida por bandas [&hellip;]<\/p>\n","protected":false},"featured_media":7993,"template":"","meta":{"ocean_post_layout":"","ocean_both_sidebars_style":"","ocean_both_sidebars_content_width":0,"ocean_both_sidebars_sidebars_width":0,"ocean_sidebar":"","ocean_second_sidebar":"","ocean_disable_margins":"enable","ocean_add_body_class":"","ocean_shortcode_before_top_bar":"","ocean_shortcode_after_top_bar":"","ocean_shortcode_before_header":"","ocean_shortcode_after_header":"","ocean_has_shortcode":"","ocean_shortcode_after_title":"","ocean_shortcode_before_footer_widgets":"","ocean_shortcode_after_footer_widgets":"","ocean_shortcode_before_footer_bottom":"","ocean_shortcode_after_footer_bottom":"","ocean_display_top_bar":"default","ocean_display_header":"default","ocean_header_style":"","ocean_center_header_left_menu":"","ocean_custom_header_template":"","ocean_custom_logo":0,"ocean_custom_retina_logo":0,"ocean_custom_logo_max_width":0,"ocean_custom_logo_tablet_max_width":0,"ocean_custom_logo_mobile_max_width":0,"ocean_custom_logo_max_height":0,"ocean_custom_logo_tablet_max_height":0,"ocean_custom_logo_mobile_max_height":0,"ocean_header_custom_menu":"","ocean_menu_typo_font_family":"","ocean_menu_typo_font_subset":"","ocean_menu_typo_font_size":0,"ocean_menu_typo_font_size_tablet":0,"ocean_menu_typo_font_size_mobile":0,"ocean_menu_typo_font_size_unit":"px","ocean_menu_typo_font_weight":"","ocean_menu_typo_font_weight_tablet":"","ocean_menu_typo_font_weight_mobile":"","ocean_menu_typo_transform":"","ocean_menu_typo_transform_tablet":"","ocean_menu_typo_transform_mobile":"","ocean_menu_typo_line_height":0,"ocean_menu_typo_line_height_tablet":0,"ocean_menu_typo_line_height_mobile":0,"ocean_menu_typo_line_height_unit":"","ocean_menu_typo_spacing":0,"ocean_menu_typo_spacing_tablet":0,"ocean_menu_typo_spacing_mobile":0,"ocean_menu_typo_spacing_unit":"","ocean_menu_link_color":"","ocean_menu_link_color_hover":"","ocean_menu_link_color_active":"","ocean_menu_link_background":"","ocean_menu_link_hover_background":"","ocean_menu_link_active_background":"","ocean_menu_social_links_bg":"","ocean_menu_social_hover_links_bg":"","ocean_menu_social_links_color":"","ocean_menu_social_hover_links_color":"","ocean_disable_title":"default","ocean_disable_heading":"default","ocean_post_title":"","ocean_post_subheading":"","ocean_post_title_style":"","ocean_post_title_background_color":"","ocean_post_title_background":0,"ocean_post_title_bg_image_position":"","ocean_post_title_bg_image_attachment":"","ocean_post_title_bg_image_repeat":"","ocean_post_title_bg_image_size":"","ocean_post_title_height":0,"ocean_post_title_bg_overlay":0.5,"ocean_post_title_bg_overlay_color":"","ocean_disable_breadcrumbs":"default","ocean_breadcrumbs_color":"","ocean_breadcrumbs_separator_color":"","ocean_breadcrumbs_links_color":"","ocean_breadcrumbs_links_hover_color":"","ocean_display_footer_widgets":"default","ocean_display_footer_bottom":"default","ocean_custom_footer_template":""},"product_brand":[],"product_cat":[124,128],"product_tag":[],"class_list":{"0":"post-27154","1":"product","2":"type-product","3":"status-publish","4":"has-post-thumbnail","6":"product_cat-switch","7":"product_cat-ultimas-entradas","9":"entry","10":"has-media","12":"first","13":"instock","14":"taxable","15":"shipping-taxable","16":"purchasable","17":"product-type-simple","18":"col","19":"span_1_of_3","20":"owp-content-center","21":"owp-thumbs-layout-horizontal","22":"owp-btn-normal","23":"owp-tabs-layout-horizontal"},"aioseo_notices":[],"_links":{"self":[{"href":"https:\/\/kaotostore.com\/en\/wp-json\/wp\/v2\/product\/27154","targetHints":{"allow":["GET"]}}],"collection":[{"href":"https:\/\/kaotostore.com\/en\/wp-json\/wp\/v2\/product"}],"about":[{"href":"https:\/\/kaotostore.com\/en\/wp-json\/wp\/v2\/types\/product"}],"wp:featuredmedia":[{"embeddable":true,"href":"https:\/\/kaotostore.com\/en\/wp-json\/wp\/v2\/media\/7993"}],"wp:attachment":[{"href":"https:\/\/kaotostore.com\/en\/wp-json\/wp\/v2\/media?parent=27154"}],"wp:term":[{"taxonomy":"product_brand","embeddable":true,"href":"https:\/\/kaotostore.com\/en\/wp-json\/wp\/v2\/product_brand?post=27154"},{"taxonomy":"product_cat","embeddable":true,"href":"https:\/\/kaotostore.com\/en\/wp-json\/wp\/v2\/product_cat?post=27154"},{"taxonomy":"product_tag","embeddable":true,"href":"https:\/\/kaotostore.com\/en\/wp-json\/wp\/v2\/product_tag?post=27154"}],"curies":[{"name":"wp","href":"https:\/\/api.w.org\/{rel}","templated":true}]}}