{"id":27123,"date":"2026-03-23T16:14:10","date_gmt":"2026-03-23T15:14:10","guid":{"rendered":"https:\/\/kaotostore.com\/producto\/donkey-kong-country-tropical-freeze-wiiu\/"},"modified":"2026-04-08T17:23:18","modified_gmt":"2026-04-08T15:23:18","slug":"donkey-kong-country-tropical-freeze-wiiu","status":"publish","type":"product","link":"https:\/\/kaotostore.com\/en\/product\/donkey-kong-country-tropical-freeze-wiiu\/","title":{"rendered":"Donkey Kong Country Tropical Freeze WIIU"},"content":{"rendered":"<div>\n<p>El invierno nos deja una bonita estampa de todo cubierto de nieve, pero tambi\u00e9n el fr\u00edo, las heladas, carreteras cortadas\u2026 Tal es la ola de fr\u00edo, \u00a1que tambi\u00e9n ha llegado por primera vez a la isla tropical de Donkey Kong! Ad\u00e9ntrate en la nueva entrega de <strong><em>Donkey Kong Country: Tropical Freeze<\/em><\/strong>, en la que tendremos que recorrer seis islas heladas y descubrir el misterioso enemigo tras este desastre.<\/p>\n<p><strong><em>Donkey Kong Country Tropical Freeze<\/em><\/strong> es una entrega completamente nueva de la saga que volvi\u00f3 para Wii en 2010 con <em>Donkey Kong Country<\/em> Returns, muchos a\u00f1os despu\u00e9s de la trilog\u00eda original para Super Nintendo. Los elementos cl\u00e1sicos de la saga, como los personajes, dise\u00f1o de niveles e incluso la m\u00fasica se mezclan con todas las novedades, empezando por el apartado visual, siendo la primera entrega de la saga en ofrecer gr\u00e1ficos en Full HD.<\/p>\n<p>Vuelven personajes cl\u00e1sicos como Dixie Kong, y otros jugables por primera vez como Cranky Kong, ofreciendo como ocurre en Super Mario 3D World cuatro personajes con habilidades \u00fanicas. El modo multijugador cooperativo para dos jugadores permitir\u00e1 combinar habilidades y ejecutar ataques especiales. El juego es compatible con todo tipo de mandos: mando de Wii, con o sin Nunchaku, mando Pro de Wii U\u2026 y adem\u00e1s tiene modo off-TV, para poder jugar directamente en la pantalla del GamePad sin necesidad de usar la televisi\u00f3n.<\/p>\n<p>Prep\u00e1rate para el fr\u00edo y ad\u00e9ntrate en la isla del gorila m\u00e1s famoso de los videojuegos con Donkey Kong Tropical Freeze, a partir del 21 de febrero, s\u00f3lo para Wii U.<\/p>\n<h4>Caracter\u00edsticas:<\/h4>\n<ul>\n<li>Vuelve Donkey Kong Country, por primera vez en alta definici\u00f3n con gr\u00e1ficos Full HD (1080p).<\/li>\n<li>Desarrollado por Retro Studios, los mismos creadores de la trilog\u00eda Metroid Prime y Donkey Kong Country Returns, de los juegos mejor valorados por la cr\u00edtica internacional especializada.<\/li>\n<li>Modo cooperativo, con el regreso de personajes cl\u00e1sicos de la saga con nuevas habilidades.<\/li>\n<li>Modo multijugador y rankings de clasificaci\u00f3n online para alargar a\u00fan m\u00e1s las horas de diversi\u00f3n.<\/li>\n<li>Modo off-TV para jugar directamente en la pantalla del GamePad.<\/li>\n<\/ul>\n<\/div>\n<p>&nbsp;<\/p>\n<p>&nbsp;<\/p>","protected":false},"excerpt":{"rendered":"<p>El invierno nos deja una bonita estampa de todo cubierto de nieve, pero tambi\u00e9n el fr\u00edo, las heladas, carreteras cortadas\u2026 Tal es la ola de fr\u00edo, \u00a1que tambi\u00e9n ha llegado por primera vez a la isla tropical de Donkey Kong! Ad\u00e9ntrate en la nueva entrega de Donkey Kong Country: Tropical Freeze, en la que tendremos [&hellip;]<\/p>\n","protected":false},"featured_media":7935,"template":"","meta":{"ocean_post_layout":"","ocean_both_sidebars_style":"","ocean_both_sidebars_content_width":0,"ocean_both_sidebars_sidebars_width":0,"ocean_sidebar":"0","ocean_second_sidebar":"0","ocean_disable_margins":"enable","ocean_add_body_class":"","ocean_shortcode_before_top_bar":"","ocean_shortcode_after_top_bar":"","ocean_shortcode_before_header":"","ocean_shortcode_after_header":"","ocean_has_shortcode":"","ocean_shortcode_after_title":"","ocean_shortcode_before_footer_widgets":"","ocean_shortcode_after_footer_widgets":"","ocean_shortcode_before_footer_bottom":"","ocean_shortcode_after_footer_bottom":"","ocean_display_top_bar":"default","ocean_display_header":"default","ocean_header_style":"","ocean_center_header_left_menu":"0","ocean_custom_header_template":"0","ocean_custom_logo":0,"ocean_custom_retina_logo":0,"ocean_custom_logo_max_width":0,"ocean_custom_logo_tablet_max_width":0,"ocean_custom_logo_mobile_max_width":0,"ocean_custom_logo_max_height":0,"ocean_custom_logo_tablet_max_height":0,"ocean_custom_logo_mobile_max_height":0,"ocean_header_custom_menu":"0","ocean_menu_typo_font_family":"0","ocean_menu_typo_font_subset":"","ocean_menu_typo_font_size":0,"ocean_menu_typo_font_size_tablet":0,"ocean_menu_typo_font_size_mobile":0,"ocean_menu_typo_font_size_unit":"px","ocean_menu_typo_font_weight":"","ocean_menu_typo_font_weight_tablet":"","ocean_menu_typo_font_weight_mobile":"","ocean_menu_typo_transform":"","ocean_menu_typo_transform_tablet":"","ocean_menu_typo_transform_mobile":"","ocean_menu_typo_line_height":0,"ocean_menu_typo_line_height_tablet":0,"ocean_menu_typo_line_height_mobile":0,"ocean_menu_typo_line_height_unit":"","ocean_menu_typo_spacing":0,"ocean_menu_typo_spacing_tablet":0,"ocean_menu_typo_spacing_mobile":0,"ocean_menu_typo_spacing_unit":"","ocean_menu_link_color":"","ocean_menu_link_color_hover":"","ocean_menu_link_color_active":"","ocean_menu_link_background":"","ocean_menu_link_hover_background":"","ocean_menu_link_active_background":"","ocean_menu_social_links_bg":"","ocean_menu_social_hover_links_bg":"","ocean_menu_social_links_color":"","ocean_menu_social_hover_links_color":"","ocean_disable_title":"default","ocean_disable_heading":"default","ocean_post_title":"","ocean_post_subheading":"","ocean_post_title_style":"","ocean_post_title_background_color":"","ocean_post_title_background":0,"ocean_post_title_bg_image_position":"","ocean_post_title_bg_image_attachment":"","ocean_post_title_bg_image_repeat":"","ocean_post_title_bg_image_size":"","ocean_post_title_height":0,"ocean_post_title_bg_overlay":0.5,"ocean_post_title_bg_overlay_color":"","ocean_disable_breadcrumbs":"default","ocean_breadcrumbs_color":"","ocean_breadcrumbs_separator_color":"","ocean_breadcrumbs_links_color":"","ocean_breadcrumbs_links_hover_color":"","ocean_display_footer_widgets":"default","ocean_display_footer_bottom":"default","ocean_custom_footer_template":"0"},"product_brand":[],"product_cat":[128,133],"product_tag":[],"class_list":{"0":"post-27123","1":"product","2":"type-product","3":"status-publish","4":"has-post-thumbnail","6":"product_cat-ultimas-entradas","7":"product_cat-wiiu","9":"entry","10":"has-media","12":"first","13":"instock","14":"taxable","15":"shipping-taxable","16":"purchasable","17":"product-type-simple","18":"col","19":"span_1_of_3","20":"owp-content-center","21":"owp-thumbs-layout-horizontal","22":"owp-btn-normal","23":"owp-tabs-layout-horizontal","24":"has-no-thumbnails"},"aioseo_notices":[],"_links":{"self":[{"href":"https:\/\/kaotostore.com\/en\/wp-json\/wp\/v2\/product\/27123","targetHints":{"allow":["GET"]}}],"collection":[{"href":"https:\/\/kaotostore.com\/en\/wp-json\/wp\/v2\/product"}],"about":[{"href":"https:\/\/kaotostore.com\/en\/wp-json\/wp\/v2\/types\/product"}],"wp:featuredmedia":[{"embeddable":true,"href":"https:\/\/kaotostore.com\/en\/wp-json\/wp\/v2\/media\/7935"}],"wp:attachment":[{"href":"https:\/\/kaotostore.com\/en\/wp-json\/wp\/v2\/media?parent=27123"}],"wp:term":[{"taxonomy":"product_brand","embeddable":true,"href":"https:\/\/kaotostore.com\/en\/wp-json\/wp\/v2\/product_brand?post=27123"},{"taxonomy":"product_cat","embeddable":true,"href":"https:\/\/kaotostore.com\/en\/wp-json\/wp\/v2\/product_cat?post=27123"},{"taxonomy":"product_tag","embeddable":true,"href":"https:\/\/kaotostore.com\/en\/wp-json\/wp\/v2\/product_tag?post=27123"}],"curies":[{"name":"wp","href":"https:\/\/api.w.org\/{rel}","templated":true}]}}