{"id":27064,"date":"2026-03-23T15:15:08","date_gmt":"2026-03-23T14:15:08","guid":{"rendered":"https:\/\/kaotostore.com\/producto\/disneys-magical-mirror-starring-mickey-mouse-gamecube\/"},"modified":"2026-04-09T12:08:36","modified_gmt":"2026-04-09T10:08:36","slug":"disneys-magical-mirror-starring-mickey-mouse-gamecube","status":"publish","type":"product","link":"https:\/\/kaotostore.com\/en\/product\/disneys-magical-mirror-starring-mickey-mouse-gamecube\/","title":{"rendered":"Disney&#8217;s Magical Mirror Starring Mickey Mouse GAMECUBE"},"content":{"rendered":"<p><strong><span style=\"color: rgb(255, 5, 5);\">Si desea im\u00e1genes adicionales del producto, puede solicitarlas desde el formulario de contacto o en el email kaototienda@gmail.com<\/span><\/strong><\/p>\n<p>\u00a0<\/p>\n<p><strong>-Precintado con tira roja<\/strong><\/p>\n<p>\u00a0<\/p>\n<p>Nuestro personaje preferido de Disney, Mickey Mouse, debuta con esta desternillante historia interactiva. Atrapado al otro lado de un espejo m\u00e1gico, Mickey se encuentra en un universo paralelo que se parece much\u00edsimo a su propia casa. Nuestro heroico rat\u00f3n est\u00e1 deseando cruzar de nuevo el espejo, meterse en la cama y seguir so\u00f1ando pl\u00e1cidamente&#8230; pero no lo va a tener f\u00e1cil, porque Mickey necesita recuperar los trocitos del espejo roto que un travieso fantasma ha desperdigado por la casa. En este exclusivo juego tendr\u00e1s que guiar a Mickey de habitaci\u00f3n en habitaci\u00f3n, ayud\u00e1ndole a resolver rompecabezas, a burlar al enemigo y a encontrar los trozos del espejo. Ganar\u00e1s estrellas si exploras y encuentras objetos que podr\u00e1s usar para hacer bromas y encontrar los objetos que Mickey necesita para avanzar por las habitaciones. Reconstruye el espejo y ayudar\u00e1s a Mickey a volver a casa \u00a1y mientras, dale a ese fantasma lo que se merece! Debes tener cuidado al explorar la casa porque hay candelabros que se estrellan contra el suelo, espadas flotantes que se lanzan contra Mickey y un mont\u00f3n de trucos traicioneros m\u00e1s que utiliza el molesto fantasma. Tendr\u00e1s \u00e9xito si Mickey encuentra y colecciona recuerdos, como el collar de Pluto o el lazo de Minnie, que luego aparecer\u00e1n en la habitaci\u00f3n de Mickey al final del juego.<\/p>\n<p><\/p>","protected":false},"excerpt":{"rendered":"<p>Si desea im\u00e1genes adicionales del producto, puede solicitarlas desde el formulario de contacto o en el email kaototienda@gmail.com \u00a0 -Precintado con tira roja \u00a0 Nuestro personaje preferido de Disney, Mickey Mouse, debuta con esta desternillante historia interactiva. Atrapado al otro lado de un espejo m\u00e1gico, Mickey se encuentra en un universo paralelo que se parece [&hellip;]<\/p>\n","protected":false},"featured_media":7839,"template":"","meta":{"ocean_post_layout":"","ocean_both_sidebars_style":"","ocean_both_sidebars_content_width":0,"ocean_both_sidebars_sidebars_width":0,"ocean_sidebar":"","ocean_second_sidebar":"","ocean_disable_margins":"enable","ocean_add_body_class":"","ocean_shortcode_before_top_bar":"","ocean_shortcode_after_top_bar":"","ocean_shortcode_before_header":"","ocean_shortcode_after_header":"","ocean_has_shortcode":"","ocean_shortcode_after_title":"","ocean_shortcode_before_footer_widgets":"","ocean_shortcode_after_footer_widgets":"","ocean_shortcode_before_footer_bottom":"","ocean_shortcode_after_footer_bottom":"","ocean_display_top_bar":"default","ocean_display_header":"default","ocean_header_style":"","ocean_center_header_left_menu":"","ocean_custom_header_template":"","ocean_custom_logo":0,"ocean_custom_retina_logo":0,"ocean_custom_logo_max_width":0,"ocean_custom_logo_tablet_max_width":0,"ocean_custom_logo_mobile_max_width":0,"ocean_custom_logo_max_height":0,"ocean_custom_logo_tablet_max_height":0,"ocean_custom_logo_mobile_max_height":0,"ocean_header_custom_menu":"","ocean_menu_typo_font_family":"","ocean_menu_typo_font_subset":"","ocean_menu_typo_font_size":0,"ocean_menu_typo_font_size_tablet":0,"ocean_menu_typo_font_size_mobile":0,"ocean_menu_typo_font_size_unit":"px","ocean_menu_typo_font_weight":"","ocean_menu_typo_font_weight_tablet":"","ocean_menu_typo_font_weight_mobile":"","ocean_menu_typo_transform":"","ocean_menu_typo_transform_tablet":"","ocean_menu_typo_transform_mobile":"","ocean_menu_typo_line_height":0,"ocean_menu_typo_line_height_tablet":0,"ocean_menu_typo_line_height_mobile":0,"ocean_menu_typo_line_height_unit":"","ocean_menu_typo_spacing":0,"ocean_menu_typo_spacing_tablet":0,"ocean_menu_typo_spacing_mobile":0,"ocean_menu_typo_spacing_unit":"","ocean_menu_link_color":"","ocean_menu_link_color_hover":"","ocean_menu_link_color_active":"","ocean_menu_link_background":"","ocean_menu_link_hover_background":"","ocean_menu_link_active_background":"","ocean_menu_social_links_bg":"","ocean_menu_social_hover_links_bg":"","ocean_menu_social_links_color":"","ocean_menu_social_hover_links_color":"","ocean_disable_title":"default","ocean_disable_heading":"default","ocean_post_title":"","ocean_post_subheading":"","ocean_post_title_style":"","ocean_post_title_background_color":"","ocean_post_title_background":0,"ocean_post_title_bg_image_position":"","ocean_post_title_bg_image_attachment":"","ocean_post_title_bg_image_repeat":"","ocean_post_title_bg_image_size":"","ocean_post_title_height":0,"ocean_post_title_bg_overlay":0.5,"ocean_post_title_bg_overlay_color":"","ocean_disable_breadcrumbs":"default","ocean_breadcrumbs_color":"","ocean_breadcrumbs_separator_color":"","ocean_breadcrumbs_links_color":"","ocean_breadcrumbs_links_hover_color":"","ocean_display_footer_widgets":"default","ocean_display_footer_bottom":"default","ocean_custom_footer_template":""},"product_brand":[],"product_cat":[84,98,128],"product_tag":[],"class_list":{"0":"post-27064","1":"product","2":"type-product","3":"status-publish","4":"has-post-thumbnail","6":"product_cat-gamecube","7":"product_cat-novedades","8":"product_cat-ultimas-entradas","10":"entry","11":"has-media","13":"first","14":"instock","15":"taxable","16":"shipping-taxable","17":"purchasable","18":"product-type-simple","19":"col","20":"span_1_of_3","21":"owp-content-center","22":"owp-thumbs-layout-horizontal","23":"owp-btn-normal","24":"owp-tabs-layout-horizontal","25":"has-no-thumbnails"},"aioseo_notices":[],"_links":{"self":[{"href":"https:\/\/kaotostore.com\/en\/wp-json\/wp\/v2\/product\/27064","targetHints":{"allow":["GET"]}}],"collection":[{"href":"https:\/\/kaotostore.com\/en\/wp-json\/wp\/v2\/product"}],"about":[{"href":"https:\/\/kaotostore.com\/en\/wp-json\/wp\/v2\/types\/product"}],"wp:featuredmedia":[{"embeddable":true,"href":"https:\/\/kaotostore.com\/en\/wp-json\/wp\/v2\/media\/7839"}],"wp:attachment":[{"href":"https:\/\/kaotostore.com\/en\/wp-json\/wp\/v2\/media?parent=27064"}],"wp:term":[{"taxonomy":"product_brand","embeddable":true,"href":"https:\/\/kaotostore.com\/en\/wp-json\/wp\/v2\/product_brand?post=27064"},{"taxonomy":"product_cat","embeddable":true,"href":"https:\/\/kaotostore.com\/en\/wp-json\/wp\/v2\/product_cat?post=27064"},{"taxonomy":"product_tag","embeddable":true,"href":"https:\/\/kaotostore.com\/en\/wp-json\/wp\/v2\/product_tag?post=27064"}],"curies":[{"name":"wp","href":"https:\/\/api.w.org\/{rel}","templated":true}]}}