{"id":27031,"date":"2026-03-23T15:14:30","date_gmt":"2026-03-23T14:14:30","guid":{"rendered":"https:\/\/kaotostore.com\/producto\/discounty-switch\/"},"modified":"2026-04-08T17:20:43","modified_gmt":"2026-04-08T15:20:43","slug":"discounty-switch","status":"publish","type":"product","link":"https:\/\/kaotostore.com\/en\/product\/discounty-switch\/","title":{"rendered":"Discounty SWITCH"},"content":{"rendered":"<h4><strong><span style=\"color: rgb(255, 5, 5);\">Si desea im\u00e1genes adicionales del producto, puede solicitarlas desde el formulario de contacto o en el email kaototienda@gmail.com<\/span><\/strong><\/h4>\n<p>Gestiona tu propio supermercado, explora la unida comunidad de Blomkest, forja amistades o crea enemigos mientras descubres los secretos de la ciudad en este acogedor juego de rol de simulaci\u00f3n de gesti\u00f3n. Ad\u00e9ntrate en la peculiar ciudad portuaria de Blomkest, donde tu t\u00eda te ha confiado la gesti\u00f3n de su \u00fanico supermercado. Dise\u00f1a y organiza tu tienda, gestiona las existencias, pasa por caja y llega a acuerdos comerciales. Entabla relaciones con los encantadores lugare\u00f1os y haz crecer tu imperio comercial mientras navegas por la din\u00e1mica de la comunidad. Utiliza todas las herramientas a tu disposici\u00f3n para expandir tu negocio, pero ten cuidado: un crecimiento r\u00e1pido podr\u00eda irritar a algunos miembros de esta comunidad tan unida. \u00bfBuscar\u00e1s beneficios sin fin o encontrar\u00e1s la forma de beneficiar a todos los habitantes de Blomkest?<\/p>\n<ul>\n<li class=\"a-spacing-mini\"><span class=\"a-list-item\"> Una c\u00e1lida bienvenida a Blomkest Tu t\u00eda te ha invitado a regentar la tienda local, &#8216;Discounty&#8217;, en la destartalada ciudad portuaria de Blomkest. Pero cuidado, no todo el mundo quiere que tengas \u00e9xito. <\/span><\/li>\n<li class=\"a-spacing-mini\"><span class=\"a-list-item\"> Haz amigos (o enemigos para toda la vida) Explora Blomkest fuera del horario comercial y conoce a sus habitantes. Convi\u00e9rtelos en fieles clientes de Discounty y descubre los secretos ocultos de la ciudad. <\/span><\/li>\n<li class=\"a-spacing-mini\"><span class=\"a-list-item\"> Dise\u00f1a y decora tu propia tienda Crea una tienda llamativa y eficiente reorganizando las estanter\u00edas y los productos. Dise\u00f1a pasillos acogedores para facilitar la navegaci\u00f3n y a\u00f1ade decoraciones para animar las compras. <\/span><\/li>\n<li class=\"a-spacing-mini\"><span class=\"a-list-item\"> Llega a acuerdos comerciales con los lugare\u00f1os Los blomkestianos no ven con buenos ojos a los reci\u00e9n llegados. G\u00e1nate la confianza de los fabricantes, llega a acuerdos comerciales y vende especialidades locales para aumentar los beneficios de Discounty. <\/span><\/li>\n<li class=\"a-spacing-mini\"><span class=\"a-list-item\"> Haz malabarismos con las responsabilidades de un tendero Mant\u00e9n las estanter\u00edas llenas, el suelo limpio y el almac\u00e9n organizado. Recoge las compras de los clientes para que est\u00e9n contentos. A nadie le gusta esperar&#8230; <\/span><\/li>\n<li class=\"a-spacing-mini\"><span class=\"a-list-item\"> Convierte tu supermercado en un imperio Cuando los beneficios se disparen, \u00a1reinvierte y crece! Ampl\u00eda tu tienda para almacenar m\u00e1s productos y an\u00fanciala por toda la ciudad. <\/span><\/li>\n<li class=\"a-spacing-mini\"><span class=\"a-list-item\"> Personaliza a tu tendero Elige tu aspecto, tu ropa y un nombre que refleje tu estilo \u00fanico. Tu sabia t\u00eda siempre te reconocer\u00e1, sea cual sea el disfraz que elijas. <\/span><\/li>\n<\/ul>","protected":false},"excerpt":{"rendered":"<p>Si desea im\u00e1genes adicionales del producto, puede solicitarlas desde el formulario de contacto o en el email kaototienda@gmail.com Gestiona tu propio supermercado, explora la unida comunidad de Blomkest, forja amistades o crea enemigos mientras descubres los secretos de la ciudad en este acogedor juego de rol de simulaci\u00f3n de gesti\u00f3n. Ad\u00e9ntrate en la peculiar ciudad [&hellip;]<\/p>\n","protected":false},"featured_media":27034,"template":"","meta":{"ocean_post_layout":"","ocean_both_sidebars_style":"","ocean_both_sidebars_content_width":0,"ocean_both_sidebars_sidebars_width":0,"ocean_sidebar":"","ocean_second_sidebar":"","ocean_disable_margins":"enable","ocean_add_body_class":"","ocean_shortcode_before_top_bar":"","ocean_shortcode_after_top_bar":"","ocean_shortcode_before_header":"","ocean_shortcode_after_header":"","ocean_has_shortcode":"","ocean_shortcode_after_title":"","ocean_shortcode_before_footer_widgets":"","ocean_shortcode_after_footer_widgets":"","ocean_shortcode_before_footer_bottom":"","ocean_shortcode_after_footer_bottom":"","ocean_display_top_bar":"default","ocean_display_header":"default","ocean_header_style":"","ocean_center_header_left_menu":"","ocean_custom_header_template":"","ocean_custom_logo":0,"ocean_custom_retina_logo":0,"ocean_custom_logo_max_width":0,"ocean_custom_logo_tablet_max_width":0,"ocean_custom_logo_mobile_max_width":0,"ocean_custom_logo_max_height":0,"ocean_custom_logo_tablet_max_height":0,"ocean_custom_logo_mobile_max_height":0,"ocean_header_custom_menu":"","ocean_menu_typo_font_family":"","ocean_menu_typo_font_subset":"","ocean_menu_typo_font_size":0,"ocean_menu_typo_font_size_tablet":0,"ocean_menu_typo_font_size_mobile":0,"ocean_menu_typo_font_size_unit":"px","ocean_menu_typo_font_weight":"","ocean_menu_typo_font_weight_tablet":"","ocean_menu_typo_font_weight_mobile":"","ocean_menu_typo_transform":"","ocean_menu_typo_transform_tablet":"","ocean_menu_typo_transform_mobile":"","ocean_menu_typo_line_height":0,"ocean_menu_typo_line_height_tablet":0,"ocean_menu_typo_line_height_mobile":0,"ocean_menu_typo_line_height_unit":"","ocean_menu_typo_spacing":0,"ocean_menu_typo_spacing_tablet":0,"ocean_menu_typo_spacing_mobile":0,"ocean_menu_typo_spacing_unit":"","ocean_menu_link_color":"","ocean_menu_link_color_hover":"","ocean_menu_link_color_active":"","ocean_menu_link_background":"","ocean_menu_link_hover_background":"","ocean_menu_link_active_background":"","ocean_menu_social_links_bg":"","ocean_menu_social_hover_links_bg":"","ocean_menu_social_links_color":"","ocean_menu_social_hover_links_color":"","ocean_disable_title":"default","ocean_disable_heading":"default","ocean_post_title":"","ocean_post_subheading":"","ocean_post_title_style":"","ocean_post_title_background_color":"","ocean_post_title_background":0,"ocean_post_title_bg_image_position":"","ocean_post_title_bg_image_attachment":"","ocean_post_title_bg_image_repeat":"","ocean_post_title_bg_image_size":"","ocean_post_title_height":0,"ocean_post_title_bg_overlay":0.5,"ocean_post_title_bg_overlay_color":"","ocean_disable_breadcrumbs":"default","ocean_breadcrumbs_color":"","ocean_breadcrumbs_separator_color":"","ocean_breadcrumbs_links_color":"","ocean_breadcrumbs_links_hover_color":"","ocean_display_footer_widgets":"default","ocean_display_footer_bottom":"default","ocean_custom_footer_template":""},"product_brand":[],"product_cat":[15],"product_tag":[],"class_list":{"0":"post-27031","1":"product","2":"type-product","3":"status-publish","4":"has-post-thumbnail","6":"product_cat-sin-categorizar","8":"entry","9":"has-media","11":"first","12":"instock","13":"taxable","14":"shipping-taxable","15":"purchasable","16":"product-type-simple","17":"col","18":"span_1_of_3","19":"owp-content-center","20":"owp-thumbs-layout-horizontal","21":"owp-btn-normal","22":"owp-tabs-layout-horizontal"},"aioseo_notices":[],"_links":{"self":[{"href":"https:\/\/kaotostore.com\/en\/wp-json\/wp\/v2\/product\/27031","targetHints":{"allow":["GET"]}}],"collection":[{"href":"https:\/\/kaotostore.com\/en\/wp-json\/wp\/v2\/product"}],"about":[{"href":"https:\/\/kaotostore.com\/en\/wp-json\/wp\/v2\/types\/product"}],"wp:featuredmedia":[{"embeddable":true,"href":"https:\/\/kaotostore.com\/en\/wp-json\/wp\/v2\/media\/27034"}],"wp:attachment":[{"href":"https:\/\/kaotostore.com\/en\/wp-json\/wp\/v2\/media?parent=27031"}],"wp:term":[{"taxonomy":"product_brand","embeddable":true,"href":"https:\/\/kaotostore.com\/en\/wp-json\/wp\/v2\/product_brand?post=27031"},{"taxonomy":"product_cat","embeddable":true,"href":"https:\/\/kaotostore.com\/en\/wp-json\/wp\/v2\/product_cat?post=27031"},{"taxonomy":"product_tag","embeddable":true,"href":"https:\/\/kaotostore.com\/en\/wp-json\/wp\/v2\/product_tag?post=27031"}],"curies":[{"name":"wp","href":"https:\/\/api.w.org\/{rel}","templated":true}]}}