{"id":26913,"date":"2026-03-23T13:17:58","date_gmt":"2026-03-23T12:17:58","guid":{"rendered":"https:\/\/kaotostore.com\/producto\/demons-of-asteborg-playstation-5\/"},"modified":"2026-04-09T12:08:59","modified_gmt":"2026-04-09T10:08:59","slug":"demons-of-asteborg-playstation-5","status":"publish","type":"product","link":"https:\/\/kaotostore.com\/en\/product\/demons-of-asteborg-playstation-5\/","title":{"rendered":"Demons of Asteborg PLAYSTATION 5"},"content":{"rendered":"<p>Hace mucho tiempo, en el <strong>Reino de Asteborg<\/strong>, estall\u00f3 una guerra que enfrent\u00f3 a humanos y demonios entre s\u00ed en una sangrienta batalla. <strong>Sagramor<\/strong>, un <strong>poderoso mercenario<\/strong>, y <strong>Mar\u00eda<\/strong>, una<strong> hechicera con magia de lucha<\/strong>, unieron fuerzas para derrotar al ej\u00e9rcito demon\u00edaco.<\/p>\n<p>Sagramor encontr\u00f3 una manera de encerrar a los demonios en una dimensi\u00f3n alternativa, a costa de su propia vida. Su sacrificio le vali\u00f3 el t\u00edtulo de <strong>Leyenda de Asteborg<\/strong>. Poco antes del final de la guerra, Mar\u00eda dio a luz a un ni\u00f1o llamado Gareth.<\/p>\n<p>Gareth fue entonces acogido en el orfanato real y Bohort, el l\u00edder de las tropas armadas, vio en \u00e9l un potencial inestimable. Lo entren\u00f3 desde peque\u00f1o para convertirlo en un guerrero formidable.<\/p>\n<p>D\u00e9cadas m\u00e1s tarde, <strong>Zadimus<\/strong>, el ex l\u00edder de los Demonios, que sobrevivi\u00f3 a la gran guerra, encontr\u00f3 una manera de reabrir el portal a la dimensi\u00f3n paralela para liberar a sus compa\u00f1eros Demonios y declarar la guerra a los humanos para recuperar el Reino de Ast\u00e9borg.<\/p>\n<p>Como <strong>Gareth<\/strong>, ahora guardia real de Asteborg, emprender\u00e1s una aventura, desafiando las tierras del reino y sus peligrosas tierras pobladas por monstruos sedientos de sangre.<\/p>\n<p><strong>Caracter\u00edsticas:<\/strong><br \/>\u00a0<\/p>\n<ul>\n<li>Excelentes referencias a videojuegos antiguos<\/li>\n<li>4 personajes jugables durante la misi\u00f3n<\/li>\n<li>Compra de mejoras para los personajes<\/li>\n<li>Gran durabilidad<\/li>\n<\/ul>","protected":false},"excerpt":{"rendered":"<p>Hace mucho tiempo, en el Reino de Asteborg, estall\u00f3 una guerra que enfrent\u00f3 a humanos y demonios entre s\u00ed en una sangrienta batalla. Sagramor, un poderoso mercenario, y Mar\u00eda, una hechicera con magia de lucha, unieron fuerzas para derrotar al ej\u00e9rcito demon\u00edaco. Sagramor encontr\u00f3 una manera de encerrar a los demonios en una dimensi\u00f3n alternativa, [&hellip;]<\/p>\n","protected":false},"featured_media":7586,"template":"","meta":{"ocean_post_layout":"","ocean_both_sidebars_style":"","ocean_both_sidebars_content_width":0,"ocean_both_sidebars_sidebars_width":0,"ocean_sidebar":"","ocean_second_sidebar":"","ocean_disable_margins":"enable","ocean_add_body_class":"","ocean_shortcode_before_top_bar":"","ocean_shortcode_after_top_bar":"","ocean_shortcode_before_header":"","ocean_shortcode_after_header":"","ocean_has_shortcode":"","ocean_shortcode_after_title":"","ocean_shortcode_before_footer_widgets":"","ocean_shortcode_after_footer_widgets":"","ocean_shortcode_before_footer_bottom":"","ocean_shortcode_after_footer_bottom":"","ocean_display_top_bar":"default","ocean_display_header":"default","ocean_header_style":"","ocean_center_header_left_menu":"","ocean_custom_header_template":"","ocean_custom_logo":0,"ocean_custom_retina_logo":0,"ocean_custom_logo_max_width":0,"ocean_custom_logo_tablet_max_width":0,"ocean_custom_logo_mobile_max_width":0,"ocean_custom_logo_max_height":0,"ocean_custom_logo_tablet_max_height":0,"ocean_custom_logo_mobile_max_height":0,"ocean_header_custom_menu":"","ocean_menu_typo_font_family":"","ocean_menu_typo_font_subset":"","ocean_menu_typo_font_size":0,"ocean_menu_typo_font_size_tablet":0,"ocean_menu_typo_font_size_mobile":0,"ocean_menu_typo_font_size_unit":"px","ocean_menu_typo_font_weight":"","ocean_menu_typo_font_weight_tablet":"","ocean_menu_typo_font_weight_mobile":"","ocean_menu_typo_transform":"","ocean_menu_typo_transform_tablet":"","ocean_menu_typo_transform_mobile":"","ocean_menu_typo_line_height":0,"ocean_menu_typo_line_height_tablet":0,"ocean_menu_typo_line_height_mobile":0,"ocean_menu_typo_line_height_unit":"","ocean_menu_typo_spacing":0,"ocean_menu_typo_spacing_tablet":0,"ocean_menu_typo_spacing_mobile":0,"ocean_menu_typo_spacing_unit":"","ocean_menu_link_color":"","ocean_menu_link_color_hover":"","ocean_menu_link_color_active":"","ocean_menu_link_background":"","ocean_menu_link_hover_background":"","ocean_menu_link_active_background":"","ocean_menu_social_links_bg":"","ocean_menu_social_hover_links_bg":"","ocean_menu_social_links_color":"","ocean_menu_social_hover_links_color":"","ocean_disable_title":"default","ocean_disable_heading":"default","ocean_post_title":"","ocean_post_subheading":"","ocean_post_title_style":"","ocean_post_title_background_color":"","ocean_post_title_background":0,"ocean_post_title_bg_image_position":"","ocean_post_title_bg_image_attachment":"","ocean_post_title_bg_image_repeat":"","ocean_post_title_bg_image_size":"","ocean_post_title_height":0,"ocean_post_title_bg_overlay":0.5,"ocean_post_title_bg_overlay_color":"","ocean_disable_breadcrumbs":"default","ocean_breadcrumbs_color":"","ocean_breadcrumbs_separator_color":"","ocean_breadcrumbs_links_color":"","ocean_breadcrumbs_links_hover_color":"","ocean_display_footer_widgets":"default","ocean_display_footer_bottom":"default","ocean_custom_footer_template":""},"product_brand":[],"product_cat":[98,108,128],"product_tag":[],"class_list":{"0":"post-26913","1":"product","2":"type-product","3":"status-publish","4":"has-post-thumbnail","6":"product_cat-novedades","7":"product_cat-playstation-5","8":"product_cat-ultimas-entradas","10":"entry","11":"has-media","13":"first","14":"instock","15":"taxable","16":"shipping-taxable","17":"purchasable","18":"product-type-simple","19":"col","20":"span_1_of_3","21":"owp-content-center","22":"owp-thumbs-layout-horizontal","23":"owp-btn-normal","24":"owp-tabs-layout-horizontal"},"aioseo_notices":[],"_links":{"self":[{"href":"https:\/\/kaotostore.com\/en\/wp-json\/wp\/v2\/product\/26913","targetHints":{"allow":["GET"]}}],"collection":[{"href":"https:\/\/kaotostore.com\/en\/wp-json\/wp\/v2\/product"}],"about":[{"href":"https:\/\/kaotostore.com\/en\/wp-json\/wp\/v2\/types\/product"}],"wp:featuredmedia":[{"embeddable":true,"href":"https:\/\/kaotostore.com\/en\/wp-json\/wp\/v2\/media\/7586"}],"wp:attachment":[{"href":"https:\/\/kaotostore.com\/en\/wp-json\/wp\/v2\/media?parent=26913"}],"wp:term":[{"taxonomy":"product_brand","embeddable":true,"href":"https:\/\/kaotostore.com\/en\/wp-json\/wp\/v2\/product_brand?post=26913"},{"taxonomy":"product_cat","embeddable":true,"href":"https:\/\/kaotostore.com\/en\/wp-json\/wp\/v2\/product_cat?post=26913"},{"taxonomy":"product_tag","embeddable":true,"href":"https:\/\/kaotostore.com\/en\/wp-json\/wp\/v2\/product_tag?post=26913"}],"curies":[{"name":"wp","href":"https:\/\/api.w.org\/{rel}","templated":true}]}}