{"id":26891,"date":"2026-03-23T13:17:35","date_gmt":"2026-03-23T12:17:35","guid":{"rendered":"https:\/\/kaotostore.com\/producto\/deathloop-playstation-5\/"},"modified":"2026-04-08T17:11:27","modified_gmt":"2026-04-08T15:11:27","slug":"deathloop-playstation-5","status":"publish","type":"product","link":"https:\/\/kaotostore.com\/en\/product\/deathloop-playstation-5\/","title":{"rendered":"Deathloop PLAYSTATION 5"},"content":{"rendered":"<p><span style=\"font-size: 14px;\">Deathloop es un innovador shooter en primera persona que se lanzar\u00e1 exclusivamente para PlayStation 5 y PC de la mano de Arkane Lyon, el galardonado estudio que desarroll\u00f3 la saga Dishonored. Esta nueva propiedad intelectual se mantendr\u00e1 fiel al estilo de Arkane, que desaf\u00eda a los jugadores a afrontar el juego a su manera. Colt, el protagonista, est\u00e1 atrapado en un bucle temporal en la enigm\u00e1tica isla de Blackreef, condenado a vivir el mismo d\u00eda durante toda la eternidad. La \u00fanica forma de escapar es destruir el bucle, para lo cual tendr\u00e1 que ir descubriendo informaci\u00f3n y asesinar a ocho objetivos clave antes de que el d\u00eda se reinicie. Sin embargo, en las sombras aguarda Julianna, una asesina rival equipada con habilidades y armas igualmente poderosas y cuya misi\u00f3n es proteger el bucle, asesinar a Colt y reiniciar el ciclo. Los jugadores tambi\u00e9n tendr\u00e1n la opci\u00f3n de ponerse en la piel de Julianna, lo que convertir\u00e1 Deathloop en una letal danza entre cazador y presa.<\/span><\/p>","protected":false},"excerpt":{"rendered":"<p>Deathloop es un innovador shooter en primera persona que se lanzar\u00e1 exclusivamente para PlayStation 5 y PC de la mano de Arkane Lyon, el galardonado estudio que desarroll\u00f3 la saga Dishonored. Esta nueva propiedad intelectual se mantendr\u00e1 fiel al estilo de Arkane, que desaf\u00eda a los jugadores a afrontar el juego a su manera. Colt, [&hellip;]<\/p>\n","protected":false},"featured_media":7541,"template":"","meta":{"ocean_post_layout":"","ocean_both_sidebars_style":"","ocean_both_sidebars_content_width":0,"ocean_both_sidebars_sidebars_width":0,"ocean_sidebar":"","ocean_second_sidebar":"","ocean_disable_margins":"enable","ocean_add_body_class":"","ocean_shortcode_before_top_bar":"","ocean_shortcode_after_top_bar":"","ocean_shortcode_before_header":"","ocean_shortcode_after_header":"","ocean_has_shortcode":"","ocean_shortcode_after_title":"","ocean_shortcode_before_footer_widgets":"","ocean_shortcode_after_footer_widgets":"","ocean_shortcode_before_footer_bottom":"","ocean_shortcode_after_footer_bottom":"","ocean_display_top_bar":"default","ocean_display_header":"default","ocean_header_style":"","ocean_center_header_left_menu":"","ocean_custom_header_template":"","ocean_custom_logo":0,"ocean_custom_retina_logo":0,"ocean_custom_logo_max_width":0,"ocean_custom_logo_tablet_max_width":0,"ocean_custom_logo_mobile_max_width":0,"ocean_custom_logo_max_height":0,"ocean_custom_logo_tablet_max_height":0,"ocean_custom_logo_mobile_max_height":0,"ocean_header_custom_menu":"","ocean_menu_typo_font_family":"","ocean_menu_typo_font_subset":"","ocean_menu_typo_font_size":0,"ocean_menu_typo_font_size_tablet":0,"ocean_menu_typo_font_size_mobile":0,"ocean_menu_typo_font_size_unit":"px","ocean_menu_typo_font_weight":"","ocean_menu_typo_font_weight_tablet":"","ocean_menu_typo_font_weight_mobile":"","ocean_menu_typo_transform":"","ocean_menu_typo_transform_tablet":"","ocean_menu_typo_transform_mobile":"","ocean_menu_typo_line_height":0,"ocean_menu_typo_line_height_tablet":0,"ocean_menu_typo_line_height_mobile":0,"ocean_menu_typo_line_height_unit":"","ocean_menu_typo_spacing":0,"ocean_menu_typo_spacing_tablet":0,"ocean_menu_typo_spacing_mobile":0,"ocean_menu_typo_spacing_unit":"","ocean_menu_link_color":"","ocean_menu_link_color_hover":"","ocean_menu_link_color_active":"","ocean_menu_link_background":"","ocean_menu_link_hover_background":"","ocean_menu_link_active_background":"","ocean_menu_social_links_bg":"","ocean_menu_social_hover_links_bg":"","ocean_menu_social_links_color":"","ocean_menu_social_hover_links_color":"","ocean_disable_title":"default","ocean_disable_heading":"default","ocean_post_title":"","ocean_post_subheading":"","ocean_post_title_style":"","ocean_post_title_background_color":"","ocean_post_title_background":0,"ocean_post_title_bg_image_position":"","ocean_post_title_bg_image_attachment":"","ocean_post_title_bg_image_repeat":"","ocean_post_title_bg_image_size":"","ocean_post_title_height":0,"ocean_post_title_bg_overlay":0.5,"ocean_post_title_bg_overlay_color":"","ocean_disable_breadcrumbs":"default","ocean_breadcrumbs_color":"","ocean_breadcrumbs_separator_color":"","ocean_breadcrumbs_links_color":"","ocean_breadcrumbs_links_hover_color":"","ocean_display_footer_widgets":"default","ocean_display_footer_bottom":"default","ocean_custom_footer_template":""},"product_brand":[],"product_cat":[108],"product_tag":[],"class_list":{"0":"post-26891","1":"product","2":"type-product","3":"status-publish","4":"has-post-thumbnail","6":"product_cat-playstation-5","8":"entry","9":"has-media","11":"first","12":"instock","13":"taxable","14":"shipping-taxable","15":"purchasable","16":"product-type-variable","17":"col","18":"span_1_of_3","19":"owp-content-center","20":"owp-thumbs-layout-horizontal","21":"owp-btn-normal","22":"owp-tabs-layout-horizontal","23":"has-no-thumbnails"},"aioseo_notices":[],"_links":{"self":[{"href":"https:\/\/kaotostore.com\/en\/wp-json\/wp\/v2\/product\/26891","targetHints":{"allow":["GET"]}}],"collection":[{"href":"https:\/\/kaotostore.com\/en\/wp-json\/wp\/v2\/product"}],"about":[{"href":"https:\/\/kaotostore.com\/en\/wp-json\/wp\/v2\/types\/product"}],"wp:featuredmedia":[{"embeddable":true,"href":"https:\/\/kaotostore.com\/en\/wp-json\/wp\/v2\/media\/7541"}],"wp:attachment":[{"href":"https:\/\/kaotostore.com\/en\/wp-json\/wp\/v2\/media?parent=26891"}],"wp:term":[{"taxonomy":"product_brand","embeddable":true,"href":"https:\/\/kaotostore.com\/en\/wp-json\/wp\/v2\/product_brand?post=26891"},{"taxonomy":"product_cat","embeddable":true,"href":"https:\/\/kaotostore.com\/en\/wp-json\/wp\/v2\/product_cat?post=26891"},{"taxonomy":"product_tag","embeddable":true,"href":"https:\/\/kaotostore.com\/en\/wp-json\/wp\/v2\/product_tag?post=26891"}],"curies":[{"name":"wp","href":"https:\/\/api.w.org\/{rel}","templated":true}]}}