{"id":26880,"date":"2026-03-23T13:17:25","date_gmt":"2026-03-23T12:17:25","guid":{"rendered":"https:\/\/kaotostore.com\/producto\/deadpool-playstation-3-importacion-americana\/"},"modified":"2026-05-08T00:29:41","modified_gmt":"2026-05-07T22:29:41","slug":"deadpool-playstation-3-importacion-americana","status":"publish","type":"product","link":"https:\/\/kaotostore.com\/en\/product\/deadpool-playstation-3-importacion-americana\/","title":{"rendered":"Deadpool PLAYSTATION 3 (Importaci\u00f3n americana)"},"content":{"rendered":"<p><strong><span style=\"color: rgb(255, 5, 5);\">Si desea im\u00e1genes adicionales del producto, puede solicitarlas desde el formulario de contacto o en el email kaototienda@gmail.com<\/span><\/strong><\/p>\n<p>\u00a0<\/p>\n<p><strong>-Juego en castellano<\/strong><\/p>\n<p>\u00a0<\/p>\n<div>\n<p><em><strong>Masacre <\/strong><\/em>es un juego de acci\u00f3n protagonizado por el popular personaje de Marvel, Deadpool (conocido como Masacre en Espa\u00f1a). Enfundado en su traje rojo y negro, Masacre (en ingl\u00e9s Deadpool) es un personaje de c\u00f3mic creado a principios de los a\u00f1os noventa. Se trata de un individuo mentalmente inestable, con un don de curaci\u00f3n r\u00e1pida de sus heridas y con mucho sentido del humor.<\/p>\n<p>Es muy frecuente que sus comentarios derriben lo que se conoce como &#8216;la cuarta pared&#8217; es decir, la frontera entre la ficci\u00f3n y la realidad, de forma que se dirige directamente a su p\u00fablico hablando maravillas de s\u00ed mismo y ri\u00e9ndose de otros superh\u00e9roes. No estamos ante un h\u00e9roe cl\u00e1sico sino ante un &#8216;mercenario bocazas&#8217;.<\/p>\n<p>Los jugadores podr\u00e1n contar con los elementos que caracterizan a <em><strong>Masacre<\/strong><\/em> en el mundo del c\u00f3mic &#8211; katanas, grandes armas, chicas explosivas y algunos cameos de otros personajes de Marvel. Se trata de un videojuego de acci\u00f3n en tercera persona en el que se refleja la alocada personalidad de Masacre mientras se ofrecen diferentes opciones de combate en forma de combos, habilidades especiales, y combinaciones de armas tanto de fuego como cuerpo a cuerpo.<\/p>\n<\/div>\n<p><!----><\/p>","protected":false},"excerpt":{"rendered":"<p>Si desea im\u00e1genes adicionales del producto, puede solicitarlas desde el formulario de contacto o en el email kaototienda@gmail.com \u00a0 -Juego en castellano \u00a0 Masacre es un juego de acci\u00f3n protagonizado por el popular personaje de Marvel, Deadpool (conocido como Masacre en Espa\u00f1a). Enfundado en su traje rojo y negro, Masacre (en ingl\u00e9s Deadpool) es un [&hellip;]<\/p>\n","protected":false},"featured_media":7527,"template":"","meta":{"ocean_post_layout":"","ocean_both_sidebars_style":"","ocean_both_sidebars_content_width":0,"ocean_both_sidebars_sidebars_width":0,"ocean_sidebar":"","ocean_second_sidebar":"","ocean_disable_margins":"enable","ocean_add_body_class":"","ocean_shortcode_before_top_bar":"","ocean_shortcode_after_top_bar":"","ocean_shortcode_before_header":"","ocean_shortcode_after_header":"","ocean_has_shortcode":"","ocean_shortcode_after_title":"","ocean_shortcode_before_footer_widgets":"","ocean_shortcode_after_footer_widgets":"","ocean_shortcode_before_footer_bottom":"","ocean_shortcode_after_footer_bottom":"","ocean_display_top_bar":"default","ocean_display_header":"default","ocean_header_style":"","ocean_center_header_left_menu":"","ocean_custom_header_template":"","ocean_custom_logo":0,"ocean_custom_retina_logo":0,"ocean_custom_logo_max_width":0,"ocean_custom_logo_tablet_max_width":0,"ocean_custom_logo_mobile_max_width":0,"ocean_custom_logo_max_height":0,"ocean_custom_logo_tablet_max_height":0,"ocean_custom_logo_mobile_max_height":0,"ocean_header_custom_menu":"","ocean_menu_typo_font_family":"","ocean_menu_typo_font_subset":"","ocean_menu_typo_font_size":0,"ocean_menu_typo_font_size_tablet":0,"ocean_menu_typo_font_size_mobile":0,"ocean_menu_typo_font_size_unit":"px","ocean_menu_typo_font_weight":"","ocean_menu_typo_font_weight_tablet":"","ocean_menu_typo_font_weight_mobile":"","ocean_menu_typo_transform":"","ocean_menu_typo_transform_tablet":"","ocean_menu_typo_transform_mobile":"","ocean_menu_typo_line_height":0,"ocean_menu_typo_line_height_tablet":0,"ocean_menu_typo_line_height_mobile":0,"ocean_menu_typo_line_height_unit":"","ocean_menu_typo_spacing":0,"ocean_menu_typo_spacing_tablet":0,"ocean_menu_typo_spacing_mobile":0,"ocean_menu_typo_spacing_unit":"","ocean_menu_link_color":"","ocean_menu_link_color_hover":"","ocean_menu_link_color_active":"","ocean_menu_link_background":"","ocean_menu_link_hover_background":"","ocean_menu_link_active_background":"","ocean_menu_social_links_bg":"","ocean_menu_social_hover_links_bg":"","ocean_menu_social_links_color":"","ocean_menu_social_hover_links_color":"","ocean_disable_title":"default","ocean_disable_heading":"default","ocean_post_title":"","ocean_post_subheading":"","ocean_post_title_style":"","ocean_post_title_background_color":"","ocean_post_title_background":0,"ocean_post_title_bg_image_position":"","ocean_post_title_bg_image_attachment":"","ocean_post_title_bg_image_repeat":"","ocean_post_title_bg_image_size":"","ocean_post_title_height":0,"ocean_post_title_bg_overlay":0.5,"ocean_post_title_bg_overlay_color":"","ocean_disable_breadcrumbs":"default","ocean_breadcrumbs_color":"","ocean_breadcrumbs_separator_color":"","ocean_breadcrumbs_links_color":"","ocean_breadcrumbs_links_hover_color":"","ocean_display_footer_widgets":"default","ocean_display_footer_bottom":"default","ocean_custom_footer_template":""},"product_brand":[],"product_cat":[106,128],"product_tag":[],"class_list":{"0":"post-26880","1":"product","2":"type-product","3":"status-publish","4":"has-post-thumbnail","6":"product_cat-playstation-3","7":"product_cat-ultimas-entradas","9":"entry","10":"has-media","12":"first","13":"instock","14":"taxable","15":"shipping-taxable","16":"purchasable","17":"product-type-simple","18":"col","19":"span_1_of_3","20":"owp-content-center","21":"owp-thumbs-layout-horizontal","22":"owp-btn-normal","23":"owp-tabs-layout-horizontal","24":"has-no-thumbnails"},"aioseo_notices":[],"_links":{"self":[{"href":"https:\/\/kaotostore.com\/en\/wp-json\/wp\/v2\/product\/26880","targetHints":{"allow":["GET"]}}],"collection":[{"href":"https:\/\/kaotostore.com\/en\/wp-json\/wp\/v2\/product"}],"about":[{"href":"https:\/\/kaotostore.com\/en\/wp-json\/wp\/v2\/types\/product"}],"wp:featuredmedia":[{"embeddable":true,"href":"https:\/\/kaotostore.com\/en\/wp-json\/wp\/v2\/media\/7527"}],"wp:attachment":[{"href":"https:\/\/kaotostore.com\/en\/wp-json\/wp\/v2\/media?parent=26880"}],"wp:term":[{"taxonomy":"product_brand","embeddable":true,"href":"https:\/\/kaotostore.com\/en\/wp-json\/wp\/v2\/product_brand?post=26880"},{"taxonomy":"product_cat","embeddable":true,"href":"https:\/\/kaotostore.com\/en\/wp-json\/wp\/v2\/product_cat?post=26880"},{"taxonomy":"product_tag","embeddable":true,"href":"https:\/\/kaotostore.com\/en\/wp-json\/wp\/v2\/product_tag?post=26880"}],"curies":[{"name":"wp","href":"https:\/\/api.w.org\/{rel}","templated":true}]}}