{"id":26862,"date":"2026-03-23T13:17:02","date_gmt":"2026-03-23T12:17:02","guid":{"rendered":"https:\/\/kaotostore.com\/producto\/dead-rising-3-xbox-one\/"},"modified":"2026-04-09T12:09:04","modified_gmt":"2026-04-09T10:09:04","slug":"dead-rising-3-xbox-one","status":"publish","type":"product","link":"https:\/\/kaotostore.com\/en\/product\/dead-rising-3-xbox-one\/","title":{"rendered":"Dead Rising 3 XBOX ONE"},"content":{"rendered":"<div>\n<p><strong><span id=\"ContentPlaceHolder1_lblSinopsis\"><span style=\"color: #ff0505;\">Si desea im\u00e1genes adicionales del producto, puede solicitarlas desde el formulario de contacto o en el email kaototienda@gmail.com<\/span><\/span><\/strong><em><strong><\/p>\n<p>Dead Rising 3<\/strong><\/em> es la tercera entrega de la saga superventas de Capcom, disponible en exclusiva para Xbox One. Situado 10 a\u00f1os despu\u00e9s de los acontecimientos de Dead Rising 2 en Fortune City, en esta ocasi\u00f3n tomaremos el control de Nick Ramos, un joven mec\u00e1nico con un extra\u00f1o tatuaje y un misterioso pasado, que debe encontrar la manera de escapar de una ciudad infestada de miles de zombies sedientos de sangre antes de que una ataque a\u00e9reo militar borre del mapa la ciudad de Los Perdidos, California, erradicando la amenaza zombi\u2026 y a los escasos supervivientes.<\/p>\n<p>Pero Nick no podr\u00e1 hacerlo solo, tendr\u00e1 que unir fuerzas con otros supervivientes de la cat\u00e1strofe para abrirse camino fuera de la ciudad antes de que sea demasiado tarde. <em><strong>Dead Rising 3<\/strong><\/em> ofrece un enorme mapeado de mundo abierto, acci\u00f3n fren\u00e9tica e incre\u00edbles niveles de personalizaci\u00f3n y creaci\u00f3n de armas, convirti\u00e9ndose en la nueva referencia del g\u00e9nero Zombie.<\/p>\n<h4>Caracter\u00edsticas:<\/h4>\n<ul>\n<li><strong>M\u00e1s zombies que nunca &#8211; <\/strong> enfr\u00e9ntate a la abrumadora horda zombie, compuesta de multitud de tipos de zombies, dotados de una gran IA y comportamiento grupal, que te obligar\u00e1n a desarrollar nuevas habilidades de lucha y a buscar formas creativas de abrirte paso y seguir con vida.<\/li>\n<li><strong>Una nueva ciudad, un enorme mundo abierto &#8211; <\/strong> gracias a la potencia de Xbox One, explora la enorme ciudad de Los Perdidos sin tiempos de carga, con un grado de detalle sin precedentes y con cientos de enemigos en pantalla.<\/li>\n<li><strong>Todo puede ser un arma &#8211; <\/strong> crea tus propias armas de destrucci\u00f3n zombie encontrando y combinando cientos de objetos y potenciales armas.<\/li>\n<li><strong>Accesible, pero dif\u00edcil de dominar &#8211; <\/strong> explora la ciudad de Los Perdidos a tu propio ritmo, sin restricciones de tiempo y con un sistema de guardado de partidas simplificado. Y si eres un veterano de la saga, prueba el Modo Pesadilla para activar la cuenta atr\u00e1s, limitar los puntos de guardado y enfrentarte a zombies m\u00e1s duros.<\/li>\n<li><strong>Acci\u00f3n cooperativa &#8211; <\/strong> <em><strong>Dead Rising 3<\/strong><\/em> permite unir fuerzas con un amigo a trav\u00e9s de Xbox Live para desatar el caos zombie definitivo, con matchmaking as\u00edncrono que permitir\u00e1 unirse o dejar la partida en cualquier momento. Tu amigo no solo te ayudara en tu avance, sino que tambi\u00e9n contribuir\u00e1 a la progresi\u00f3n de su propia historia y ganar\u00e1 puntos de experiencia que podr\u00e1 utilizar en su partida.<\/li>\n<li><strong>Plena integraci\u00f3n de SmartGlass &#8211; <\/strong> utiliza tu dispositivo con Xbox SmartGlass para tener acceso a misiones exclusivas, nuevas armas, apoyo militar como ataques a\u00e9reos y mucho m\u00e1s.<\/li>\n<li><strong>Kinect de nueva generaci\u00f3n &#8211; <\/strong> gracias a la avanzada tecnolog\u00eda de Kinect, los zombies podr\u00e1n escuchar los sonidos de tu habitaci\u00f3n y responder a sonidos con los que podr\u00e1s despistarlos para una experiencia a\u00fan m\u00e1s inmersiva. Usa movimientos de tu cuerpo para desembarazarte de los zombies cuando te agarren, comandos de voz para dar \u00f3rdenes a otros supervivientes e incluso para burlarte de tus enemigos.<\/li>\n<\/ul>\n<\/div>\n<p>&nbsp;<\/p>","protected":false},"excerpt":{"rendered":"<p>Si desea im\u00e1genes adicionales del producto, puede solicitarlas desde el formulario de contacto o en el email kaototienda@gmail.com Dead Rising 3 es la tercera entrega de la saga superventas de Capcom, disponible en exclusiva para Xbox One. Situado 10 a\u00f1os despu\u00e9s de los acontecimientos de Dead Rising 2 en Fortune City, en esta ocasi\u00f3n tomaremos [&hellip;]<\/p>\n","protected":false},"featured_media":7494,"template":"","meta":{"ocean_post_layout":"","ocean_both_sidebars_style":"","ocean_both_sidebars_content_width":0,"ocean_both_sidebars_sidebars_width":0,"ocean_sidebar":"0","ocean_second_sidebar":"0","ocean_disable_margins":"enable","ocean_add_body_class":"","ocean_shortcode_before_top_bar":"","ocean_shortcode_after_top_bar":"","ocean_shortcode_before_header":"","ocean_shortcode_after_header":"","ocean_has_shortcode":"","ocean_shortcode_after_title":"","ocean_shortcode_before_footer_widgets":"","ocean_shortcode_after_footer_widgets":"","ocean_shortcode_before_footer_bottom":"","ocean_shortcode_after_footer_bottom":"","ocean_display_top_bar":"default","ocean_display_header":"default","ocean_header_style":"","ocean_center_header_left_menu":"0","ocean_custom_header_template":"0","ocean_custom_logo":0,"ocean_custom_retina_logo":0,"ocean_custom_logo_max_width":0,"ocean_custom_logo_tablet_max_width":0,"ocean_custom_logo_mobile_max_width":0,"ocean_custom_logo_max_height":0,"ocean_custom_logo_tablet_max_height":0,"ocean_custom_logo_mobile_max_height":0,"ocean_header_custom_menu":"0","ocean_menu_typo_font_family":"0","ocean_menu_typo_font_subset":"","ocean_menu_typo_font_size":0,"ocean_menu_typo_font_size_tablet":0,"ocean_menu_typo_font_size_mobile":0,"ocean_menu_typo_font_size_unit":"px","ocean_menu_typo_font_weight":"","ocean_menu_typo_font_weight_tablet":"","ocean_menu_typo_font_weight_mobile":"","ocean_menu_typo_transform":"","ocean_menu_typo_transform_tablet":"","ocean_menu_typo_transform_mobile":"","ocean_menu_typo_line_height":0,"ocean_menu_typo_line_height_tablet":0,"ocean_menu_typo_line_height_mobile":0,"ocean_menu_typo_line_height_unit":"","ocean_menu_typo_spacing":0,"ocean_menu_typo_spacing_tablet":0,"ocean_menu_typo_spacing_mobile":0,"ocean_menu_typo_spacing_unit":"","ocean_menu_link_color":"","ocean_menu_link_color_hover":"","ocean_menu_link_color_active":"","ocean_menu_link_background":"","ocean_menu_link_hover_background":"","ocean_menu_link_active_background":"","ocean_menu_social_links_bg":"","ocean_menu_social_hover_links_bg":"","ocean_menu_social_links_color":"","ocean_menu_social_hover_links_color":"","ocean_disable_title":"default","ocean_disable_heading":"default","ocean_post_title":"","ocean_post_subheading":"","ocean_post_title_style":"","ocean_post_title_background_color":"","ocean_post_title_background":0,"ocean_post_title_bg_image_position":"","ocean_post_title_bg_image_attachment":"","ocean_post_title_bg_image_repeat":"","ocean_post_title_bg_image_size":"","ocean_post_title_height":0,"ocean_post_title_bg_overlay":0.5,"ocean_post_title_bg_overlay_color":"","ocean_disable_breadcrumbs":"default","ocean_breadcrumbs_color":"","ocean_breadcrumbs_separator_color":"","ocean_breadcrumbs_links_color":"","ocean_breadcrumbs_links_hover_color":"","ocean_display_footer_widgets":"default","ocean_display_footer_bottom":"default","ocean_custom_footer_template":"0"},"product_brand":[],"product_cat":[128,138],"product_tag":[],"class_list":{"0":"post-26862","1":"product","2":"type-product","3":"status-publish","4":"has-post-thumbnail","6":"product_cat-ultimas-entradas","7":"product_cat-xbox-one","9":"entry","10":"has-media","12":"first","13":"instock","14":"taxable","15":"shipping-taxable","16":"purchasable","17":"product-type-simple","18":"col","19":"span_1_of_3","20":"owp-content-center","21":"owp-thumbs-layout-horizontal","22":"owp-btn-normal","23":"owp-tabs-layout-horizontal","24":"has-no-thumbnails"},"aioseo_notices":[],"_links":{"self":[{"href":"https:\/\/kaotostore.com\/en\/wp-json\/wp\/v2\/product\/26862","targetHints":{"allow":["GET"]}}],"collection":[{"href":"https:\/\/kaotostore.com\/en\/wp-json\/wp\/v2\/product"}],"about":[{"href":"https:\/\/kaotostore.com\/en\/wp-json\/wp\/v2\/types\/product"}],"wp:featuredmedia":[{"embeddable":true,"href":"https:\/\/kaotostore.com\/en\/wp-json\/wp\/v2\/media\/7494"}],"wp:attachment":[{"href":"https:\/\/kaotostore.com\/en\/wp-json\/wp\/v2\/media?parent=26862"}],"wp:term":[{"taxonomy":"product_brand","embeddable":true,"href":"https:\/\/kaotostore.com\/en\/wp-json\/wp\/v2\/product_brand?post=26862"},{"taxonomy":"product_cat","embeddable":true,"href":"https:\/\/kaotostore.com\/en\/wp-json\/wp\/v2\/product_cat?post=26862"},{"taxonomy":"product_tag","embeddable":true,"href":"https:\/\/kaotostore.com\/en\/wp-json\/wp\/v2\/product_tag?post=26862"}],"curies":[{"name":"wp","href":"https:\/\/api.w.org\/{rel}","templated":true}]}}