{"id":26808,"date":"2026-03-23T13:15:59","date_gmt":"2026-03-23T12:15:59","guid":{"rendered":"https:\/\/kaotostore.com\/producto\/darkest-dungeon-ii-switch\/"},"modified":"2026-04-09T12:09:21","modified_gmt":"2026-04-09T10:09:21","slug":"darkest-dungeon-ii-switch","status":"publish","type":"product","link":"https:\/\/kaotostore.com\/en\/product\/darkest-dungeon-ii-switch\/","title":{"rendered":"Darkest Dungeon II SWITCH"},"content":{"rendered":"<p><strong>La edici\u00f3n f\u00edsica incluye:<\/strong><br \/>\u00a0<\/p>\n<ul>\n<li>Maqueta exclusiva de la diligencia: \u00a1ahora puedes tener tu veh\u00edculo maldito y exhibirlo con orgullo en tu escritorio o estanter\u00eda!<\/li>\n<li>Un c\u00f3digo de descarga para la inquietante banda sonora de Darkest Dungeon II, compuesta por el incomparable Stuart Chatwood.<\/li>\n<\/ul>\n<p><strong><span style=\"color: rgb(255, 5, 5);\">Si desea im\u00e1genes adicionales del producto, puede solicitarlas desde el formulario de contacto o en el email kaototienda@gmail.com<\/span><\/p>\n<p>Combate por turnos probado y mejorado<\/strong><br \/>Regresa el <strong>combate cl\u00e1sico de Darkest Dungeon<\/strong>, aquel que innov\u00f3 y defini\u00f3 a un g\u00e9nero entero; sin embargo, <strong>hemos mejorado y refinado desde los atributos hasta las reglas<\/strong>. El nuevo sistema de signos te ayuda a tomar decisiones importantes, a la vez que a\u00f1ade una <strong>capa de profundidad adicional a la jugabilidad<\/strong>.<\/p>\n<p><strong>H\u00e9roes inolvidables<\/strong><br \/>Descubre y <strong>rememora la historia de los tr\u00e1gicos or\u00edgenes <\/strong>de cada h\u00e9roe. Desbloquea todo su <strong>potencial con nuevas habilidades, caminos, objetos y m\u00e1s<\/strong>.<\/p>\n<p><strong>Partidas al estilo &#8220;roguelike<\/strong>&#8220;, cada una con su propia historia en desarrollo<br \/><strong>Cada expedici\u00f3n dura entre treinta minutos y varias horas<\/strong>. Incluso una partida con un <strong>final inesperado puede armarte con recursos <\/strong>que podr\u00e1s usar para <strong>mejorar en tu pr\u00f3xima traves\u00eda.<\/strong><\/p>\n<p><strong>El Altar de la Esperanza<\/strong><br \/>Aprovecha un sistema enorme de mejoras y bendiciones que te proporcionar\u00e1 nuevas estrategias con cada expedici\u00f3n. Elige los aspectos que te sean m\u00e1s importantes y planifica tus asaltos a la Monta\u00f1a.<\/p>\n<p><strong>El sistema de afinidad<\/strong><br \/>A medida que la traves\u00eda avance, los h\u00e9roes forjar\u00e1n lazos entre s\u00ed o intentar\u00e1n sacarse los ojos, lo que dar\u00e1 lugar a sinergias de combate indispensables o a disfunciones que acabar\u00e1n con el viaje. Controla su angustia y sus interacciones para mantener al equipo unido hasta el amargo desenlace.<\/p>\n<p><strong>Entornos pesadillescos<\/strong><br \/>Desde la Urbe en llamas hasta la enfermiza Hedentina, el largo camino hacia la Monta\u00f1a pondr\u00e1 a prueba tus estrategias y tu resistencia.<br \/>Explora cinco regiones distintas, cada una con sus propias criaturas y desaf\u00edos.<\/p>\n<p><strong>Un momento de paz<\/strong><br \/>Haz descansar a tus h\u00e9roes extenuados y conmocionados en la posada, donde podr\u00e1n aliviarse de la angustia e intentar mejorar sus v\u00ednculos con un surtido de delicias y distracciones.<\/p>\n<p><strong>Enfr\u00e9ntate a tus fracasos<\/strong><br \/>Viaja hasta la Monta\u00f1a y enfr\u00e9ntate a cinco terror\u00edficas manifestaciones de tus debilidades.<\/p>\n<p><strong>La evoluci\u00f3n de un estilo art\u00edstico distintivo<\/strong><br \/>El estilo art\u00edstico de Darkest Dungeon mejora sin escatimar en detalles con gr\u00e1ficos, animaciones y efectos visuales en 3D.<\/p>\n<p><strong>Un fest\u00edn para los o\u00eddos<\/strong><br \/>El equipo de sonido de Darkest Dungeon vuelve a la acci\u00f3n. Del\u00e9itate con nuevas narraciones en la voz de Wayne June, m\u00fasica in\u00e9dita compuesta por Stuart Chatwood y efectos de sonido por parte de Power Up Audio que te romper\u00e1n los huesos.<\/p>","protected":false},"excerpt":{"rendered":"<p>La edici\u00f3n f\u00edsica incluye:\u00a0 Maqueta exclusiva de la diligencia: \u00a1ahora puedes tener tu veh\u00edculo maldito y exhibirlo con orgullo en tu escritorio o estanter\u00eda! Un c\u00f3digo de descarga para la inquietante banda sonora de Darkest Dungeon II, compuesta por el incomparable Stuart Chatwood. Si desea im\u00e1genes adicionales del producto, puede solicitarlas desde el formulario de [&hellip;]<\/p>\n","protected":false},"featured_media":7378,"template":"","meta":{"ocean_post_layout":"","ocean_both_sidebars_style":"","ocean_both_sidebars_content_width":0,"ocean_both_sidebars_sidebars_width":0,"ocean_sidebar":"","ocean_second_sidebar":"","ocean_disable_margins":"enable","ocean_add_body_class":"","ocean_shortcode_before_top_bar":"","ocean_shortcode_after_top_bar":"","ocean_shortcode_before_header":"","ocean_shortcode_after_header":"","ocean_has_shortcode":"","ocean_shortcode_after_title":"","ocean_shortcode_before_footer_widgets":"","ocean_shortcode_after_footer_widgets":"","ocean_shortcode_before_footer_bottom":"","ocean_shortcode_after_footer_bottom":"","ocean_display_top_bar":"default","ocean_display_header":"default","ocean_header_style":"","ocean_center_header_left_menu":"","ocean_custom_header_template":"","ocean_custom_logo":0,"ocean_custom_retina_logo":0,"ocean_custom_logo_max_width":0,"ocean_custom_logo_tablet_max_width":0,"ocean_custom_logo_mobile_max_width":0,"ocean_custom_logo_max_height":0,"ocean_custom_logo_tablet_max_height":0,"ocean_custom_logo_mobile_max_height":0,"ocean_header_custom_menu":"","ocean_menu_typo_font_family":"","ocean_menu_typo_font_subset":"","ocean_menu_typo_font_size":0,"ocean_menu_typo_font_size_tablet":0,"ocean_menu_typo_font_size_mobile":0,"ocean_menu_typo_font_size_unit":"px","ocean_menu_typo_font_weight":"","ocean_menu_typo_font_weight_tablet":"","ocean_menu_typo_font_weight_mobile":"","ocean_menu_typo_transform":"","ocean_menu_typo_transform_tablet":"","ocean_menu_typo_transform_mobile":"","ocean_menu_typo_line_height":0,"ocean_menu_typo_line_height_tablet":0,"ocean_menu_typo_line_height_mobile":0,"ocean_menu_typo_line_height_unit":"","ocean_menu_typo_spacing":0,"ocean_menu_typo_spacing_tablet":0,"ocean_menu_typo_spacing_mobile":0,"ocean_menu_typo_spacing_unit":"","ocean_menu_link_color":"","ocean_menu_link_color_hover":"","ocean_menu_link_color_active":"","ocean_menu_link_background":"","ocean_menu_link_hover_background":"","ocean_menu_link_active_background":"","ocean_menu_social_links_bg":"","ocean_menu_social_hover_links_bg":"","ocean_menu_social_links_color":"","ocean_menu_social_hover_links_color":"","ocean_disable_title":"default","ocean_disable_heading":"default","ocean_post_title":"","ocean_post_subheading":"","ocean_post_title_style":"","ocean_post_title_background_color":"","ocean_post_title_background":0,"ocean_post_title_bg_image_position":"","ocean_post_title_bg_image_attachment":"","ocean_post_title_bg_image_repeat":"","ocean_post_title_bg_image_size":"","ocean_post_title_height":0,"ocean_post_title_bg_overlay":0.5,"ocean_post_title_bg_overlay_color":"","ocean_disable_breadcrumbs":"default","ocean_breadcrumbs_color":"","ocean_breadcrumbs_separator_color":"","ocean_breadcrumbs_links_color":"","ocean_breadcrumbs_links_hover_color":"","ocean_display_footer_widgets":"default","ocean_display_footer_bottom":"default","ocean_custom_footer_template":""},"product_brand":[],"product_cat":[98,124,128],"product_tag":[],"class_list":{"0":"post-26808","1":"product","2":"type-product","3":"status-publish","4":"has-post-thumbnail","6":"product_cat-novedades","7":"product_cat-switch","8":"product_cat-ultimas-entradas","10":"entry","11":"has-media","13":"first","14":"instock","15":"taxable","16":"shipping-taxable","17":"purchasable","18":"product-type-simple","19":"col","20":"span_1_of_3","21":"owp-content-center","22":"owp-thumbs-layout-horizontal","23":"owp-btn-normal","24":"owp-tabs-layout-horizontal"},"aioseo_notices":[],"_links":{"self":[{"href":"https:\/\/kaotostore.com\/en\/wp-json\/wp\/v2\/product\/26808","targetHints":{"allow":["GET"]}}],"collection":[{"href":"https:\/\/kaotostore.com\/en\/wp-json\/wp\/v2\/product"}],"about":[{"href":"https:\/\/kaotostore.com\/en\/wp-json\/wp\/v2\/types\/product"}],"wp:featuredmedia":[{"embeddable":true,"href":"https:\/\/kaotostore.com\/en\/wp-json\/wp\/v2\/media\/7378"}],"wp:attachment":[{"href":"https:\/\/kaotostore.com\/en\/wp-json\/wp\/v2\/media?parent=26808"}],"wp:term":[{"taxonomy":"product_brand","embeddable":true,"href":"https:\/\/kaotostore.com\/en\/wp-json\/wp\/v2\/product_brand?post=26808"},{"taxonomy":"product_cat","embeddable":true,"href":"https:\/\/kaotostore.com\/en\/wp-json\/wp\/v2\/product_cat?post=26808"},{"taxonomy":"product_tag","embeddable":true,"href":"https:\/\/kaotostore.com\/en\/wp-json\/wp\/v2\/product_tag?post=26808"}],"curies":[{"name":"wp","href":"https:\/\/api.w.org\/{rel}","templated":true}]}}