{"id":26749,"date":"2026-03-23T13:14:48","date_gmt":"2026-03-23T12:14:48","guid":{"rendered":"https:\/\/kaotostore.com\/producto\/cygni-all-guns-blazing-series-x-importacion-inglesa\/"},"modified":"2026-04-09T12:09:27","modified_gmt":"2026-04-09T10:09:27","slug":"cygni-all-guns-blazing-series-x-importacion-inglesa","status":"publish","type":"product","link":"https:\/\/kaotostore.com\/en\/product\/cygni-all-guns-blazing-series-x-importacion-inglesa\/","title":{"rendered":"Cygni All Guns Blazing SERIES X (Importaci\u00f3n inglesa)"},"content":{"rendered":"<div>Con gr\u00e1ficos incre\u00edbles, deslumbrantes paisajes sonoros y acci\u00f3n alucinante, CYGNI est\u00e1 a la vanguardia para la pr\u00f3xima generaci\u00f3n de Shoot\u00b4em Ups. Al estar en desventaja num\u00e9rica y de armas, sum\u00e9rgete en un cielo infernal en una \u00faltima batalla por sobrevivir. Redirige el poder entre las armas o los sistemas de escudo y enfr\u00e9ntate a implacables oleadas de enemigos terrestres y a\u00e9reos. Mejora tu nave y derrota a los colosales jefes alien\u00edgenas en combate visceral; haz lo que sea necesario para salir victorioso. CYGNI impresiona los ojos, los o\u00eddos y la mente para ofrecer una experiencia de juego estimulante y extraordinaria. CYGNI no busca reinventar el g\u00e9nero Shoot&#8217;em Ups, sino elevarlo para ofrecer sensaciones intensas, una verdadera experiencia de pr\u00f3xima generaci\u00f3n. Establecidos dentro de los restos de una civilizaci\u00f3n perdida en el planeta CYGNI, las fuerzas de la Tierra est\u00e1n siendo arrasadas por un ataque sorpresa de una poderosa raza biomec\u00e1nica alien\u00edgena. Al ser uno de los \u00faltimos pilotos del \u00faltimo transbordador de la flota, eres la \u00fanica l\u00ednea de defensa contra el implacable bombardeo alien\u00edgena.<\/div>","protected":false},"excerpt":{"rendered":"<p>Con gr\u00e1ficos incre\u00edbles, deslumbrantes paisajes sonoros y acci\u00f3n alucinante, CYGNI est\u00e1 a la vanguardia para la pr\u00f3xima generaci\u00f3n de Shoot\u00b4em Ups. Al estar en desventaja num\u00e9rica y de armas, sum\u00e9rgete en un cielo infernal en una \u00faltima batalla por sobrevivir. Redirige el poder entre las armas o los sistemas de escudo y enfr\u00e9ntate a implacables [&hellip;]<\/p>\n","protected":false},"featured_media":7284,"template":"","meta":{"ocean_post_layout":"","ocean_both_sidebars_style":"","ocean_both_sidebars_content_width":0,"ocean_both_sidebars_sidebars_width":0,"ocean_sidebar":"","ocean_second_sidebar":"","ocean_disable_margins":"enable","ocean_add_body_class":"","ocean_shortcode_before_top_bar":"","ocean_shortcode_after_top_bar":"","ocean_shortcode_before_header":"","ocean_shortcode_after_header":"","ocean_has_shortcode":"","ocean_shortcode_after_title":"","ocean_shortcode_before_footer_widgets":"","ocean_shortcode_after_footer_widgets":"","ocean_shortcode_before_footer_bottom":"","ocean_shortcode_after_footer_bottom":"","ocean_display_top_bar":"default","ocean_display_header":"default","ocean_header_style":"","ocean_center_header_left_menu":"","ocean_custom_header_template":"","ocean_custom_logo":0,"ocean_custom_retina_logo":0,"ocean_custom_logo_max_width":0,"ocean_custom_logo_tablet_max_width":0,"ocean_custom_logo_mobile_max_width":0,"ocean_custom_logo_max_height":0,"ocean_custom_logo_tablet_max_height":0,"ocean_custom_logo_mobile_max_height":0,"ocean_header_custom_menu":"","ocean_menu_typo_font_family":"","ocean_menu_typo_font_subset":"","ocean_menu_typo_font_size":0,"ocean_menu_typo_font_size_tablet":0,"ocean_menu_typo_font_size_mobile":0,"ocean_menu_typo_font_size_unit":"px","ocean_menu_typo_font_weight":"","ocean_menu_typo_font_weight_tablet":"","ocean_menu_typo_font_weight_mobile":"","ocean_menu_typo_transform":"","ocean_menu_typo_transform_tablet":"","ocean_menu_typo_transform_mobile":"","ocean_menu_typo_line_height":0,"ocean_menu_typo_line_height_tablet":0,"ocean_menu_typo_line_height_mobile":0,"ocean_menu_typo_line_height_unit":"","ocean_menu_typo_spacing":0,"ocean_menu_typo_spacing_tablet":0,"ocean_menu_typo_spacing_mobile":0,"ocean_menu_typo_spacing_unit":"","ocean_menu_link_color":"","ocean_menu_link_color_hover":"","ocean_menu_link_color_active":"","ocean_menu_link_background":"","ocean_menu_link_hover_background":"","ocean_menu_link_active_background":"","ocean_menu_social_links_bg":"","ocean_menu_social_hover_links_bg":"","ocean_menu_social_links_color":"","ocean_menu_social_hover_links_color":"","ocean_disable_title":"default","ocean_disable_heading":"default","ocean_post_title":"","ocean_post_subheading":"","ocean_post_title_style":"","ocean_post_title_background_color":"","ocean_post_title_background":0,"ocean_post_title_bg_image_position":"","ocean_post_title_bg_image_attachment":"","ocean_post_title_bg_image_repeat":"","ocean_post_title_bg_image_size":"","ocean_post_title_height":0,"ocean_post_title_bg_overlay":0.5,"ocean_post_title_bg_overlay_color":"","ocean_disable_breadcrumbs":"default","ocean_breadcrumbs_color":"","ocean_breadcrumbs_separator_color":"","ocean_breadcrumbs_links_color":"","ocean_breadcrumbs_links_hover_color":"","ocean_display_footer_widgets":"default","ocean_display_footer_bottom":"default","ocean_custom_footer_template":""},"product_brand":[],"product_cat":[98,120,128],"product_tag":[],"class_list":{"0":"post-26749","1":"product","2":"type-product","3":"status-publish","4":"has-post-thumbnail","6":"product_cat-novedades","7":"product_cat-series-x","8":"product_cat-ultimas-entradas","10":"entry","11":"has-media","13":"first","14":"instock","15":"taxable","16":"shipping-taxable","17":"purchasable","18":"product-type-simple","19":"col","20":"span_1_of_3","21":"owp-content-center","22":"owp-thumbs-layout-horizontal","23":"owp-btn-normal","24":"owp-tabs-layout-horizontal"},"aioseo_notices":[],"_links":{"self":[{"href":"https:\/\/kaotostore.com\/en\/wp-json\/wp\/v2\/product\/26749","targetHints":{"allow":["GET"]}}],"collection":[{"href":"https:\/\/kaotostore.com\/en\/wp-json\/wp\/v2\/product"}],"about":[{"href":"https:\/\/kaotostore.com\/en\/wp-json\/wp\/v2\/types\/product"}],"wp:featuredmedia":[{"embeddable":true,"href":"https:\/\/kaotostore.com\/en\/wp-json\/wp\/v2\/media\/7284"}],"wp:attachment":[{"href":"https:\/\/kaotostore.com\/en\/wp-json\/wp\/v2\/media?parent=26749"}],"wp:term":[{"taxonomy":"product_brand","embeddable":true,"href":"https:\/\/kaotostore.com\/en\/wp-json\/wp\/v2\/product_brand?post=26749"},{"taxonomy":"product_cat","embeddable":true,"href":"https:\/\/kaotostore.com\/en\/wp-json\/wp\/v2\/product_cat?post=26749"},{"taxonomy":"product_tag","embeddable":true,"href":"https:\/\/kaotostore.com\/en\/wp-json\/wp\/v2\/product_tag?post=26749"}],"curies":[{"name":"wp","href":"https:\/\/api.w.org\/{rel}","templated":true}]}}