{"id":26610,"date":"2026-03-23T13:12:22","date_gmt":"2026-03-23T12:12:22","guid":{"rendered":"https:\/\/kaotostore.com\/producto\/consola-nintendo-switch-oled-edicion-pokemon-escarlata-purpura-importacion-japonesa\/"},"modified":"2026-04-09T12:22:04","modified_gmt":"2026-04-09T10:22:04","slug":"consola-nintendo-switch-oled-edicion-pokemon-escarlata-purpura-importacion-japonesa","status":"publish","type":"product","link":"https:\/\/kaotostore.com\/en\/product\/consola-nintendo-switch-oled-edicion-pokemon-escarlata-purpura-importacion-japonesa\/","title":{"rendered":"Consola Nintendo Switch OLED Edicion Pokemon Escarlata P\u00farpura (Importaci\u00f3n japonesa)"},"content":{"rendered":"<div class=\"row row-content\">\n<div class=\"col-xs-12 content\">\n<h1><strong><span style=\"text-decoration: underline;\"><span style=\"color: rgb(255, 5, 5); text-decoration: underline;\">SOLO RECOGIDA EN TIENDA<\/p>\n<p>100% COMPATIBLE CON JUEGOS DE SWITCH DE CUALQUIER REGI\u00d3N<\/span><\/span><\/strong><\/h1>\n<p>\u00a0<\/p>\n<p><strong><span style=\"color: rgb(255, 5, 5);\">Si desea im\u00e1genes adicionales del producto, puede solicitarlas desde el formulario de contacto o en el email kaototienda@gmail.com<\/span><\/strong><\/p>\n<p>\u00a0<\/p>\n<div>\n<h3 class=\"heading-xs-semibold md-heading-xs-semibold mb-base\">Descripci\u00f3n del Producto<\/h3>\n<div class=\"product-cms-description\">\n<h4>Pantalla de 7 pulgadas<\/h4>\n<p>Nintendo Switch Modelo OLED incluye una pantalla de 7 pulgadas con un marco m\u00e1s fino. Los colores intensos y el alto contraste de la pantalla proporcionan una experiencia de juego port\u00e1til y de sobremesa enriquecedora, y aportan mucha vida a los juegos, tanto si compites a gran velocidad sobre el asfalto como si te ves las caras con enemigos temibles.<\/p>\n<h4>\u00bfEn qu\u00e9 consiste una pantalla OLED?<\/h4>\n<p>Al contrario que las pantallas LCD, una pantalla OLED carece de retroiluminaci\u00f3n, por lo que muestra las im\u00e1genes usando la luz que emite cada p\u00edxel de forma individual. Basta con apagar la luz de un p\u00edxel para mostrar tonos negros m\u00e1s oscuros, lo que ofrece un mayor contraste.<\/p>\n<h4>Disfruta del modo sobremesa en el \u00e1ngulo que prefieras<\/h4>\n<p>Abre el soporte y p\u00e1sale un mando a otro jugador para compartir la pantalla y disfrutar del multijugador competitivo y cooperativo, donde y cuando quieras. El soporte ancho ajustable de Nintendo Switch Modelo OLED puede colocarse en el \u00e1ngulo que prefieras para disfrutar del modo sobremesa c\u00f3modamente.<\/p>\n<h4>Altavoces integrados con audio optimizado<\/h4>\n<p>Disfruta de un sonido n\u00edtido cuando juegues en el modo port\u00e1til o en el modo sobremesa.<\/p>\n<h4>Tres modos de juego<\/h4>\n<p>Nintendo Switch se transforma para adaptarse a tu situaci\u00f3n y te permite jugar a los t\u00edtulos que quieras aunque no tengas mucho tiempo. \u00a1Disfruta donde, cuando y con quien quieras!<\/p>\n<h4>Modo televisor<\/h4>\n<p>Re\u00fane a todos ante una pantalla y disfruta del juego en compa\u00f1\u00eda. Coloca la consola en la base de Nintendo Switch para jugar en alta definici\u00f3n en el televisor.<\/p>\n<h4>Modo sobremesa<\/h4>\n<p>Comparte la pantalla, comparte la diversi\u00f3n. Abre el soporte de la consola para compartir la pantalla y pasarlo en grande con juegos multijugador.<\/p>\n<h4>Modo port\u00e1til<\/h4>\n<p>Lleva contigo una espl\u00e9ndida pantalla all\u00e1 donde vayas. Juega con los mandos Joy-Con encajados en la consola y ll\u00e9vatela a donde quieras. Disfruta en solitario o en compa\u00f1\u00eda de tus amigos, ya sea de manera local o en l\u00ednea.<\/p>\n<h4>Diversi\u00f3n para todos con los mandos Joy-Con<\/h4>\n<p>Nintendo Switch tiene dos mandos, uno a cada lado de la consola, que funcionan juntos &#8211; los Joy-Con. Sostenlos en vertical o en horizontal, o comparte uno con un amigo para pasarlo en grande con el juego competitivo o cooperativo, donde y cuando quieras.<\/p>\n<h4>Caracter\u00edsticas:<\/h4>\n<ul>\n<li>7 pulgadas, 1280 x 720 p\u00edxeles, Pantalla OLED con t\u00e1ctil capacitiva<\/li>\n<li>Procesador de Tegra NVIDIA<\/li>\n<li>Memoria interna de 64 GB<\/li>\n<li>Wi-Fi 802.11 a\/b\/g\/n\/ac<\/li>\n<li>Bluetooth 4.1<\/li>\n<li>Salida de v\u00eddeo con resoluci\u00f3n 1920 x 1080, 60 fps<\/li>\n<li>Salida de audio compatible con PCM lineal 5.1<\/li>\n<li>Altavoces est\u00e9reo<\/li>\n<li>Interfaz de USB Type-C<\/li>\n<li>Audio miniconector est\u00e9reo de 4 polos y 3.5 mm (est\u00e1ndar CTIA)<\/li>\n<li>Tarjetas de memoria microSD, microSDHC y microSDXC soporte<\/li>\n<li>Sensores de aceler\u00f3metro, giroscopio y brillo<\/li>\n<li>102 x 242 x 13,9 mm<\/li>\n<li>420 g<\/li>\n<\/ul>\n<\/div>\n<\/div>\n<p>\n<\/div>\n<\/div>\n<p><!----><\/p>","protected":false},"excerpt":{"rendered":"<p>SOLO RECOGIDA EN TIENDA 100% COMPATIBLE CON JUEGOS DE SWITCH DE CUALQUIER REGI\u00d3N \u00a0 Si desea im\u00e1genes adicionales del producto, puede solicitarlas desde el formulario de contacto o en el email kaototienda@gmail.com \u00a0 Descripci\u00f3n del Producto Pantalla de 7 pulgadas Nintendo Switch Modelo OLED incluye una pantalla de 7 pulgadas con un marco m\u00e1s fino. [&hellip;]<\/p>\n","protected":false},"featured_media":6951,"template":"","meta":{"ocean_post_layout":"","ocean_both_sidebars_style":"","ocean_both_sidebars_content_width":0,"ocean_both_sidebars_sidebars_width":0,"ocean_sidebar":"","ocean_second_sidebar":"","ocean_disable_margins":"enable","ocean_add_body_class":"","ocean_shortcode_before_top_bar":"","ocean_shortcode_after_top_bar":"","ocean_shortcode_before_header":"","ocean_shortcode_after_header":"","ocean_has_shortcode":"","ocean_shortcode_after_title":"","ocean_shortcode_before_footer_widgets":"","ocean_shortcode_after_footer_widgets":"","ocean_shortcode_before_footer_bottom":"","ocean_shortcode_after_footer_bottom":"","ocean_display_top_bar":"default","ocean_display_header":"default","ocean_header_style":"","ocean_center_header_left_menu":"","ocean_custom_header_template":"","ocean_custom_logo":0,"ocean_custom_retina_logo":0,"ocean_custom_logo_max_width":0,"ocean_custom_logo_tablet_max_width":0,"ocean_custom_logo_mobile_max_width":0,"ocean_custom_logo_max_height":0,"ocean_custom_logo_tablet_max_height":0,"ocean_custom_logo_mobile_max_height":0,"ocean_header_custom_menu":"","ocean_menu_typo_font_family":"","ocean_menu_typo_font_subset":"","ocean_menu_typo_font_size":0,"ocean_menu_typo_font_size_tablet":0,"ocean_menu_typo_font_size_mobile":0,"ocean_menu_typo_font_size_unit":"px","ocean_menu_typo_font_weight":"","ocean_menu_typo_font_weight_tablet":"","ocean_menu_typo_font_weight_mobile":"","ocean_menu_typo_transform":"","ocean_menu_typo_transform_tablet":"","ocean_menu_typo_transform_mobile":"","ocean_menu_typo_line_height":0,"ocean_menu_typo_line_height_tablet":0,"ocean_menu_typo_line_height_mobile":0,"ocean_menu_typo_line_height_unit":"","ocean_menu_typo_spacing":0,"ocean_menu_typo_spacing_tablet":0,"ocean_menu_typo_spacing_mobile":0,"ocean_menu_typo_spacing_unit":"","ocean_menu_link_color":"","ocean_menu_link_color_hover":"","ocean_menu_link_color_active":"","ocean_menu_link_background":"","ocean_menu_link_hover_background":"","ocean_menu_link_active_background":"","ocean_menu_social_links_bg":"","ocean_menu_social_hover_links_bg":"","ocean_menu_social_links_color":"","ocean_menu_social_hover_links_color":"","ocean_disable_title":"default","ocean_disable_heading":"default","ocean_post_title":"","ocean_post_subheading":"","ocean_post_title_style":"","ocean_post_title_background_color":"","ocean_post_title_background":0,"ocean_post_title_bg_image_position":"","ocean_post_title_bg_image_attachment":"","ocean_post_title_bg_image_repeat":"","ocean_post_title_bg_image_size":"","ocean_post_title_height":0,"ocean_post_title_bg_overlay":0.5,"ocean_post_title_bg_overlay_color":"","ocean_disable_breadcrumbs":"default","ocean_breadcrumbs_color":"","ocean_breadcrumbs_separator_color":"","ocean_breadcrumbs_links_color":"","ocean_breadcrumbs_links_hover_color":"","ocean_display_footer_widgets":"default","ocean_display_footer_bottom":"default","ocean_custom_footer_template":""},"product_brand":[],"product_cat":[75,98,124],"product_tag":[],"class_list":{"0":"post-26610","1":"product","2":"type-product","3":"status-publish","4":"has-post-thumbnail","6":"product_cat-consolas","7":"product_cat-novedades","8":"product_cat-switch","10":"entry","11":"has-media","13":"first","14":"instock","15":"taxable","16":"shipping-taxable","17":"purchasable","18":"product-type-simple","19":"col","20":"span_1_of_3","21":"owp-content-center","22":"owp-thumbs-layout-horizontal","23":"owp-btn-normal","24":"owp-tabs-layout-horizontal"},"aioseo_notices":[],"_links":{"self":[{"href":"https:\/\/kaotostore.com\/en\/wp-json\/wp\/v2\/product\/26610","targetHints":{"allow":["GET"]}}],"collection":[{"href":"https:\/\/kaotostore.com\/en\/wp-json\/wp\/v2\/product"}],"about":[{"href":"https:\/\/kaotostore.com\/en\/wp-json\/wp\/v2\/types\/product"}],"wp:featuredmedia":[{"embeddable":true,"href":"https:\/\/kaotostore.com\/en\/wp-json\/wp\/v2\/media\/6951"}],"wp:attachment":[{"href":"https:\/\/kaotostore.com\/en\/wp-json\/wp\/v2\/media?parent=26610"}],"wp:term":[{"taxonomy":"product_brand","embeddable":true,"href":"https:\/\/kaotostore.com\/en\/wp-json\/wp\/v2\/product_brand?post=26610"},{"taxonomy":"product_cat","embeddable":true,"href":"https:\/\/kaotostore.com\/en\/wp-json\/wp\/v2\/product_cat?post=26610"},{"taxonomy":"product_tag","embeddable":true,"href":"https:\/\/kaotostore.com\/en\/wp-json\/wp\/v2\/product_tag?post=26610"}],"curies":[{"name":"wp","href":"https:\/\/api.w.org\/{rel}","templated":true}]}}