{"id":26606,"date":"2026-03-23T13:12:17","date_gmt":"2026-03-23T12:12:17","guid":{"rendered":"https:\/\/kaotostore.com\/producto\/consola-nintendo-switch-edicion-pokemon-lets-go\/"},"modified":"2026-05-05T22:28:45","modified_gmt":"2026-05-05T20:28:45","slug":"consola-nintendo-switch-edicion-pokemon-lets-go","status":"publish","type":"product","link":"https:\/\/kaotostore.com\/en\/product\/consola-nintendo-switch-edicion-pokemon-lets-go\/","title":{"rendered":"Consola Nintendo Switch Edici\u00f3n Pokemon Let&#8217;s Go"},"content":{"rendered":"<div class=\"row row-content\">\n<div class=\"col-xs-12 content\">\n<h1><strong><span style=\"text-decoration: underline;\"><span style=\"color: rgb(255, 5, 5); text-decoration: underline;\">SOLO RECOGIDA EN TIENDA<\/span><\/span><\/strong><\/h1>\n<p>\u00a0<\/p>\n<p><strong><span style=\"color: rgb(255, 5, 5);\">Si desea im\u00e1genes adicionales del producto, puede solicitarlas desde el formulario de contacto o en el email kaototienda@gmail.com<\/span><\/strong><\/p>\n<p>\u00a0<\/p>\n<p><strong>-Incluye:<br \/>\u00a0-Consola Nintendo Switch Edici\u00f3n Pokemon Let&#8217;s Go<br \/>\u00a0-Juego Pokemon Let&#8217;s Go Pikachu preinstalado<br \/>\u00a0-Pokeball Plus controller<br \/><\/strong><\/p>\n<\/p>\n<ul class=\"a-unordered-list a-vertical a-spacing-mini\">\n<li class=\"a-spacing-mini\"><span class=\"a-list-item\">Pok\u00e9mon: Let\u2019s Go ofrece a sus fans una nueva aventura en una regi\u00f3n ya conocida. Est\u00e1 basado en Pok\u00e9mon Amarillo, que sali\u00f3 a la luz en Jap\u00f3n en el a\u00f1o 1998 para Game Boy, e incluye funciones y controles m\u00e1s intuitivos, similares a los de Pok\u00e9mon GO, adem\u00e1s de estar dise\u00f1ados para que cualquiera pueda comenzar de forma sencilla sus aventuras en el mundo Pok\u00e9mon<\/span><\/li>\n<li class=\"a-spacing-mini\"><span class=\"a-list-item\">Los Entrenadores viajar\u00e1n por la regi\u00f3n de Kanto junto a Pikachu en Pok\u00e9mon: Let\u2019s Go, Pikachu! o junto a Eevee en Pok\u00e9mon: Let\u2019s Go, Eevee!<\/span><\/li>\n<li class=\"a-spacing-mini\"><span class=\"a-list-item\">Ambos juegos se caracterizan por una innovadora jugabilidad, posible gracias a las caracter\u00edsticas de Nintendo Switch. Por ejemplo, se pueden usar los Joy-Con para lanzar una Pok\u00e9 Ball y capturar Pok\u00e9mon, o entregarle uno a otra persona para explorar y combatir en modo cooperativo<\/span><\/li>\n<li class=\"a-spacing-mini\"><span class=\"a-list-item\">Puedes descargarte gratis el juego Fortnite desde la Nintendo eShop<\/span><\/li>\n<li class=\"a-spacing-mini\"><span class=\"a-list-item\">Nintendo Switch combina la potencia de una consola dom\u00e9stica y la movilidad de las consolas port\u00e1tiles: los jugadores podr\u00e1n continuar la partida donde quieran<\/span><\/li>\n<li class=\"a-spacing-mini\"><span class=\"a-list-item\">En casa, la consola descansa sobre una base conectada a la televisi\u00f3n, lo que permitir\u00e1 jugar con amigos y familia. Al retirar la consola de la base, se iniciar\u00e1 el modo port\u00e1til en una pantalla de alta definici\u00f3n<\/span><\/li>\n<\/ul>\n<div class=\"a-row a-expander-container a-expander-inline-container\">\n<div aria-expanded=\"true\" class=\"a-expander-content a-expander-extend-content a-expander-content-expanded\">\n<ul class=\"a-unordered-list a-vertical a-spacing-none\">\n<li class=\"a-spacing-mini\"><span class=\"a-list-item\">La posibilidad de separar los mandos Joy-Con abre m\u00faltiples posibilidades de juego<\/span><\/li>\n<li class=\"a-spacing-mini\"><span class=\"a-list-item\">Compatible con tarjeta de memoria micro SD<\/span><\/li>\n<\/ul>\n<\/div>\n<\/div>\n<\/div>\n<\/div>\n<p><!----><\/p>","protected":false},"excerpt":{"rendered":"<p>SOLO RECOGIDA EN TIENDA \u00a0 Si desea im\u00e1genes adicionales del producto, puede solicitarlas desde el formulario de contacto o en el email kaototienda@gmail.com \u00a0 -Incluye:\u00a0-Consola Nintendo Switch Edici\u00f3n Pokemon Let&#8217;s Go\u00a0-Juego Pokemon Let&#8217;s Go Pikachu preinstalado\u00a0-Pokeball Plus controller Pok\u00e9mon: Let\u2019s Go ofrece a sus fans una nueva aventura en una regi\u00f3n ya conocida. Est\u00e1 basado [&hellip;]<\/p>\n","protected":false},"featured_media":6939,"template":"","meta":{"ocean_post_layout":"","ocean_both_sidebars_style":"","ocean_both_sidebars_content_width":0,"ocean_both_sidebars_sidebars_width":0,"ocean_sidebar":"","ocean_second_sidebar":"","ocean_disable_margins":"enable","ocean_add_body_class":"","ocean_shortcode_before_top_bar":"","ocean_shortcode_after_top_bar":"","ocean_shortcode_before_header":"","ocean_shortcode_after_header":"","ocean_has_shortcode":"","ocean_shortcode_after_title":"","ocean_shortcode_before_footer_widgets":"","ocean_shortcode_after_footer_widgets":"","ocean_shortcode_before_footer_bottom":"","ocean_shortcode_after_footer_bottom":"","ocean_display_top_bar":"default","ocean_display_header":"default","ocean_header_style":"","ocean_center_header_left_menu":"","ocean_custom_header_template":"","ocean_custom_logo":0,"ocean_custom_retina_logo":0,"ocean_custom_logo_max_width":0,"ocean_custom_logo_tablet_max_width":0,"ocean_custom_logo_mobile_max_width":0,"ocean_custom_logo_max_height":0,"ocean_custom_logo_tablet_max_height":0,"ocean_custom_logo_mobile_max_height":0,"ocean_header_custom_menu":"","ocean_menu_typo_font_family":"","ocean_menu_typo_font_subset":"","ocean_menu_typo_font_size":0,"ocean_menu_typo_font_size_tablet":0,"ocean_menu_typo_font_size_mobile":0,"ocean_menu_typo_font_size_unit":"px","ocean_menu_typo_font_weight":"","ocean_menu_typo_font_weight_tablet":"","ocean_menu_typo_font_weight_mobile":"","ocean_menu_typo_transform":"","ocean_menu_typo_transform_tablet":"","ocean_menu_typo_transform_mobile":"","ocean_menu_typo_line_height":0,"ocean_menu_typo_line_height_tablet":0,"ocean_menu_typo_line_height_mobile":0,"ocean_menu_typo_line_height_unit":"","ocean_menu_typo_spacing":0,"ocean_menu_typo_spacing_tablet":0,"ocean_menu_typo_spacing_mobile":0,"ocean_menu_typo_spacing_unit":"","ocean_menu_link_color":"","ocean_menu_link_color_hover":"","ocean_menu_link_color_active":"","ocean_menu_link_background":"","ocean_menu_link_hover_background":"","ocean_menu_link_active_background":"","ocean_menu_social_links_bg":"","ocean_menu_social_hover_links_bg":"","ocean_menu_social_links_color":"","ocean_menu_social_hover_links_color":"","ocean_disable_title":"default","ocean_disable_heading":"default","ocean_post_title":"","ocean_post_subheading":"","ocean_post_title_style":"","ocean_post_title_background_color":"","ocean_post_title_background":0,"ocean_post_title_bg_image_position":"","ocean_post_title_bg_image_attachment":"","ocean_post_title_bg_image_repeat":"","ocean_post_title_bg_image_size":"","ocean_post_title_height":0,"ocean_post_title_bg_overlay":0.5,"ocean_post_title_bg_overlay_color":"","ocean_disable_breadcrumbs":"default","ocean_breadcrumbs_color":"","ocean_breadcrumbs_separator_color":"","ocean_breadcrumbs_links_color":"","ocean_breadcrumbs_links_hover_color":"","ocean_display_footer_widgets":"default","ocean_display_footer_bottom":"default","ocean_custom_footer_template":""},"product_brand":[],"product_cat":[75,124],"product_tag":[],"class_list":{"0":"post-26606","1":"product","2":"type-product","3":"status-publish","4":"has-post-thumbnail","6":"product_cat-consolas","7":"product_cat-switch","9":"entry","10":"has-media","12":"first","13":"instock","14":"taxable","15":"shipping-taxable","16":"purchasable","17":"product-type-simple","18":"col","19":"span_1_of_3","20":"owp-content-center","21":"owp-thumbs-layout-horizontal","22":"owp-btn-normal","23":"owp-tabs-layout-horizontal"},"aioseo_notices":[],"_links":{"self":[{"href":"https:\/\/kaotostore.com\/en\/wp-json\/wp\/v2\/product\/26606","targetHints":{"allow":["GET"]}}],"collection":[{"href":"https:\/\/kaotostore.com\/en\/wp-json\/wp\/v2\/product"}],"about":[{"href":"https:\/\/kaotostore.com\/en\/wp-json\/wp\/v2\/types\/product"}],"wp:featuredmedia":[{"embeddable":true,"href":"https:\/\/kaotostore.com\/en\/wp-json\/wp\/v2\/media\/6939"}],"wp:attachment":[{"href":"https:\/\/kaotostore.com\/en\/wp-json\/wp\/v2\/media?parent=26606"}],"wp:term":[{"taxonomy":"product_brand","embeddable":true,"href":"https:\/\/kaotostore.com\/en\/wp-json\/wp\/v2\/product_brand?post=26606"},{"taxonomy":"product_cat","embeddable":true,"href":"https:\/\/kaotostore.com\/en\/wp-json\/wp\/v2\/product_cat?post=26606"},{"taxonomy":"product_tag","embeddable":true,"href":"https:\/\/kaotostore.com\/en\/wp-json\/wp\/v2\/product_tag?post=26606"}],"curies":[{"name":"wp","href":"https:\/\/api.w.org\/{rel}","templated":true}]}}