{"id":26507,"date":"2026-03-23T13:10:51","date_gmt":"2026-03-23T12:10:51","guid":{"rendered":"https:\/\/kaotostore.com\/producto\/consola-evercade-vs-r-tomb-raider-pack\/"},"modified":"2026-04-08T17:10:47","modified_gmt":"2026-04-08T15:10:47","slug":"consola-evercade-vs-r-tomb-raider-pack","status":"publish","type":"product","link":"https:\/\/kaotostore.com\/en\/product\/consola-evercade-vs-r-tomb-raider-pack\/","title":{"rendered":"Consola Evercade VS-R Tomb Raider Pack"},"content":{"rendered":"<p><span class=\"a-list-item\"><strong><span style=\"color: #ff0505;\">Si desea im\u00e1genes adicionales del producto, puede solicitarlas desde el formulario de contacto o en el email kaototienda@gmail.com<\/p>\n<p><\/span><\/strong><\/span><\/p>\n<ul class=\"a-unordered-list a-vertical a-spacing-mini\">\n<li class=\"a-spacing-mini\"><span class=\"a-list-item\">Incluye el cartucho f\u00edsico Tomb Raider Collection 1 f\u00edsico\u00a0<\/span><\/li>\n<li class=\"a-spacing-mini\"><span class=\"a-list-item\"> Juega con hasta 4 jugadores <\/span><\/li>\n<li class=\"a-spacing-mini\"><span class=\"a-list-item\"> Salida 1080p para televisores HDMI modernos <\/span><\/li>\n<li class=\"a-spacing-mini\"><span class=\"a-list-item\"> Compatible con m\u00e1s de 50 cartuchos Evercade <\/span><\/li>\n<li class=\"a-spacing-mini\"><span class=\"a-list-item\"> Guarda tu partida con m\u00faltiples estados de guardado <\/span><\/li>\n<li class=\"a-spacing-mini\"><span class=\"a-list-item\"> Juega en consola, ordenador dom\u00e9stico, arcade y m\u00e1s con m\u00e1s de cinco d\u00e9cadas de juegos con licencia oficial en el ecosistema de cartuchos Evercade <\/span><\/li>\n<li class=\"a-spacing-mini\"><span class=\"a-list-item\"> M\u00faltiples ratios de pantalla y filtros <\/span><\/li>\n<li class=\"a-spacing-mini\"><span class=\"a-list-item\"> WiFi integrado<br \/>\n<\/span><\/li>\n<\/ul>\n<p><span class=\"a-list-item\">El nuevo VS-R incluye un cartucho f\u00edsico de Tomb Raider Collection 1 y un mando Evercade VS-R. Con un nuevo dise\u00f1o de color gris marengo con toques turquesa. La consola VS-R est\u00e1 dise\u00f1ada para jugar en tu TV y ha sido optimizada para una experiencia de juego en casa. Adem\u00e1s, cuenta con una doble ranura para cartuchos para una mayor variedad de juegos, con 4 puertos USB para hasta 4 jugadores y WiFi integrado para facilitar las actualizaciones. El mando Evercade VS-R tambi\u00e9n est\u00e1 disponible por separado y el mando Evercade VS Classic y de otras compa\u00f1\u00edas tambi\u00e9n son compatibles.<\/span><\/p>\n<p>&nbsp;<\/p>","protected":false},"excerpt":{"rendered":"<p>Si desea im\u00e1genes adicionales del producto, puede solicitarlas desde el formulario de contacto o en el email kaototienda@gmail.com Incluye el cartucho f\u00edsico Tomb Raider Collection 1 f\u00edsico\u00a0 Juega con hasta 4 jugadores Salida 1080p para televisores HDMI modernos Compatible con m\u00e1s de 50 cartuchos Evercade Guarda tu partida con m\u00faltiples estados de guardado Juega en [&hellip;]<\/p>\n","protected":false},"featured_media":6713,"template":"","meta":{"ocean_post_layout":"","ocean_both_sidebars_style":"","ocean_both_sidebars_content_width":0,"ocean_both_sidebars_sidebars_width":0,"ocean_sidebar":"0","ocean_second_sidebar":"0","ocean_disable_margins":"enable","ocean_add_body_class":"","ocean_shortcode_before_top_bar":"","ocean_shortcode_after_top_bar":"","ocean_shortcode_before_header":"","ocean_shortcode_after_header":"","ocean_has_shortcode":"","ocean_shortcode_after_title":"","ocean_shortcode_before_footer_widgets":"","ocean_shortcode_after_footer_widgets":"","ocean_shortcode_before_footer_bottom":"","ocean_shortcode_after_footer_bottom":"","ocean_display_top_bar":"default","ocean_display_header":"default","ocean_header_style":"","ocean_center_header_left_menu":"0","ocean_custom_header_template":"0","ocean_custom_logo":0,"ocean_custom_retina_logo":0,"ocean_custom_logo_max_width":0,"ocean_custom_logo_tablet_max_width":0,"ocean_custom_logo_mobile_max_width":0,"ocean_custom_logo_max_height":0,"ocean_custom_logo_tablet_max_height":0,"ocean_custom_logo_mobile_max_height":0,"ocean_header_custom_menu":"0","ocean_menu_typo_font_family":"0","ocean_menu_typo_font_subset":"","ocean_menu_typo_font_size":0,"ocean_menu_typo_font_size_tablet":0,"ocean_menu_typo_font_size_mobile":0,"ocean_menu_typo_font_size_unit":"px","ocean_menu_typo_font_weight":"","ocean_menu_typo_font_weight_tablet":"","ocean_menu_typo_font_weight_mobile":"","ocean_menu_typo_transform":"","ocean_menu_typo_transform_tablet":"","ocean_menu_typo_transform_mobile":"","ocean_menu_typo_line_height":0,"ocean_menu_typo_line_height_tablet":0,"ocean_menu_typo_line_height_mobile":0,"ocean_menu_typo_line_height_unit":"","ocean_menu_typo_spacing":0,"ocean_menu_typo_spacing_tablet":0,"ocean_menu_typo_spacing_mobile":0,"ocean_menu_typo_spacing_unit":"","ocean_menu_link_color":"","ocean_menu_link_color_hover":"","ocean_menu_link_color_active":"","ocean_menu_link_background":"","ocean_menu_link_hover_background":"","ocean_menu_link_active_background":"","ocean_menu_social_links_bg":"","ocean_menu_social_hover_links_bg":"","ocean_menu_social_links_color":"","ocean_menu_social_hover_links_color":"","ocean_disable_title":"default","ocean_disable_heading":"default","ocean_post_title":"","ocean_post_subheading":"","ocean_post_title_style":"","ocean_post_title_background_color":"","ocean_post_title_background":0,"ocean_post_title_bg_image_position":"","ocean_post_title_bg_image_attachment":"","ocean_post_title_bg_image_repeat":"","ocean_post_title_bg_image_size":"","ocean_post_title_height":0,"ocean_post_title_bg_overlay":0.5,"ocean_post_title_bg_overlay_color":"","ocean_disable_breadcrumbs":"default","ocean_breadcrumbs_color":"","ocean_breadcrumbs_separator_color":"","ocean_breadcrumbs_links_color":"","ocean_breadcrumbs_links_hover_color":"","ocean_display_footer_widgets":"default","ocean_display_footer_bottom":"default","ocean_custom_footer_template":"0"},"product_brand":[],"product_cat":[75,78,98,128],"product_tag":[],"class_list":{"0":"post-26507","1":"product","2":"type-product","3":"status-publish","4":"has-post-thumbnail","6":"product_cat-consolas","7":"product_cat-evercade","8":"product_cat-novedades","9":"product_cat-ultimas-entradas","11":"entry","12":"has-media","14":"first","15":"instock","16":"taxable","17":"shipping-taxable","18":"purchasable","19":"product-type-simple","20":"col","21":"span_1_of_3","22":"owp-content-center","23":"owp-thumbs-layout-horizontal","24":"owp-btn-normal","25":"owp-tabs-layout-horizontal"},"aioseo_notices":[],"_links":{"self":[{"href":"https:\/\/kaotostore.com\/en\/wp-json\/wp\/v2\/product\/26507","targetHints":{"allow":["GET"]}}],"collection":[{"href":"https:\/\/kaotostore.com\/en\/wp-json\/wp\/v2\/product"}],"about":[{"href":"https:\/\/kaotostore.com\/en\/wp-json\/wp\/v2\/types\/product"}],"wp:featuredmedia":[{"embeddable":true,"href":"https:\/\/kaotostore.com\/en\/wp-json\/wp\/v2\/media\/6713"}],"wp:attachment":[{"href":"https:\/\/kaotostore.com\/en\/wp-json\/wp\/v2\/media?parent=26507"}],"wp:term":[{"taxonomy":"product_brand","embeddable":true,"href":"https:\/\/kaotostore.com\/en\/wp-json\/wp\/v2\/product_brand?post=26507"},{"taxonomy":"product_cat","embeddable":true,"href":"https:\/\/kaotostore.com\/en\/wp-json\/wp\/v2\/product_cat?post=26507"},{"taxonomy":"product_tag","embeddable":true,"href":"https:\/\/kaotostore.com\/en\/wp-json\/wp\/v2\/product_tag?post=26507"}],"curies":[{"name":"wp","href":"https:\/\/api.w.org\/{rel}","templated":true}]}}