{"id":26450,"date":"2026-03-23T13:09:32","date_gmt":"2026-03-23T12:09:32","guid":{"rendered":"https:\/\/kaotostore.com\/producto\/clair-obscur-expedition-33-playstation-5\/"},"modified":"2026-04-08T17:09:26","modified_gmt":"2026-04-08T15:09:26","slug":"clair-obscur-expedition-33-playstation-5","status":"publish","type":"product","link":"https:\/\/kaotostore.com\/en\/product\/clair-obscur-expedition-33-playstation-5\/","title":{"rendered":"Clair Obscur Expedition 33 PLAYSTATION 5"},"content":{"rendered":"<p><strong><span style=\"color: rgb(255, 5, 5);\">Si desea im\u00e1genes adicionales del producto, puede solicitarlas desde el formulario de contacto o en el email kaototienda@gmail.com<\/p>\n<p><\/span><\/strong><\/p>\n<p>Explora un mundo de fantas\u00eda inspirado por la <strong>belle \u00e9poque francesa <\/strong>en el que te enfrentar\u00e1s a <strong>enemigos devastadores<\/strong>. Una vez al a\u00f1o, la Pintora se despierta y pinta un n\u00famero en su monolito. Un n\u00famero maldito. Y todas las personas de esa edad se convierten de pronto en humo, esfum\u00e1ndose en el aire.<\/p>\n<p>A\u00f1o tras a\u00f1o, el n\u00famero baja y, con \u00e9l, m\u00e1s de nosotros son borrados. Ma\u00f1ana se despertar\u00e1 y pintar\u00e1 el 33. Y ma\u00f1ana nosotros partiremos en nuestra \u00faltima misi\u00f3n: destruir a la Pintora para que nunca pueda volver a pintar la muerte. Somos la <strong>Expedici\u00f3n 33<\/strong>.<\/p>\n<p><strong>Combate por turnos reactive<\/strong><br \/>En esta evoluci\u00f3n de los JRPG, el combate por turnos cobra una nueva vida a trav\u00e9s de las acciones en tiempo real. Forma tu propio grupo y sube de nivel a seis personajes.<\/p>\n<p>Construye tu <strong>estilo de juego a tu gusto a trav\u00e9s del equipo, estad\u00edsticas, habilidades y sinergias <\/strong>de los personajes. Vive los combates de forma m\u00e1s activa: esquiva, para y contraataca en tiempo real, encadena combos dominando los ritmos de ataque y ataca los puntos d\u00e9biles de tus enemigos usando un sistema de apuntado libre.<\/p>\n<p><strong>Llega el ma\u00f1ana<\/strong><br \/>A Gustave, Maelle y el resto de expedicionistas solo les queda un a\u00f1o de vida; \u00fanete a ellos y embarcaos en una misi\u00f3n a la desesperada para detener el ciclo de muerte de la Pintora.<\/p>\n<p>Sigue el rastro de las expediciones previas y descubre cu\u00e1l fue su destino. Conoce a los miembros de la Expedici\u00f3n 33 mientras ellos aprenden a trabajar juntos con todo en su contra.<\/p>\n<p><strong>Un mundo que te conmover\u00e1 con su belleza<\/strong><br \/>Explora un reino encantado lleno de adversarios surrealistas. Atraviesa paisajes impresionantes, desde la Isla de los Rostros hasta el Campo de batalla olvidado, y descubre secretos y misiones ocultas por el camino.<\/p>\n<p>Conoce a <strong>criaturas de leyenda <\/strong>que se convertir\u00e1n en tus aliadas y recluta a un compa\u00f1ero especial que puede acceder a nuevos m\u00e9todos de viaje y zonas secretas del mapamundi.<\/p>","protected":false},"excerpt":{"rendered":"<p>Si desea im\u00e1genes adicionales del producto, puede solicitarlas desde el formulario de contacto o en el email kaototienda@gmail.com Explora un mundo de fantas\u00eda inspirado por la belle \u00e9poque francesa en el que te enfrentar\u00e1s a enemigos devastadores. Una vez al a\u00f1o, la Pintora se despierta y pinta un n\u00famero en su monolito. Un n\u00famero maldito. [&hellip;]<\/p>\n","protected":false},"featured_media":6596,"template":"","meta":{"ocean_post_layout":"","ocean_both_sidebars_style":"","ocean_both_sidebars_content_width":0,"ocean_both_sidebars_sidebars_width":0,"ocean_sidebar":"","ocean_second_sidebar":"","ocean_disable_margins":"enable","ocean_add_body_class":"","ocean_shortcode_before_top_bar":"","ocean_shortcode_after_top_bar":"","ocean_shortcode_before_header":"","ocean_shortcode_after_header":"","ocean_has_shortcode":"","ocean_shortcode_after_title":"","ocean_shortcode_before_footer_widgets":"","ocean_shortcode_after_footer_widgets":"","ocean_shortcode_before_footer_bottom":"","ocean_shortcode_after_footer_bottom":"","ocean_display_top_bar":"default","ocean_display_header":"default","ocean_header_style":"","ocean_center_header_left_menu":"","ocean_custom_header_template":"","ocean_custom_logo":0,"ocean_custom_retina_logo":0,"ocean_custom_logo_max_width":0,"ocean_custom_logo_tablet_max_width":0,"ocean_custom_logo_mobile_max_width":0,"ocean_custom_logo_max_height":0,"ocean_custom_logo_tablet_max_height":0,"ocean_custom_logo_mobile_max_height":0,"ocean_header_custom_menu":"","ocean_menu_typo_font_family":"","ocean_menu_typo_font_subset":"","ocean_menu_typo_font_size":0,"ocean_menu_typo_font_size_tablet":0,"ocean_menu_typo_font_size_mobile":0,"ocean_menu_typo_font_size_unit":"px","ocean_menu_typo_font_weight":"","ocean_menu_typo_font_weight_tablet":"","ocean_menu_typo_font_weight_mobile":"","ocean_menu_typo_transform":"","ocean_menu_typo_transform_tablet":"","ocean_menu_typo_transform_mobile":"","ocean_menu_typo_line_height":0,"ocean_menu_typo_line_height_tablet":0,"ocean_menu_typo_line_height_mobile":0,"ocean_menu_typo_line_height_unit":"","ocean_menu_typo_spacing":0,"ocean_menu_typo_spacing_tablet":0,"ocean_menu_typo_spacing_mobile":0,"ocean_menu_typo_spacing_unit":"","ocean_menu_link_color":"","ocean_menu_link_color_hover":"","ocean_menu_link_color_active":"","ocean_menu_link_background":"","ocean_menu_link_hover_background":"","ocean_menu_link_active_background":"","ocean_menu_social_links_bg":"","ocean_menu_social_hover_links_bg":"","ocean_menu_social_links_color":"","ocean_menu_social_hover_links_color":"","ocean_disable_title":"default","ocean_disable_heading":"default","ocean_post_title":"","ocean_post_subheading":"","ocean_post_title_style":"","ocean_post_title_background_color":"","ocean_post_title_background":0,"ocean_post_title_bg_image_position":"","ocean_post_title_bg_image_attachment":"","ocean_post_title_bg_image_repeat":"","ocean_post_title_bg_image_size":"","ocean_post_title_height":0,"ocean_post_title_bg_overlay":0.5,"ocean_post_title_bg_overlay_color":"","ocean_disable_breadcrumbs":"default","ocean_breadcrumbs_color":"","ocean_breadcrumbs_separator_color":"","ocean_breadcrumbs_links_color":"","ocean_breadcrumbs_links_hover_color":"","ocean_display_footer_widgets":"default","ocean_display_footer_bottom":"default","ocean_custom_footer_template":""},"product_brand":[],"product_cat":[98,108,128],"product_tag":[],"class_list":{"0":"post-26450","1":"product","2":"type-product","3":"status-publish","4":"has-post-thumbnail","6":"product_cat-novedades","7":"product_cat-playstation-5","8":"product_cat-ultimas-entradas","10":"entry","11":"has-media","13":"first","14":"instock","15":"taxable","16":"shipping-taxable","17":"purchasable","18":"product-type-simple","19":"col","20":"span_1_of_3","21":"owp-content-center","22":"owp-thumbs-layout-horizontal","23":"owp-btn-normal","24":"owp-tabs-layout-horizontal"},"aioseo_notices":[],"_links":{"self":[{"href":"https:\/\/kaotostore.com\/en\/wp-json\/wp\/v2\/product\/26450","targetHints":{"allow":["GET"]}}],"collection":[{"href":"https:\/\/kaotostore.com\/en\/wp-json\/wp\/v2\/product"}],"about":[{"href":"https:\/\/kaotostore.com\/en\/wp-json\/wp\/v2\/types\/product"}],"wp:featuredmedia":[{"embeddable":true,"href":"https:\/\/kaotostore.com\/en\/wp-json\/wp\/v2\/media\/6596"}],"wp:attachment":[{"href":"https:\/\/kaotostore.com\/en\/wp-json\/wp\/v2\/media?parent=26450"}],"wp:term":[{"taxonomy":"product_brand","embeddable":true,"href":"https:\/\/kaotostore.com\/en\/wp-json\/wp\/v2\/product_brand?post=26450"},{"taxonomy":"product_cat","embeddable":true,"href":"https:\/\/kaotostore.com\/en\/wp-json\/wp\/v2\/product_cat?post=26450"},{"taxonomy":"product_tag","embeddable":true,"href":"https:\/\/kaotostore.com\/en\/wp-json\/wp\/v2\/product_tag?post=26450"}],"curies":[{"name":"wp","href":"https:\/\/api.w.org\/{rel}","templated":true}]}}