{"id":26406,"date":"2026-03-23T13:08:50","date_gmt":"2026-03-23T12:08:50","guid":{"rendered":"https:\/\/kaotostore.com\/producto\/caveblazers-switch-importacion-inglesa\/"},"modified":"2026-05-07T17:02:06","modified_gmt":"2026-05-07T15:02:06","slug":"caveblazers-switch-importacion-inglesa","status":"publish","type":"product","link":"https:\/\/kaotostore.com\/en\/product\/caveblazers-switch-importacion-inglesa\/","title":{"rendered":"Caveblazers SWITCH (Importaci\u00f3n inglesa)"},"content":{"rendered":"<div class=\"row row-content\">\n<div class=\"col-xs-12 content\"><strong>-Juego en castellano<\/strong><\/div>\n<div class=\"col-xs-12 content\">\n<strong><\/strong>\n<\/div>\n<div class=\"col-xs-12 content\">\n<span><\/span>\n<\/div>\n<div class=\"col-xs-12 content\">\n<span><\/span>\n<\/div>\n<div class=\"col-xs-12 content\">\n<p>Caveblazers es un juego de exploraci\u00f3n con plataformas y mucha acci\u00f3n ambientado en un mundo de fantas\u00eda. Cada partida es \u00fanica, con niveles que se van generando de forma aleatoria, donde descubrir\u00e1s una infinidad de objetos, armas y equipamiento.<\/p>\n<p>A medida que te vayas adentrando en la cueva, descubrir\u00e1s nuevas zonas para explorar, nuevas armas y nuevos monstruos contra los que usarlas.<\/p>\n<h2>\u00a1Personajes inteligentes!<\/h2>\n<p>A lo largo de tu viaje encontrar\u00e1s personajes controlados por la IA. Algunos amistosos, otros hostiles. Cuenta con un sistema de reconocimiento de caminos con el cual los personajes amigos te seguir\u00e1n a donde quiera que vayas y los enemigos ser\u00e1n capaces de rastrearte te escondas donde te escondas. No hay escapatoria. \u00a1Debes tener miedo!<\/p>\n<h2>\u00a1Exploraci\u00f3n y plataformas!<\/h2>\n<p>Caveblazers es un moderno juego de plataformas con elementos de los juegos de exploraci\u00f3n y de rol, como la muerte permanente, pociones misteriosas, un inventario similar al de los RPG y toneladas de objetos, equipamiento y mejoras.<\/p>\n<h2>\u00a1Desaf\u00edos diarios!<\/h2>\n<p>\u00a1Cada d\u00eda se generar\u00e1 una nueva aventura! \u00a1Ser\u00e1 la misma para todo el mundo y solo tendr\u00e1s una oportunidad para pas\u00e1rtela! En estos desaf\u00edos, empezar\u00e1s con un equipamiento inicial y unas caracter\u00edsticas concretas.<\/p>\n<h2>\u00a1Batallas con jefes \u00e9picos!<\/h2>\n<p>Al final de cada zona, te encontrar\u00e1s a un enemigo \u00fanico. Por eso, se requiere una estrategia diferente para derrotar a cada uno. Por lo general, son monstruos gigantes con barras de vida que ocupan toda la pantalla. \u00a1Buena suerte!<\/p>\n<h2>\u00a1Personalizaci\u00f3n del personaje!<\/h2>\n<p>\u00a1Una cantidad enorme de sombreros, t\u00fanicas, pantalones y capas desbloqueables! \u00bfO eres de los que les gusta quitarse todo y entrar en las cuevas en bolas? \u00a1Adelante!<\/p>\n<h2>\u00a1Combate desafiante!<\/h2>\n<p>A diferencia de otros juegos de exploraci\u00f3n de mazmorras modernos, Caveblazers se preocupa por el sistema de combate. Se aleja de los sistemas simplistas de otros juegos y le aporta diversi\u00f3n, fluidez y velocidad, todo dentro del estilo sangriento del juego.<\/p>\n<h2>\u00a1Desaf\u00edos!<\/h2>\n<p>Por si todo esto no fuera suficiente, Caveblazers contiene un mont\u00f3n de desaf\u00edos para retar a los jugadores m\u00e1s experimentados. \u00a1La recompensa ser\u00e1 nuevos objetos, armas y otras ventajas!<\/p>\n<\/div>\n<\/div>\n<p><!----><\/p>","protected":false},"excerpt":{"rendered":"<p>-Juego en castellano Caveblazers es un juego de exploraci\u00f3n con plataformas y mucha acci\u00f3n ambientado en un mundo de fantas\u00eda. Cada partida es \u00fanica, con niveles que se van generando de forma aleatoria, donde descubrir\u00e1s una infinidad de objetos, armas y equipamiento. A medida que te vayas adentrando en la cueva, descubrir\u00e1s nuevas zonas para [&hellip;]<\/p>\n","protected":false},"featured_media":6519,"template":"","meta":{"ocean_post_layout":"","ocean_both_sidebars_style":"","ocean_both_sidebars_content_width":0,"ocean_both_sidebars_sidebars_width":0,"ocean_sidebar":"","ocean_second_sidebar":"","ocean_disable_margins":"enable","ocean_add_body_class":"","ocean_shortcode_before_top_bar":"","ocean_shortcode_after_top_bar":"","ocean_shortcode_before_header":"","ocean_shortcode_after_header":"","ocean_has_shortcode":"","ocean_shortcode_after_title":"","ocean_shortcode_before_footer_widgets":"","ocean_shortcode_after_footer_widgets":"","ocean_shortcode_before_footer_bottom":"","ocean_shortcode_after_footer_bottom":"","ocean_display_top_bar":"default","ocean_display_header":"default","ocean_header_style":"","ocean_center_header_left_menu":"","ocean_custom_header_template":"","ocean_custom_logo":0,"ocean_custom_retina_logo":0,"ocean_custom_logo_max_width":0,"ocean_custom_logo_tablet_max_width":0,"ocean_custom_logo_mobile_max_width":0,"ocean_custom_logo_max_height":0,"ocean_custom_logo_tablet_max_height":0,"ocean_custom_logo_mobile_max_height":0,"ocean_header_custom_menu":"","ocean_menu_typo_font_family":"","ocean_menu_typo_font_subset":"","ocean_menu_typo_font_size":0,"ocean_menu_typo_font_size_tablet":0,"ocean_menu_typo_font_size_mobile":0,"ocean_menu_typo_font_size_unit":"px","ocean_menu_typo_font_weight":"","ocean_menu_typo_font_weight_tablet":"","ocean_menu_typo_font_weight_mobile":"","ocean_menu_typo_transform":"","ocean_menu_typo_transform_tablet":"","ocean_menu_typo_transform_mobile":"","ocean_menu_typo_line_height":0,"ocean_menu_typo_line_height_tablet":0,"ocean_menu_typo_line_height_mobile":0,"ocean_menu_typo_line_height_unit":"","ocean_menu_typo_spacing":0,"ocean_menu_typo_spacing_tablet":0,"ocean_menu_typo_spacing_mobile":0,"ocean_menu_typo_spacing_unit":"","ocean_menu_link_color":"","ocean_menu_link_color_hover":"","ocean_menu_link_color_active":"","ocean_menu_link_background":"","ocean_menu_link_hover_background":"","ocean_menu_link_active_background":"","ocean_menu_social_links_bg":"","ocean_menu_social_hover_links_bg":"","ocean_menu_social_links_color":"","ocean_menu_social_hover_links_color":"","ocean_disable_title":"default","ocean_disable_heading":"default","ocean_post_title":"","ocean_post_subheading":"","ocean_post_title_style":"","ocean_post_title_background_color":"","ocean_post_title_background":0,"ocean_post_title_bg_image_position":"","ocean_post_title_bg_image_attachment":"","ocean_post_title_bg_image_repeat":"","ocean_post_title_bg_image_size":"","ocean_post_title_height":0,"ocean_post_title_bg_overlay":0.5,"ocean_post_title_bg_overlay_color":"","ocean_disable_breadcrumbs":"default","ocean_breadcrumbs_color":"","ocean_breadcrumbs_separator_color":"","ocean_breadcrumbs_links_color":"","ocean_breadcrumbs_links_hover_color":"","ocean_display_footer_widgets":"default","ocean_display_footer_bottom":"default","ocean_custom_footer_template":""},"product_brand":[],"product_cat":[124],"product_tag":[],"class_list":{"0":"post-26406","1":"product","2":"type-product","3":"status-publish","4":"has-post-thumbnail","6":"product_cat-switch","8":"entry","9":"has-media","11":"first","12":"instock","13":"taxable","14":"shipping-taxable","15":"purchasable","16":"product-type-simple","17":"col","18":"span_1_of_3","19":"owp-content-center","20":"owp-thumbs-layout-horizontal","21":"owp-btn-normal","22":"owp-tabs-layout-horizontal","23":"has-no-thumbnails"},"aioseo_notices":[],"_links":{"self":[{"href":"https:\/\/kaotostore.com\/en\/wp-json\/wp\/v2\/product\/26406","targetHints":{"allow":["GET"]}}],"collection":[{"href":"https:\/\/kaotostore.com\/en\/wp-json\/wp\/v2\/product"}],"about":[{"href":"https:\/\/kaotostore.com\/en\/wp-json\/wp\/v2\/types\/product"}],"wp:featuredmedia":[{"embeddable":true,"href":"https:\/\/kaotostore.com\/en\/wp-json\/wp\/v2\/media\/6519"}],"wp:attachment":[{"href":"https:\/\/kaotostore.com\/en\/wp-json\/wp\/v2\/media?parent=26406"}],"wp:term":[{"taxonomy":"product_brand","embeddable":true,"href":"https:\/\/kaotostore.com\/en\/wp-json\/wp\/v2\/product_brand?post=26406"},{"taxonomy":"product_cat","embeddable":true,"href":"https:\/\/kaotostore.com\/en\/wp-json\/wp\/v2\/product_cat?post=26406"},{"taxonomy":"product_tag","embeddable":true,"href":"https:\/\/kaotostore.com\/en\/wp-json\/wp\/v2\/product_tag?post=26406"}],"curies":[{"name":"wp","href":"https:\/\/api.w.org\/{rel}","templated":true}]}}