{"id":25789,"date":"2026-03-23T13:02:25","date_gmt":"2026-03-23T12:02:25","guid":{"rendered":"https:\/\/kaotostore.com\/producto\/cartucho-evercade-the-llamasoft-collection-1-no10\/"},"modified":"2026-04-09T12:10:04","modified_gmt":"2026-04-09T10:10:04","slug":"cartucho-evercade-the-llamasoft-collection-1-no10","status":"publish","type":"product","link":"https:\/\/kaotostore.com\/en\/product\/cartucho-evercade-the-llamasoft-collection-1-no10\/","title":{"rendered":"Cartucho Evercade The Llamasoft Collection 1 N\u00ba10"},"content":{"rendered":"<h4><span style=\"color: rgb(255, 5, 5);\">Si desea im\u00e1genes adicionales del producto, puede solicitarlas desde el formulario de contacto o en el email kaototienda@gmail.com<\/p>\n<p><\/span><\/h4>\n<div>\n<p data-end=\"438\" data-start=\"82\"><strong data-end=\"135\" data-start=\"82\">Compra el Cartucho Evercade The Llamasoft Collection<\/strong> y disfruta de un viaje \u00fanico por la historia de los <strong>juegos indie y experimentales <\/strong>que marcaron \u00e9poca. Este cartucho re\u00fane <strong data-end=\"334\" data-start=\"263\">27 t\u00edtulos m\u00edticos de Jeff Minter y su legendario estudio Llamasoft<\/strong>, una de las desarrolladoras m\u00e1s extravagantes, creativas y adoradas por los fans de los juegos retro.<\/p>\n<p>Entre los cl\u00e1sicos incluidos encontrar\u00e1s joyas como<strong> Attack of the Mutant Camels, Gridrunner, Sheep in Space o Llamatron 2112,<\/strong> cada uno con el sello inconfundible de Minter:<strong> gr\u00e1ficos psicod\u00e9licos, acci\u00f3n fren\u00e9tica y un sentido del humor irreverente <\/strong>que lo han convertido en un verdadero referente del <strong>gaming underground.<\/strong><\/p>\n<p>El cartucho viene acompa\u00f1ado de un <strong data-end=\"831\" data-start=\"808\">manual a todo color<\/strong>, perfecto para los coleccionistas que valoran las ediciones f\u00edsicas con un toque especial. Adem\u00e1s, es <strong data-end=\"991\" data-start=\"934\">totalmente compatible con todos los sistemas Evercade<\/strong> (desde la port\u00e1til Handheld hasta los modelos m\u00e1s actuales como VS, EXP o Alpha), as\u00ed como con las consolas Super Pocket. Solo tendr\u00e1s que asegurarte de tener tu firmware actualizado para disfrutar al m\u00e1ximo de la experiencia.<\/p>\n<p><strong>Caracter\u00edsticas:<\/strong><br \/>\u00a0<\/p>\n<ul>\n<li data-end=\"1498\" data-start=\"1449\">\n<p data-end=\"1498\" data-start=\"1451\">Incluye 27 t\u00edtulos de Jeff Minter y Llamasoft<\/p>\n<\/li>\n<li data-end=\"1608\" data-start=\"1499\">\n<p data-end=\"1608\" data-start=\"1501\">Juegos legendarios: Attack of the Mutant Camels, Gridrunner, Sheep in Space, Llamatron 2112 y m\u00e1s<\/p>\n<\/li>\n<li data-end=\"1662\" data-start=\"1609\">\n<p data-end=\"1662\" data-start=\"1611\">Manual a todo color incluido en la edici\u00f3n f\u00edsica<\/p>\n<\/li>\n<li data-end=\"1737\" data-start=\"1663\">\n<p data-end=\"1737\" data-start=\"1665\">Compatible con todos los dispositivos Evercade y consolas Super Pocket<\/p>\n<\/li>\n<li data-end=\"1814\" data-start=\"1738\">\n<p data-end=\"1814\" data-start=\"1740\">Puede requerir actualizaci\u00f3n de firmware para su correcto funcionamiento<\/p>\n<\/li>\n<\/ul>\n<\/div>\n<p><\/p>","protected":false},"excerpt":{"rendered":"<p>Si desea im\u00e1genes adicionales del producto, puede solicitarlas desde el formulario de contacto o en el email kaototienda@gmail.com Compra el Cartucho Evercade The Llamasoft Collection y disfruta de un viaje \u00fanico por la historia de los juegos indie y experimentales que marcaron \u00e9poca. Este cartucho re\u00fane 27 t\u00edtulos m\u00edticos de Jeff Minter y su legendario [&hellip;]<\/p>\n","protected":false},"featured_media":6119,"template":"","meta":{"ocean_post_layout":"","ocean_both_sidebars_style":"","ocean_both_sidebars_content_width":0,"ocean_both_sidebars_sidebars_width":0,"ocean_sidebar":"","ocean_second_sidebar":"","ocean_disable_margins":"enable","ocean_add_body_class":"","ocean_shortcode_before_top_bar":"","ocean_shortcode_after_top_bar":"","ocean_shortcode_before_header":"","ocean_shortcode_after_header":"","ocean_has_shortcode":"","ocean_shortcode_after_title":"","ocean_shortcode_before_footer_widgets":"","ocean_shortcode_after_footer_widgets":"","ocean_shortcode_before_footer_bottom":"","ocean_shortcode_after_footer_bottom":"","ocean_display_top_bar":"default","ocean_display_header":"default","ocean_header_style":"","ocean_center_header_left_menu":"","ocean_custom_header_template":"","ocean_custom_logo":0,"ocean_custom_retina_logo":0,"ocean_custom_logo_max_width":0,"ocean_custom_logo_tablet_max_width":0,"ocean_custom_logo_mobile_max_width":0,"ocean_custom_logo_max_height":0,"ocean_custom_logo_tablet_max_height":0,"ocean_custom_logo_mobile_max_height":0,"ocean_header_custom_menu":"","ocean_menu_typo_font_family":"","ocean_menu_typo_font_subset":"","ocean_menu_typo_font_size":0,"ocean_menu_typo_font_size_tablet":0,"ocean_menu_typo_font_size_mobile":0,"ocean_menu_typo_font_size_unit":"px","ocean_menu_typo_font_weight":"","ocean_menu_typo_font_weight_tablet":"","ocean_menu_typo_font_weight_mobile":"","ocean_menu_typo_transform":"","ocean_menu_typo_transform_tablet":"","ocean_menu_typo_transform_mobile":"","ocean_menu_typo_line_height":0,"ocean_menu_typo_line_height_tablet":0,"ocean_menu_typo_line_height_mobile":0,"ocean_menu_typo_line_height_unit":"","ocean_menu_typo_spacing":0,"ocean_menu_typo_spacing_tablet":0,"ocean_menu_typo_spacing_mobile":0,"ocean_menu_typo_spacing_unit":"","ocean_menu_link_color":"","ocean_menu_link_color_hover":"","ocean_menu_link_color_active":"","ocean_menu_link_background":"","ocean_menu_link_hover_background":"","ocean_menu_link_active_background":"","ocean_menu_social_links_bg":"","ocean_menu_social_hover_links_bg":"","ocean_menu_social_links_color":"","ocean_menu_social_hover_links_color":"","ocean_disable_title":"default","ocean_disable_heading":"default","ocean_post_title":"","ocean_post_subheading":"","ocean_post_title_style":"","ocean_post_title_background_color":"","ocean_post_title_background":0,"ocean_post_title_bg_image_position":"","ocean_post_title_bg_image_attachment":"","ocean_post_title_bg_image_repeat":"","ocean_post_title_bg_image_size":"","ocean_post_title_height":0,"ocean_post_title_bg_overlay":0.5,"ocean_post_title_bg_overlay_color":"","ocean_disable_breadcrumbs":"default","ocean_breadcrumbs_color":"","ocean_breadcrumbs_separator_color":"","ocean_breadcrumbs_links_color":"","ocean_breadcrumbs_links_hover_color":"","ocean_display_footer_widgets":"default","ocean_display_footer_bottom":"default","ocean_custom_footer_template":""},"product_brand":[],"product_cat":[78,98,128],"product_tag":[],"class_list":{"0":"post-25789","1":"product","2":"type-product","3":"status-publish","4":"has-post-thumbnail","6":"product_cat-evercade","7":"product_cat-novedades","8":"product_cat-ultimas-entradas","10":"entry","11":"has-media","13":"first","14":"outofstock","15":"taxable","16":"shipping-taxable","17":"purchasable","18":"product-type-simple","19":"col","20":"span_1_of_3","21":"owp-content-center","22":"owp-thumbs-layout-horizontal","23":"owp-btn-normal","24":"owp-tabs-layout-horizontal","25":"has-no-thumbnails"},"aioseo_notices":[],"_links":{"self":[{"href":"https:\/\/kaotostore.com\/en\/wp-json\/wp\/v2\/product\/25789","targetHints":{"allow":["GET"]}}],"collection":[{"href":"https:\/\/kaotostore.com\/en\/wp-json\/wp\/v2\/product"}],"about":[{"href":"https:\/\/kaotostore.com\/en\/wp-json\/wp\/v2\/types\/product"}],"wp:featuredmedia":[{"embeddable":true,"href":"https:\/\/kaotostore.com\/en\/wp-json\/wp\/v2\/media\/6119"}],"wp:attachment":[{"href":"https:\/\/kaotostore.com\/en\/wp-json\/wp\/v2\/media?parent=25789"}],"wp:term":[{"taxonomy":"product_brand","embeddable":true,"href":"https:\/\/kaotostore.com\/en\/wp-json\/wp\/v2\/product_brand?post=25789"},{"taxonomy":"product_cat","embeddable":true,"href":"https:\/\/kaotostore.com\/en\/wp-json\/wp\/v2\/product_cat?post=25789"},{"taxonomy":"product_tag","embeddable":true,"href":"https:\/\/kaotostore.com\/en\/wp-json\/wp\/v2\/product_tag?post=25789"}],"curies":[{"name":"wp","href":"https:\/\/api.w.org\/{rel}","templated":true}]}}