{"id":25507,"date":"2026-03-23T12:58:40","date_gmt":"2026-03-23T11:58:40","guid":{"rendered":"https:\/\/kaotostore.com\/producto\/call-of-duty-wwii-playstation-4\/"},"modified":"2026-04-09T12:10:20","modified_gmt":"2026-04-09T10:10:20","slug":"call-of-duty-wwii-playstation-4","status":"publish","type":"product","link":"https:\/\/kaotostore.com\/en\/product\/call-of-duty-wwii-playstation-4\/","title":{"rendered":"Call of Duty WWII PLAYSTATION 4"},"content":{"rendered":"<h4>Lucha en los campos de batalla m\u00e1s emblem\u00e1ticos de la Segunda Guerra Mundial<\/h4>\n<p>Regresa al conflicto armado m\u00e1s emblem\u00e1tico del siglo XX y al dram\u00e1tico tel\u00f3n de fondo que sirvi\u00f3 de inspiraci\u00f3n para la conocida saga<span>\u00a0<\/span><em>Call of Duty<\/em>, actualmente redefinida para una nueva generaci\u00f3n de jugadores.<\/p>\n<p>Emb\u00e1rcate en un intenso viaje a trav\u00e9s del inmenso escenario de guerra europeo como parte de una hermandad de combatientes convencionales y lucha para preservar la libertad mientras el mundo se tambalea al borde de la tiran\u00eda. As\u00f3ciate en l\u00ednea con amigos y vive una campa\u00f1a cooperativa independiente basada en la narrativa.<\/p>\n<h4>UN NUEVO TIPO DE SOLDADO &#8211; Zombis nazis<\/h4>\n<p>Emb\u00e1rcate en un estremecedor y misterioso viaje por un pueblo b\u00e1varo cubierto de nieve en Mitterburg (Alemania), en el que intentar\u00e1s recuperar las obras de arte de un valor incalculable robadas por las Potencias del Eje &#8211; pero \u00e1ndate con cuidado, que este pueblo esconde un siniestro secreto y la clave de un poder inimaginable.<\/p>\n<h4>Acci\u00f3n fren\u00e9tica en tierra<\/h4>\n<p>Vive el flamante modo Guerra donde los jugadores deber\u00e1n trabajar en equipo para derrotar al enemigo. Esta experiencia narrativa multijugador sumerge a los jugadores en una serie de batallas legendarias de la Segunda Guerra Mundial, donde las fuerzas aliadas y del Eje se enfrentan en misiones por equipos de asalto y defensa.<\/p>\n<p>As\u00ed, las divisiones redefinir\u00e1n totalmente la forma en la que invertir\u00e1s en tu carrera multijugador. Elige de entre cinco divisiones legendarias de la Segunda Guerra Mundial con entrenamientos espec\u00edficos y habilidades de armas y refuerza tu estilo de juego individual mientras sometes al enemigo.<\/p>\n<h4>Cuartel general<\/h4>\n<p>Cuartel general es una experiencia de<span>\u00a0<\/span><em><strong>Call of Duty: WWII<\/strong><\/em><span>\u00a0<\/span>totalmente nueva y m\u00e1s all\u00e1 de las fronteras. Aqu\u00ed, competir\u00e1s, ganar\u00e1s recompensas, presumir\u00e1s de tus logros y te conectar\u00e1s con amigos. A diferencia de lo que ya conocido en<span>\u00a0<\/span><em>Call of Duty<\/em>, Cuartel general representa un lavado de cara para el apreciado modo multijugador de la saga y modifica la manera en la que te involucras con el juego y con los dem\u00e1s jugadores.<\/p>\n<p>Calienta en el campo de tiro, demuestra que eres el mejor en el foso 1 contra 1, ve las partidas eSports de<span>\u00a0<\/span><em>Call of Duty<\/em><span>\u00a0<\/span>en directo desde el Teatro, controla las armas antia\u00e9reas y mucho m\u00e1s en un espacio social dedicado.<\/p>","protected":false},"excerpt":{"rendered":"<p>Lucha en los campos de batalla m\u00e1s emblem\u00e1ticos de la Segunda Guerra Mundial Regresa al conflicto armado m\u00e1s emblem\u00e1tico del siglo XX y al dram\u00e1tico tel\u00f3n de fondo que sirvi\u00f3 de inspiraci\u00f3n para la conocida saga\u00a0Call of Duty, actualmente redefinida para una nueva generaci\u00f3n de jugadores. Emb\u00e1rcate en un intenso viaje a trav\u00e9s del inmenso [&hellip;]<\/p>\n","protected":false},"featured_media":5182,"template":"","meta":{"ocean_post_layout":"","ocean_both_sidebars_style":"","ocean_both_sidebars_content_width":0,"ocean_both_sidebars_sidebars_width":0,"ocean_sidebar":"","ocean_second_sidebar":"","ocean_disable_margins":"enable","ocean_add_body_class":"","ocean_shortcode_before_top_bar":"","ocean_shortcode_after_top_bar":"","ocean_shortcode_before_header":"","ocean_shortcode_after_header":"","ocean_has_shortcode":"","ocean_shortcode_after_title":"","ocean_shortcode_before_footer_widgets":"","ocean_shortcode_after_footer_widgets":"","ocean_shortcode_before_footer_bottom":"","ocean_shortcode_after_footer_bottom":"","ocean_display_top_bar":"default","ocean_display_header":"default","ocean_header_style":"","ocean_center_header_left_menu":"","ocean_custom_header_template":"","ocean_custom_logo":0,"ocean_custom_retina_logo":0,"ocean_custom_logo_max_width":0,"ocean_custom_logo_tablet_max_width":0,"ocean_custom_logo_mobile_max_width":0,"ocean_custom_logo_max_height":0,"ocean_custom_logo_tablet_max_height":0,"ocean_custom_logo_mobile_max_height":0,"ocean_header_custom_menu":"","ocean_menu_typo_font_family":"","ocean_menu_typo_font_subset":"","ocean_menu_typo_font_size":0,"ocean_menu_typo_font_size_tablet":0,"ocean_menu_typo_font_size_mobile":0,"ocean_menu_typo_font_size_unit":"px","ocean_menu_typo_font_weight":"","ocean_menu_typo_font_weight_tablet":"","ocean_menu_typo_font_weight_mobile":"","ocean_menu_typo_transform":"","ocean_menu_typo_transform_tablet":"","ocean_menu_typo_transform_mobile":"","ocean_menu_typo_line_height":0,"ocean_menu_typo_line_height_tablet":0,"ocean_menu_typo_line_height_mobile":0,"ocean_menu_typo_line_height_unit":"","ocean_menu_typo_spacing":0,"ocean_menu_typo_spacing_tablet":0,"ocean_menu_typo_spacing_mobile":0,"ocean_menu_typo_spacing_unit":"","ocean_menu_link_color":"","ocean_menu_link_color_hover":"","ocean_menu_link_color_active":"","ocean_menu_link_background":"","ocean_menu_link_hover_background":"","ocean_menu_link_active_background":"","ocean_menu_social_links_bg":"","ocean_menu_social_hover_links_bg":"","ocean_menu_social_links_color":"","ocean_menu_social_hover_links_color":"","ocean_disable_title":"default","ocean_disable_heading":"default","ocean_post_title":"","ocean_post_subheading":"","ocean_post_title_style":"","ocean_post_title_background_color":"","ocean_post_title_background":0,"ocean_post_title_bg_image_position":"","ocean_post_title_bg_image_attachment":"","ocean_post_title_bg_image_repeat":"","ocean_post_title_bg_image_size":"","ocean_post_title_height":0,"ocean_post_title_bg_overlay":0.5,"ocean_post_title_bg_overlay_color":"","ocean_disable_breadcrumbs":"default","ocean_breadcrumbs_color":"","ocean_breadcrumbs_separator_color":"","ocean_breadcrumbs_links_color":"","ocean_breadcrumbs_links_hover_color":"","ocean_display_footer_widgets":"default","ocean_display_footer_bottom":"default","ocean_custom_footer_template":""},"product_brand":[],"product_cat":[107],"product_tag":[],"class_list":{"0":"post-25507","1":"product","2":"type-product","3":"status-publish","4":"has-post-thumbnail","6":"product_cat-playstation-4","8":"entry","9":"has-media","11":"first","12":"instock","13":"taxable","14":"shipping-taxable","15":"purchasable","16":"product-type-simple","17":"col","18":"span_1_of_3","19":"owp-content-center","20":"owp-thumbs-layout-horizontal","21":"owp-btn-normal","22":"owp-tabs-layout-horizontal","23":"has-no-thumbnails"},"aioseo_notices":[],"_links":{"self":[{"href":"https:\/\/kaotostore.com\/en\/wp-json\/wp\/v2\/product\/25507","targetHints":{"allow":["GET"]}}],"collection":[{"href":"https:\/\/kaotostore.com\/en\/wp-json\/wp\/v2\/product"}],"about":[{"href":"https:\/\/kaotostore.com\/en\/wp-json\/wp\/v2\/types\/product"}],"wp:featuredmedia":[{"embeddable":true,"href":"https:\/\/kaotostore.com\/en\/wp-json\/wp\/v2\/media\/5182"}],"wp:attachment":[{"href":"https:\/\/kaotostore.com\/en\/wp-json\/wp\/v2\/media?parent=25507"}],"wp:term":[{"taxonomy":"product_brand","embeddable":true,"href":"https:\/\/kaotostore.com\/en\/wp-json\/wp\/v2\/product_brand?post=25507"},{"taxonomy":"product_cat","embeddable":true,"href":"https:\/\/kaotostore.com\/en\/wp-json\/wp\/v2\/product_cat?post=25507"},{"taxonomy":"product_tag","embeddable":true,"href":"https:\/\/kaotostore.com\/en\/wp-json\/wp\/v2\/product_tag?post=25507"}],"curies":[{"name":"wp","href":"https:\/\/api.w.org\/{rel}","templated":true}]}}