{"id":25502,"date":"2026-03-23T12:58:34","date_gmt":"2026-03-23T11:58:34","guid":{"rendered":"https:\/\/kaotostore.com\/producto\/call-of-duty-modern-warfare-3-playstation-3\/"},"modified":"2026-05-07T10:35:12","modified_gmt":"2026-05-07T08:35:12","slug":"call-of-duty-modern-warfare-3-playstation-3","status":"publish","type":"product","link":"https:\/\/kaotostore.com\/en\/product\/call-of-duty-modern-warfare-3-playstation-3\/","title":{"rendered":"Call of Duty Modern Warfare 3 PLAYSTATION 3"},"content":{"rendered":"<div>\n<p><strong><span style=\"color: rgb(255, 5, 5);\">Si desea im\u00e1genes adicionales del producto, puede solicitarlas desde el formulario de contacto o en el email kaototienda@gmail.com<\/span><\/strong><\/p>\n<p>\u00a0<\/p>\n<div>\n<h4>Pointstreaks y Paquetes de Strike<\/h4>\n<p>Killstreaks, los beneficios y la capacidad de estiramiento y varias muertes, se han transformado en Pointstreaks, creando un sistema que premia los jugadores tanto de aterrizaje mata y completar los objetivos. Estos premios se han dividido en tres categor\u00edas diferentes, conocidos como paquetes de huelga:<\/p>\n<ul>\n<li>Asalto &#8211; Pointstreaks dentro este paquete de cadena y da\u00f1o directo. Incluye cl\u00e1sicos como el misil Predator y el ataque de helic\u00f3ptero . Su racha se restablece en la muerte.<\/li>\n<li>Soporte &#8211; Pointstreaks dentro de este paquete no cadena, centr\u00e1ndose en el cambio de la vigilancia y la interrupci\u00f3n. Su racha no se restablece en el significado de muerte que reaparecer\u00e1n con usted.<\/li>\n<li>Especialista &#8211; Pointstreaks dentro de este paquete est\u00e1n dise\u00f1ados para jugadores avanzados. Las recompensas venidas a la forma de adicional se animan para el rendimiento \u00f3ptimo. \u00c9stos se animan \u00faltimo hasta la muerte.<\/li>\n<\/ul>\n<h4>Competencias de arma<\/h4>\n<p>Justo como su jugador, las armas ahora rango desbloqueo accesorios, ret\u00edculas, camos y la nueva categor\u00eda de competencia. Competencias de arma no s\u00f3lo permiten obtener mejor con las armas, tambi\u00e9n permiten que personalizar tus armas con atributos \u00fatiles tales como \u00abRetroceso\u00bb para el retroceso reducido, \u00abimpacto\u00bb para una penetraci\u00f3n m\u00e1s profunda a trav\u00e9s de superficies duras y mucho m\u00e1s. Muchos conocimientos son espec\u00edficos a su clase de armas. Y todos est\u00e1n orientados a la mejora de un determinado estilo de juego y pueden permitir un uso eficiente de sus armas favoritas en mapas y modos de juego en el que no lo contrario sean la mejor opci\u00f3n.<\/p>\n<h4>Modos y personalizaci\u00f3n del partido<\/h4>\n<p>Junto con el retorno favoritos de los fans de <strong><em>Call of Duty: Modern Warfare 3 <\/em><\/strong>presenta varios nuevos modos de juego. Recolectar etiquetas de perro de jugadores muertos, los de tu equipo incluidos mientras que evitar el equipo de oposici\u00f3n de tomar el tuyo en el modo de matar a confirmado. En modo del equipo defensor, agarra la bandera y proteger a la aerol\u00ednea de bandera para como puedas para aumentar la puntuaci\u00f3n de su equipo. Adem\u00e1s los jugadores podr\u00e1n disfrutar de funcionalidad de modo de partido de usuario generada que permite configurar cualquier modo c\u00f3mo quieren y luego compartir estos sobre el <em>Call of Duty<\/em>: servicio en l\u00ednea de Elite.<\/p>\n<h4>2-jugador Co-op operaciones especiales de modo supervivencia<\/h4>\n<p>La acci\u00f3n cooperativa Ops especial vuelve con un grupo de adiciones, incluso 16 nuevas misiones basadas en el objetivo y el todo-nuevo Modo de Supervivencia. Forme un equipo en l\u00ednea, en la localidad, o juega solo y enfrentar interminables oleadas de atacar a los enemigos en cada mapa multijugador. Compra y personaliza tus armas, apoyo a\u00e9reo, equipo y habilidades para plantarse ante las fuerzas cada vez m\u00e1s dif\u00edciles y la tierra un lugar en la tabla de clasificaci\u00f3n. Ganar experiencia y rango para arriba con el sistema de progresi\u00f3n reci\u00e9n implementado. Cuanto mayor sea el rango, m\u00e1s armas, apoyo a\u00e9reo y Armer\u00eda tienes disponibles para personalizar as\u00ed que usted puede cambiar sus t\u00e1cticas sobre la marcha del engranaje. Adem\u00e1s el lleno batalla por la libertad de acci\u00f3n, el modo de supervivencia cooperativo tambi\u00e9n sirve como una herramienta de entrenamiento eficaz para la acci\u00f3n multijugador competitivo.<\/p>\n<\/div>\n<p>\n<\/div>\n<p><!----><\/p>","protected":false},"excerpt":{"rendered":"<p>Si desea im\u00e1genes adicionales del producto, puede solicitarlas desde el formulario de contacto o en el email kaototienda@gmail.com \u00a0 Pointstreaks y Paquetes de Strike Killstreaks, los beneficios y la capacidad de estiramiento y varias muertes, se han transformado en Pointstreaks, creando un sistema que premia los jugadores tanto de aterrizaje mata y completar los objetivos. [&hellip;]<\/p>\n","protected":false},"featured_media":5166,"template":"","meta":{"ocean_post_layout":"","ocean_both_sidebars_style":"","ocean_both_sidebars_content_width":0,"ocean_both_sidebars_sidebars_width":0,"ocean_sidebar":"","ocean_second_sidebar":"","ocean_disable_margins":"enable","ocean_add_body_class":"","ocean_shortcode_before_top_bar":"","ocean_shortcode_after_top_bar":"","ocean_shortcode_before_header":"","ocean_shortcode_after_header":"","ocean_has_shortcode":"","ocean_shortcode_after_title":"","ocean_shortcode_before_footer_widgets":"","ocean_shortcode_after_footer_widgets":"","ocean_shortcode_before_footer_bottom":"","ocean_shortcode_after_footer_bottom":"","ocean_display_top_bar":"default","ocean_display_header":"default","ocean_header_style":"","ocean_center_header_left_menu":"","ocean_custom_header_template":"","ocean_custom_logo":0,"ocean_custom_retina_logo":0,"ocean_custom_logo_max_width":0,"ocean_custom_logo_tablet_max_width":0,"ocean_custom_logo_mobile_max_width":0,"ocean_custom_logo_max_height":0,"ocean_custom_logo_tablet_max_height":0,"ocean_custom_logo_mobile_max_height":0,"ocean_header_custom_menu":"","ocean_menu_typo_font_family":"","ocean_menu_typo_font_subset":"","ocean_menu_typo_font_size":0,"ocean_menu_typo_font_size_tablet":0,"ocean_menu_typo_font_size_mobile":0,"ocean_menu_typo_font_size_unit":"px","ocean_menu_typo_font_weight":"","ocean_menu_typo_font_weight_tablet":"","ocean_menu_typo_font_weight_mobile":"","ocean_menu_typo_transform":"","ocean_menu_typo_transform_tablet":"","ocean_menu_typo_transform_mobile":"","ocean_menu_typo_line_height":0,"ocean_menu_typo_line_height_tablet":0,"ocean_menu_typo_line_height_mobile":0,"ocean_menu_typo_line_height_unit":"","ocean_menu_typo_spacing":0,"ocean_menu_typo_spacing_tablet":0,"ocean_menu_typo_spacing_mobile":0,"ocean_menu_typo_spacing_unit":"","ocean_menu_link_color":"","ocean_menu_link_color_hover":"","ocean_menu_link_color_active":"","ocean_menu_link_background":"","ocean_menu_link_hover_background":"","ocean_menu_link_active_background":"","ocean_menu_social_links_bg":"","ocean_menu_social_hover_links_bg":"","ocean_menu_social_links_color":"","ocean_menu_social_hover_links_color":"","ocean_disable_title":"default","ocean_disable_heading":"default","ocean_post_title":"","ocean_post_subheading":"","ocean_post_title_style":"","ocean_post_title_background_color":"","ocean_post_title_background":0,"ocean_post_title_bg_image_position":"","ocean_post_title_bg_image_attachment":"","ocean_post_title_bg_image_repeat":"","ocean_post_title_bg_image_size":"","ocean_post_title_height":0,"ocean_post_title_bg_overlay":0.5,"ocean_post_title_bg_overlay_color":"","ocean_disable_breadcrumbs":"default","ocean_breadcrumbs_color":"","ocean_breadcrumbs_separator_color":"","ocean_breadcrumbs_links_color":"","ocean_breadcrumbs_links_hover_color":"","ocean_display_footer_widgets":"default","ocean_display_footer_bottom":"default","ocean_custom_footer_template":""},"product_brand":[],"product_cat":[106],"product_tag":[],"class_list":{"0":"post-25502","1":"product","2":"type-product","3":"status-publish","4":"has-post-thumbnail","6":"product_cat-playstation-3","8":"entry","9":"has-media","11":"first","12":"instock","13":"taxable","14":"shipping-taxable","15":"purchasable","16":"product-type-simple","17":"col","18":"span_1_of_3","19":"owp-content-center","20":"owp-thumbs-layout-horizontal","21":"owp-btn-normal","22":"owp-tabs-layout-horizontal","23":"has-no-thumbnails"},"aioseo_notices":[],"_links":{"self":[{"href":"https:\/\/kaotostore.com\/en\/wp-json\/wp\/v2\/product\/25502","targetHints":{"allow":["GET"]}}],"collection":[{"href":"https:\/\/kaotostore.com\/en\/wp-json\/wp\/v2\/product"}],"about":[{"href":"https:\/\/kaotostore.com\/en\/wp-json\/wp\/v2\/types\/product"}],"wp:featuredmedia":[{"embeddable":true,"href":"https:\/\/kaotostore.com\/en\/wp-json\/wp\/v2\/media\/5166"}],"wp:attachment":[{"href":"https:\/\/kaotostore.com\/en\/wp-json\/wp\/v2\/media?parent=25502"}],"wp:term":[{"taxonomy":"product_brand","embeddable":true,"href":"https:\/\/kaotostore.com\/en\/wp-json\/wp\/v2\/product_brand?post=25502"},{"taxonomy":"product_cat","embeddable":true,"href":"https:\/\/kaotostore.com\/en\/wp-json\/wp\/v2\/product_cat?post=25502"},{"taxonomy":"product_tag","embeddable":true,"href":"https:\/\/kaotostore.com\/en\/wp-json\/wp\/v2\/product_tag?post=25502"}],"curies":[{"name":"wp","href":"https:\/\/api.w.org\/{rel}","templated":true}]}}