{"id":25386,"date":"2026-03-23T12:56:41","date_gmt":"2026-03-23T11:56:41","guid":{"rendered":"https:\/\/kaotostore.com\/producto\/brain-training-nintendo-ds\/"},"modified":"2026-04-08T12:59:19","modified_gmt":"2026-04-08T10:59:19","slug":"brain-training-nintendo-ds","status":"publish","type":"product","link":"https:\/\/kaotostore.com\/en\/product\/brain-training-nintendo-ds\/","title":{"rendered":"Brain Training NINTENDO DS"},"content":{"rendered":"<p><span><strong><span style=\"color: rgb(255, 5, 5);\">Si desea im\u00e1genes adicionales del producto, puede solicitarlas desde el formulario de contacto o en el email kaototienda@gmail.com<\/span><\/strong><\/span><\/p>\n<h4><\/h4>\n<p><span>Tras a\u00f1os de estudios, el profesor Ryuta Kawashima, un renombrado investigador en neurolog\u00eda japon\u00e9s, ha desarrollado una serie de ejercicios r\u00e1pidos y desafiantes dise\u00f1ados para reforzar la capacidad del cerebro. Esos retos mentales han sido trasladados y adaptados al software de Nintendo DS bajo el nombre de (BRAIN TRAINING del Dr. Kawashima. \u00bfCu\u00e1ntos a\u00f1os tiene tu cerebro?) para permitir a sus usuarios entrenar su cerebro ejercitando su cerebro en solo unos pocos minutos al d\u00eda\u00a0<\/span><\/p>\n<p><span>Junto a los ejercicios mentales, los usuarios tambi\u00e9n pueden disfrutar de los populares Sudokus, perfectamente adaptados a los controles de la pantalla t\u00e1ctil de la consola.<\/span><\/p>\n<p><span>Para empezar, el programa mide mediante un test la agilidad mental del usuario en funci\u00f3n de la velocidad y el acierto con el que resuelva retos sencillos, como problemas aritm\u00e9ticos simples o recordar palabras. Para que despu\u00e9s podamos observar la evoluci\u00f3n con el entrenamiento, el software usa la met\u00e1fora de la edad cerebral. \u00c9ste no es un t\u00e9rmino cient\u00edfico, pero se incorpora al programa para reflejar de forma muy gr\u00e1fica cu\u00e1l es el nivel del usuario.<\/span><\/p>\n<p><span>Pues bien, una vez que el usuario establece su edad cerebral, Brain Training dise\u00f1a un programa de entrenamiento para ayudarte a mejorarla. Gracias al calendario, el usuario puede seguir su progreso con facilidad. Todos los ejercicios del programa est\u00e1n basados en operaciones matem\u00e1ticas sencillas y pruebas basadas en el manejo y conocimiento del lenguaje. \u00a1No te creer\u00e1s lo sencillo y divertido que resulta!<\/span><\/p>\n<p><span>Para completar los ejercicios el usuario debe coger la Nintendo DS como si fuera un libro: leer\u00e1 los test en la pantalla izquierda y los resolver\u00e1 en la pantalla t\u00e1ctil de la derecha y al contrario si es zurdo. Es precisamente la tecnolog\u00eda t\u00e1ctil la que permite escribir las respuestas de forma muy intuitiva. El micr\u00f3fono de la consola, adem\u00e1s, permite tambi\u00e9n usar el reconocimiento de voz para completar alunas pruebas.<\/span><\/p>\n<p><span>Los retos mentales del profesor Kawashima pueden ser jugador con amigos. Usando la tecnolog\u00eda inal\u00e1mbrica de la consola hasta 16 jugadores pueden retarse en una carrera matem\u00e1tica con una \u00fanica tarjeta de juego.<\/span><\/p>\n<p><span>Podr\u00e1s entrenarte con m\u00e1s de 10 pruebas diferentes.<\/span><\/p>\n<p><!----><\/p>","protected":false},"excerpt":{"rendered":"<p>Si desea im\u00e1genes adicionales del producto, puede solicitarlas desde el formulario de contacto o en el email kaototienda@gmail.com Tras a\u00f1os de estudios, el profesor Ryuta Kawashima, un renombrado investigador en neurolog\u00eda japon\u00e9s, ha desarrollado una serie de ejercicios r\u00e1pidos y desafiantes dise\u00f1ados para reforzar la capacidad del cerebro. Esos retos mentales han sido trasladados y [&hellip;]<\/p>\n","protected":false},"featured_media":4622,"template":"","meta":{"ocean_post_layout":"","ocean_both_sidebars_style":"","ocean_both_sidebars_content_width":0,"ocean_both_sidebars_sidebars_width":0,"ocean_sidebar":"","ocean_second_sidebar":"","ocean_disable_margins":"enable","ocean_add_body_class":"","ocean_shortcode_before_top_bar":"","ocean_shortcode_after_top_bar":"","ocean_shortcode_before_header":"","ocean_shortcode_after_header":"","ocean_has_shortcode":"","ocean_shortcode_after_title":"","ocean_shortcode_before_footer_widgets":"","ocean_shortcode_after_footer_widgets":"","ocean_shortcode_before_footer_bottom":"","ocean_shortcode_after_footer_bottom":"","ocean_display_top_bar":"default","ocean_display_header":"default","ocean_header_style":"","ocean_center_header_left_menu":"","ocean_custom_header_template":"","ocean_custom_logo":0,"ocean_custom_retina_logo":0,"ocean_custom_logo_max_width":0,"ocean_custom_logo_tablet_max_width":0,"ocean_custom_logo_mobile_max_width":0,"ocean_custom_logo_max_height":0,"ocean_custom_logo_tablet_max_height":0,"ocean_custom_logo_mobile_max_height":0,"ocean_header_custom_menu":"","ocean_menu_typo_font_family":"","ocean_menu_typo_font_subset":"","ocean_menu_typo_font_size":0,"ocean_menu_typo_font_size_tablet":0,"ocean_menu_typo_font_size_mobile":0,"ocean_menu_typo_font_size_unit":"px","ocean_menu_typo_font_weight":"","ocean_menu_typo_font_weight_tablet":"","ocean_menu_typo_font_weight_mobile":"","ocean_menu_typo_transform":"","ocean_menu_typo_transform_tablet":"","ocean_menu_typo_transform_mobile":"","ocean_menu_typo_line_height":0,"ocean_menu_typo_line_height_tablet":0,"ocean_menu_typo_line_height_mobile":0,"ocean_menu_typo_line_height_unit":"","ocean_menu_typo_spacing":0,"ocean_menu_typo_spacing_tablet":0,"ocean_menu_typo_spacing_mobile":0,"ocean_menu_typo_spacing_unit":"","ocean_menu_link_color":"","ocean_menu_link_color_hover":"","ocean_menu_link_color_active":"","ocean_menu_link_background":"","ocean_menu_link_hover_background":"","ocean_menu_link_active_background":"","ocean_menu_social_links_bg":"","ocean_menu_social_hover_links_bg":"","ocean_menu_social_links_color":"","ocean_menu_social_hover_links_color":"","ocean_disable_title":"default","ocean_disable_heading":"default","ocean_post_title":"","ocean_post_subheading":"","ocean_post_title_style":"","ocean_post_title_background_color":"","ocean_post_title_background":0,"ocean_post_title_bg_image_position":"","ocean_post_title_bg_image_attachment":"","ocean_post_title_bg_image_repeat":"","ocean_post_title_bg_image_size":"","ocean_post_title_height":0,"ocean_post_title_bg_overlay":0.5,"ocean_post_title_bg_overlay_color":"","ocean_disable_breadcrumbs":"default","ocean_breadcrumbs_color":"","ocean_breadcrumbs_separator_color":"","ocean_breadcrumbs_links_color":"","ocean_breadcrumbs_links_hover_color":"","ocean_display_footer_widgets":"default","ocean_display_footer_bottom":"default","ocean_custom_footer_template":""},"product_brand":[],"product_cat":[96],"product_tag":[],"class_list":{"0":"post-25386","1":"product","2":"type-product","3":"status-publish","4":"has-post-thumbnail","6":"product_cat-nintendo-ds","8":"entry","9":"has-media","11":"first","12":"instock","13":"taxable","14":"shipping-taxable","15":"purchasable","16":"product-type-simple","17":"col","18":"span_1_of_3","19":"owp-content-center","20":"owp-thumbs-layout-horizontal","21":"owp-btn-normal","22":"owp-tabs-layout-horizontal","23":"has-no-thumbnails"},"aioseo_notices":[],"_links":{"self":[{"href":"https:\/\/kaotostore.com\/en\/wp-json\/wp\/v2\/product\/25386","targetHints":{"allow":["GET"]}}],"collection":[{"href":"https:\/\/kaotostore.com\/en\/wp-json\/wp\/v2\/product"}],"about":[{"href":"https:\/\/kaotostore.com\/en\/wp-json\/wp\/v2\/types\/product"}],"wp:featuredmedia":[{"embeddable":true,"href":"https:\/\/kaotostore.com\/en\/wp-json\/wp\/v2\/media\/4622"}],"wp:attachment":[{"href":"https:\/\/kaotostore.com\/en\/wp-json\/wp\/v2\/media?parent=25386"}],"wp:term":[{"taxonomy":"product_brand","embeddable":true,"href":"https:\/\/kaotostore.com\/en\/wp-json\/wp\/v2\/product_brand?post=25386"},{"taxonomy":"product_cat","embeddable":true,"href":"https:\/\/kaotostore.com\/en\/wp-json\/wp\/v2\/product_cat?post=25386"},{"taxonomy":"product_tag","embeddable":true,"href":"https:\/\/kaotostore.com\/en\/wp-json\/wp\/v2\/product_tag?post=25386"}],"curies":[{"name":"wp","href":"https:\/\/api.w.org\/{rel}","templated":true}]}}