{"id":25294,"date":"2026-03-23T12:49:56","date_gmt":"2026-03-23T11:49:56","guid":{"rendered":"https:\/\/kaotostore.com\/producto\/blasphemous-ii-limited-collectors-edition-series-x\/"},"modified":"2026-04-09T12:21:04","modified_gmt":"2026-04-09T10:21:04","slug":"blasphemous-ii-limited-collectors-edition-series-x","status":"publish","type":"product","link":"https:\/\/kaotostore.com\/en\/product\/blasphemous-ii-limited-collectors-edition-series-x\/","title":{"rendered":"Blasphemous II Limited Collectors Edition SERIES X"},"content":{"rendered":"<p><strong>La edici\u00f3n coleccionista contiene:<\/strong><br \/>\u00a0<\/p>\n<ul>\n<li>Videojuego est\u00e1ndar<\/li>\n<li>Caja edici\u00f3n coleccionista<\/li>\n<li>Steelbook<\/li>\n<li>Manual de instrucciones<\/li>\n<li>2 CD&#8217;s Banda Sonora Original Edici\u00f3n coleccionista<\/li>\n<li>Banda Sonora Digital<\/li>\n<li>Gu\u00eda del juego<\/li>\n<li>Marca del Martirio (moneda de metal)<\/li>\n<li>Set de l\u00e1minas<\/li>\n<li>Album de Ilustraciones<\/li>\n<li>Carta de Agradecimiento<\/li>\n<li>Certificado de Autenticidad<\/li>\n<\/ul>\n<p>Acabar con ellos no ser\u00e1 f\u00e1cil, pero <strong>Blasphemous 2 te ofrece m\u00e1s posibilidades <\/strong>para personalizar <strong>y mejorar un repertorio de nuevas y espectaculares habilidades<\/strong>, adem\u00e1s de <strong>ampliar el arsenal de El Penitente con legendarias y devastadoras armas<\/strong>. Con tus <strong>ansias de justicia y furia infinitas<\/strong>, la victoria podr\u00eda estar a tu alcance. En <strong>\u00faltima instancia, solo hay una cosa segura&#8230; LA PENITENCIA NUNCA TERMINA.<\/strong><\/p>\n<p><strong>Despertado en una nueva tierra extra\u00f1a <\/strong>y desplazado de su lugar de descanso final, <strong>El Penitente vuelve a ser arrojado al interminable ciclo de vida, muerte y resurrecci\u00f3n,<\/strong> sin m\u00e1s opci\u00f3n que <strong>explorar este peligroso nuevo mundo <\/strong>y descubrir sus secretos largo tiempo olvidados.<\/p>\n<p><strong>Hordas de grotescos enemigos se interpondr\u00e1n en tu camino<\/strong>, aguardando el <strong>juicio final de la brutal mano de El Penitente<\/strong>, con <strong>tit\u00e1nicos jefes retorcidos <\/strong>que tambi\u00e9n acechan en la oscuridad, a la espera de una oportunidad<strong> para mandarte de vuelta a la tumba de la que saliste.<\/strong><\/p>\n<p>Acabar con ellos no ser\u00e1 f\u00e1cil, pero <strong>Blasphemous 2<\/strong> ofrece m\u00e1s posibilidades para <strong>personalizar y mejorar tu repertorio de habilidades<\/strong>, adem\u00e1s de varias armas \u00fanicas que empu\u00f1ar con tus <strong>ansias de justicia y furia infinita<\/strong>, la victoria podr\u00eda estar a tu alcance.<\/p>\n<p><strong>Caracter\u00edsticas:<\/p>\n<p>Explora un mundo no lineal m\u00e1s completo<\/strong><br \/>Despu\u00e9s de despertar en una extra\u00f1a nueva tierra, tu aventura empieza de nuevo con una serie de paisajes encantadoramente grotescos, que rezuman atractivo g\u00f3tico y est\u00e1n plagados de trampas despiadadas. T\u00fa decides c\u00f3mo abordar este mundo laber\u00edntico, no hay decisiones incorrectas, solo cuentas que zanjar.<\/p>\n<p><strong>Combate salvaje<\/strong><br \/>El Penitente no tiene piedad y, con su repertorio de nuevas armas que ofrecen nuevos movimientos, ejecuciones brutales y combos ampliados, la destrucci\u00f3n caer\u00e1 sobre cualquiera que se interponga en su camino.<\/p>\n<p><strong>Personaliza tu sesi\u00f3n de juego a tu manera.<\/strong><br \/>Blasphemous 2 ofrece nuevas formas de jugar y te brinda la capacidad de personalizar y mejorar tu conjunto de habilidades b\u00e1sicas, adem\u00e1s de varias armas nuevas \u00fanicas con las que realizar ataques devastadores contra tus enemigos.<\/p>\n<p><strong>Grandiosas batallas apasionantes contra jefes<\/strong><br \/>Hordas de enemigos monstruosos se interponen entre t\u00fa y tu objetivo; jefes retorcidos con rutinas de ataque exclusivas y capacidades aplastantes pondr\u00e1n a prueba tus habilidades mientras luchas por alzarte con la victoria cuando las aguas se calmen.<\/p>\n<p><strong>Explora un completo mundo nuevo<\/strong><br \/>Te aguarda todo un mundo nuevo rebosante de nuevos PNJ misteriosos con los que interactuar; unos te ofrecer\u00e1n su ayuda y otros te la pedir\u00e1n, mientras que algunos te encomendar\u00e1n misiones temerarias para conseguir objetos olvidados hace mucho tiempo.<\/p>\n<p>Con tantas cosas que ver y hacer, las historias y los mitos que encontrar\u00e1s te ayudar\u00e1n a desentra\u00f1ar la infinidad de secretos del juego y te proporcionar\u00e1n una comprensi\u00f3n m\u00e1s profunda de este extra\u00f1o nuevo mundo.<\/p>","protected":false},"excerpt":{"rendered":"<p>La edici\u00f3n coleccionista contiene:\u00a0 Videojuego est\u00e1ndar Caja edici\u00f3n coleccionista Steelbook Manual de instrucciones 2 CD&#8217;s Banda Sonora Original Edici\u00f3n coleccionista Banda Sonora Digital Gu\u00eda del juego Marca del Martirio (moneda de metal) Set de l\u00e1minas Album de Ilustraciones Carta de Agradecimiento Certificado de Autenticidad Acabar con ellos no ser\u00e1 f\u00e1cil, pero Blasphemous 2 te ofrece [&hellip;]<\/p>\n","protected":false},"featured_media":4012,"template":"","meta":{"ocean_post_layout":"","ocean_both_sidebars_style":"","ocean_both_sidebars_content_width":0,"ocean_both_sidebars_sidebars_width":0,"ocean_sidebar":"","ocean_second_sidebar":"","ocean_disable_margins":"enable","ocean_add_body_class":"","ocean_shortcode_before_top_bar":"","ocean_shortcode_after_top_bar":"","ocean_shortcode_before_header":"","ocean_shortcode_after_header":"","ocean_has_shortcode":"","ocean_shortcode_after_title":"","ocean_shortcode_before_footer_widgets":"","ocean_shortcode_after_footer_widgets":"","ocean_shortcode_before_footer_bottom":"","ocean_shortcode_after_footer_bottom":"","ocean_display_top_bar":"default","ocean_display_header":"default","ocean_header_style":"","ocean_center_header_left_menu":"","ocean_custom_header_template":"","ocean_custom_logo":0,"ocean_custom_retina_logo":0,"ocean_custom_logo_max_width":0,"ocean_custom_logo_tablet_max_width":0,"ocean_custom_logo_mobile_max_width":0,"ocean_custom_logo_max_height":0,"ocean_custom_logo_tablet_max_height":0,"ocean_custom_logo_mobile_max_height":0,"ocean_header_custom_menu":"","ocean_menu_typo_font_family":"","ocean_menu_typo_font_subset":"","ocean_menu_typo_font_size":0,"ocean_menu_typo_font_size_tablet":0,"ocean_menu_typo_font_size_mobile":0,"ocean_menu_typo_font_size_unit":"px","ocean_menu_typo_font_weight":"","ocean_menu_typo_font_weight_tablet":"","ocean_menu_typo_font_weight_mobile":"","ocean_menu_typo_transform":"","ocean_menu_typo_transform_tablet":"","ocean_menu_typo_transform_mobile":"","ocean_menu_typo_line_height":0,"ocean_menu_typo_line_height_tablet":0,"ocean_menu_typo_line_height_mobile":0,"ocean_menu_typo_line_height_unit":"","ocean_menu_typo_spacing":0,"ocean_menu_typo_spacing_tablet":0,"ocean_menu_typo_spacing_mobile":0,"ocean_menu_typo_spacing_unit":"","ocean_menu_link_color":"","ocean_menu_link_color_hover":"","ocean_menu_link_color_active":"","ocean_menu_link_background":"","ocean_menu_link_hover_background":"","ocean_menu_link_active_background":"","ocean_menu_social_links_bg":"","ocean_menu_social_hover_links_bg":"","ocean_menu_social_links_color":"","ocean_menu_social_hover_links_color":"","ocean_disable_title":"default","ocean_disable_heading":"default","ocean_post_title":"","ocean_post_subheading":"","ocean_post_title_style":"","ocean_post_title_background_color":"","ocean_post_title_background":0,"ocean_post_title_bg_image_position":"","ocean_post_title_bg_image_attachment":"","ocean_post_title_bg_image_repeat":"","ocean_post_title_bg_image_size":"","ocean_post_title_height":0,"ocean_post_title_bg_overlay":0.5,"ocean_post_title_bg_overlay_color":"","ocean_disable_breadcrumbs":"default","ocean_breadcrumbs_color":"","ocean_breadcrumbs_separator_color":"","ocean_breadcrumbs_links_color":"","ocean_breadcrumbs_links_hover_color":"","ocean_display_footer_widgets":"default","ocean_display_footer_bottom":"default","ocean_custom_footer_template":""},"product_brand":[],"product_cat":[98,120],"product_tag":[],"class_list":{"0":"post-25294","1":"product","2":"type-product","3":"status-publish","4":"has-post-thumbnail","6":"product_cat-novedades","7":"product_cat-series-x","9":"entry","10":"has-media","12":"first","13":"instock","14":"taxable","15":"shipping-taxable","16":"purchasable","17":"product-type-simple","18":"col","19":"span_1_of_3","20":"owp-content-center","21":"owp-thumbs-layout-horizontal","22":"owp-btn-normal","23":"owp-tabs-layout-horizontal"},"aioseo_notices":[],"_links":{"self":[{"href":"https:\/\/kaotostore.com\/en\/wp-json\/wp\/v2\/product\/25294","targetHints":{"allow":["GET"]}}],"collection":[{"href":"https:\/\/kaotostore.com\/en\/wp-json\/wp\/v2\/product"}],"about":[{"href":"https:\/\/kaotostore.com\/en\/wp-json\/wp\/v2\/types\/product"}],"wp:featuredmedia":[{"embeddable":true,"href":"https:\/\/kaotostore.com\/en\/wp-json\/wp\/v2\/media\/4012"}],"wp:attachment":[{"href":"https:\/\/kaotostore.com\/en\/wp-json\/wp\/v2\/media?parent=25294"}],"wp:term":[{"taxonomy":"product_brand","embeddable":true,"href":"https:\/\/kaotostore.com\/en\/wp-json\/wp\/v2\/product_brand?post=25294"},{"taxonomy":"product_cat","embeddable":true,"href":"https:\/\/kaotostore.com\/en\/wp-json\/wp\/v2\/product_cat?post=25294"},{"taxonomy":"product_tag","embeddable":true,"href":"https:\/\/kaotostore.com\/en\/wp-json\/wp\/v2\/product_tag?post=25294"}],"curies":[{"name":"wp","href":"https:\/\/api.w.org\/{rel}","templated":true}]}}