{"id":25292,"date":"2026-03-23T12:49:53","date_gmt":"2026-03-23T11:49:53","guid":{"rendered":"https:\/\/kaotostore.com\/producto\/blades-of-fire-playstation-5\/"},"modified":"2026-04-08T12:56:55","modified_gmt":"2026-04-08T10:56:55","slug":"blades-of-fire-playstation-5","status":"publish","type":"product","link":"https:\/\/kaotostore.com\/en\/product\/blades-of-fire-playstation-5\/","title":{"rendered":"Blades of Fire PLAYSTATION 5"},"content":{"rendered":"<p><strong><span style=\"color: rgb(255, 5, 5);\">Si desea im\u00e1genes adicionales del producto, puede solicitarlas desde el formulario de contacto o en el email kaototienda@gmail.com<br \/><\/span><\/strong><\/p>\n<div>\n<div class=\"block-title\">\n<span class=\"cm-txt\">\u00a1\u00danete a Aran de Lira en su viaje para encontrar su destino!<br \/><\/span><br \/><strong>Esta edici\u00f3n incluye:<\/strong><br \/>\u00a0<\/div>\n<div class=\"product-text too-big show-all\" data-jstarget=\"div\" data-jsbtn=\"button\" data-jsmaxheight=\"250\" style=\"max-height: 250px;\">\n<div>\n<ul>\n<li>Juego completo<\/li>\n<li>Atuendo palad\u00edn de Hierro para Aran<\/li>\n<li>Atuendo Se\u00f1or del Acero para Aran<\/li>\n<li>Cabeza de martillo para arma Hisopo<\/li>\n<li>Materiales de forja adicionales<\/li>\n<\/ul>\n<p>Eres<strong> Aran de Lira<\/strong>, primog\u00e9nito del Pupilo del Rey. La reci\u00e9n coronada <strong>reina Nerea <\/strong>ha lanzado un hechizo que convierte el acero en piedra. Solo su ej\u00e9rcito de abominaciones empu\u00f1a el metal divino contra el que se rompen otras espadas.<\/p>\n<p><strong>La Forja<\/strong><br \/>Encuentra pergaminos de forja, <strong>desarrolla tus habilidades de forja y fabrica tu arma <\/strong>para que se adapte a tu estilo de lucha. La familia de armas elegida y los materiales con los que la crees afectar\u00e1n a caracter\u00edsticas como el <strong>peso, la longitud, la durabilidad, la penetraci\u00f3n y la calidad del filo<\/strong>.<\/p>\n<p><strong>Elige tu arma<\/strong><br \/>Elige entre <strong>siete familias de armas diferentes <\/strong>y <strong>m\u00e1s de 30 pergaminos de forja \u00fanicos<\/strong>, que permiten combinaciones de armas casi infinitas. \u00a1Tu elecci\u00f3n de arma ser\u00e1 crucial cuando te enfrentes a tu enemigo!<\/p>\n<p><strong>Combate t\u00e1ctico<\/strong><br \/>Un <strong>sistema de combate \u00fanico y desafiante<\/strong> que te permite atacar partes espec\u00edficas del cuerpo del enemigo. <strong>Corta, apu\u00f1ala o golpea a los enemigos <\/strong>dependiendo de la situaci\u00f3n y de lo que est\u00e9 equipado el enemigo. Solo el arma adecuada te permitir\u00e1 vencer la armadura del enemigo.<\/p>\n<p><strong>No est\u00e1s solo<\/strong><br \/><strong>Adso es el compa\u00f1ero de Aran <\/strong>que lo acompa\u00f1ar\u00e1 en su viaje. Durante el combate, Adso da consejos \u00fatiles sobre c\u00f3mo derrotar a los enemigos analiz\u00e1ndolos y tomando notas en sus cr\u00f3nicas. Ser\u00e1 crucial en tu aventura, ya que habla el antiguo idioma de los falsificadores.<\/p>\n<p><strong>Mantente en guardia<\/strong><br \/><strong>M\u00e1s de 50 tipos de enemigos<\/strong>, incluidos los guardias de la Reina, criaturas, muertos vivientes y m\u00e1s. Cada enemigo tiene su propio estilo de ataque, arma y configuraci\u00f3n de armadura \u00fanicos.<\/p>\n<p><strong>Un mundo lleno de misterio<\/strong><br \/>Aran y Adso se embarcan en una misi\u00f3n incierta. El objetivo est\u00e1 claro, pero el camino est\u00e1 <strong>lleno de peligros, misterios y escenarios \u00e9picos <\/strong>como enormes castillos, palacios laber\u00ednticos y m\u00e1s. Solo sabr\u00e1s lo que saben nuestros h\u00e9roes, tu intuici\u00f3n y coraje deben completar el resto.<\/p>\n<\/div>\n<\/div>\n<\/div>\n<p><\/p>","protected":false},"excerpt":{"rendered":"<p>Si desea im\u00e1genes adicionales del producto, puede solicitarlas desde el formulario de contacto o en el email kaototienda@gmail.com \u00a1\u00danete a Aran de Lira en su viaje para encontrar su destino!Esta edici\u00f3n incluye:\u00a0 Juego completo Atuendo palad\u00edn de Hierro para Aran Atuendo Se\u00f1or del Acero para Aran Cabeza de martillo para arma Hisopo Materiales de forja [&hellip;]<\/p>\n","protected":false},"featured_media":3995,"template":"","meta":{"ocean_post_layout":"","ocean_both_sidebars_style":"","ocean_both_sidebars_content_width":0,"ocean_both_sidebars_sidebars_width":0,"ocean_sidebar":"","ocean_second_sidebar":"","ocean_disable_margins":"enable","ocean_add_body_class":"","ocean_shortcode_before_top_bar":"","ocean_shortcode_after_top_bar":"","ocean_shortcode_before_header":"","ocean_shortcode_after_header":"","ocean_has_shortcode":"","ocean_shortcode_after_title":"","ocean_shortcode_before_footer_widgets":"","ocean_shortcode_after_footer_widgets":"","ocean_shortcode_before_footer_bottom":"","ocean_shortcode_after_footer_bottom":"","ocean_display_top_bar":"default","ocean_display_header":"default","ocean_header_style":"","ocean_center_header_left_menu":"","ocean_custom_header_template":"","ocean_custom_logo":0,"ocean_custom_retina_logo":0,"ocean_custom_logo_max_width":0,"ocean_custom_logo_tablet_max_width":0,"ocean_custom_logo_mobile_max_width":0,"ocean_custom_logo_max_height":0,"ocean_custom_logo_tablet_max_height":0,"ocean_custom_logo_mobile_max_height":0,"ocean_header_custom_menu":"","ocean_menu_typo_font_family":"","ocean_menu_typo_font_subset":"","ocean_menu_typo_font_size":0,"ocean_menu_typo_font_size_tablet":0,"ocean_menu_typo_font_size_mobile":0,"ocean_menu_typo_font_size_unit":"px","ocean_menu_typo_font_weight":"","ocean_menu_typo_font_weight_tablet":"","ocean_menu_typo_font_weight_mobile":"","ocean_menu_typo_transform":"","ocean_menu_typo_transform_tablet":"","ocean_menu_typo_transform_mobile":"","ocean_menu_typo_line_height":0,"ocean_menu_typo_line_height_tablet":0,"ocean_menu_typo_line_height_mobile":0,"ocean_menu_typo_line_height_unit":"","ocean_menu_typo_spacing":0,"ocean_menu_typo_spacing_tablet":0,"ocean_menu_typo_spacing_mobile":0,"ocean_menu_typo_spacing_unit":"","ocean_menu_link_color":"","ocean_menu_link_color_hover":"","ocean_menu_link_color_active":"","ocean_menu_link_background":"","ocean_menu_link_hover_background":"","ocean_menu_link_active_background":"","ocean_menu_social_links_bg":"","ocean_menu_social_hover_links_bg":"","ocean_menu_social_links_color":"","ocean_menu_social_hover_links_color":"","ocean_disable_title":"default","ocean_disable_heading":"default","ocean_post_title":"","ocean_post_subheading":"","ocean_post_title_style":"","ocean_post_title_background_color":"","ocean_post_title_background":0,"ocean_post_title_bg_image_position":"","ocean_post_title_bg_image_attachment":"","ocean_post_title_bg_image_repeat":"","ocean_post_title_bg_image_size":"","ocean_post_title_height":0,"ocean_post_title_bg_overlay":0.5,"ocean_post_title_bg_overlay_color":"","ocean_disable_breadcrumbs":"default","ocean_breadcrumbs_color":"","ocean_breadcrumbs_separator_color":"","ocean_breadcrumbs_links_color":"","ocean_breadcrumbs_links_hover_color":"","ocean_display_footer_widgets":"default","ocean_display_footer_bottom":"default","ocean_custom_footer_template":""},"product_brand":[],"product_cat":[98,108],"product_tag":[],"class_list":{"0":"post-25292","1":"product","2":"type-product","3":"status-publish","4":"has-post-thumbnail","6":"product_cat-novedades","7":"product_cat-playstation-5","9":"entry","10":"has-media","12":"first","13":"instock","14":"taxable","15":"shipping-taxable","16":"purchasable","17":"product-type-simple","18":"col","19":"span_1_of_3","20":"owp-content-center","21":"owp-thumbs-layout-horizontal","22":"owp-btn-normal","23":"owp-tabs-layout-horizontal"},"aioseo_notices":[],"_links":{"self":[{"href":"https:\/\/kaotostore.com\/en\/wp-json\/wp\/v2\/product\/25292","targetHints":{"allow":["GET"]}}],"collection":[{"href":"https:\/\/kaotostore.com\/en\/wp-json\/wp\/v2\/product"}],"about":[{"href":"https:\/\/kaotostore.com\/en\/wp-json\/wp\/v2\/types\/product"}],"wp:featuredmedia":[{"embeddable":true,"href":"https:\/\/kaotostore.com\/en\/wp-json\/wp\/v2\/media\/3995"}],"wp:attachment":[{"href":"https:\/\/kaotostore.com\/en\/wp-json\/wp\/v2\/media?parent=25292"}],"wp:term":[{"taxonomy":"product_brand","embeddable":true,"href":"https:\/\/kaotostore.com\/en\/wp-json\/wp\/v2\/product_brand?post=25292"},{"taxonomy":"product_cat","embeddable":true,"href":"https:\/\/kaotostore.com\/en\/wp-json\/wp\/v2\/product_cat?post=25292"},{"taxonomy":"product_tag","embeddable":true,"href":"https:\/\/kaotostore.com\/en\/wp-json\/wp\/v2\/product_tag?post=25292"}],"curies":[{"name":"wp","href":"https:\/\/api.w.org\/{rel}","templated":true}]}}