{"id":25267,"date":"2026-03-23T12:49:31","date_gmt":"2026-03-23T11:49:31","guid":{"rendered":"https:\/\/kaotostore.com\/producto\/bioshock-the-collection-xbox-one-importacion-alemana\/"},"modified":"2026-04-09T12:10:40","modified_gmt":"2026-04-09T10:10:40","slug":"bioshock-the-collection-xbox-one-importacion-alemana","status":"publish","type":"product","link":"https:\/\/kaotostore.com\/en\/product\/bioshock-the-collection-xbox-one-importacion-alemana\/","title":{"rendered":"Bioshock The Collection XBOX ONE (Importaci\u00f3n alemana)"},"content":{"rendered":"<p><strong><span style=\"color: #ff0505;\">Si desea im\u00e1genes adicionales del producto, puede solicitarlas desde el formulario de contacto o en el email kaototienda@gmail.com<\/span><\/strong><\/p>\n<p>La historia siempre empieza con un faro.<\/p>\n<p>La mezcla perfecta entre acci\u00f3n y terror y los ricos escenarios cuidados al detalle que caracterizan a la saga Bioshock llegan a la nueva generaci\u00f3n con una gran mejora visual as\u00ed como diversos extras que mejoran la experiencia de juego.<\/p>\n<p>Nadamos en distintas aguas pero llegamos a la misma costa. Regresa a Rapture y Columbia y disfruta al completo de la premiada serie con Bioshock: The Collection para PlayStation 4 y Xbox One. Recupera el derecho al sudor de tu frente en la utop\u00eda sumergida de Andrew Ryan y borra tu deuda llevando a la chica en el para\u00edso en los cielos en las versiones remasterizadas y en alta definici\u00f3n de Bioshock, Bioshock 2 y Bioshock Infinite con todo el contenido adicional incluido y comentarios del director para conocer m\u00e1s sobre las obras de Ken Levine y Shawn Robertson.<\/p>\n<p>Han pasado nueve a\u00f1os desde que Irrational Games y 2K te llevaron a la ciudad submarina de Rapture con BioShock, cinco a\u00f1os desde que regresaste a Rapture en BioShock 2 y tres a\u00f1os desde que cruzaras la ciudad flotante de Columbia, skyhook en mano, en BioShock Infinite. Por primera vez, los fans de la franquicia BioShock pueden disfrutar de las tres galardonadas aventuras remasterizadas para las consolas de la generaci\u00f3n actual.<\/p>\n<p>Gracias a Blind Squirrel Games, 2K ha remasterizado BioShock, BioShock 2 y BioShock Infinite para PlayStation 4 y Xbox One, haciendo que se vean mejor que nunca. BioShock: The Collection trae los tres t\u00edtulos juntos con todos los DLC del modo historia, as\u00ed como una serie de v\u00eddeos nunca antes vistos, \u00bb Director\u2019s Commentary: Imagining BioShock \u00ab, que incluye comentarios de Ken Levine.<\/p>\n<p>&nbsp;<\/p>","protected":false},"excerpt":{"rendered":"<p>Si desea im\u00e1genes adicionales del producto, puede solicitarlas desde el formulario de contacto o en el email kaototienda@gmail.com La historia siempre empieza con un faro. La mezcla perfecta entre acci\u00f3n y terror y los ricos escenarios cuidados al detalle que caracterizan a la saga Bioshock llegan a la nueva generaci\u00f3n con una gran mejora visual [&hellip;]<\/p>\n","protected":false},"featured_media":3796,"template":"","meta":{"ocean_post_layout":"","ocean_both_sidebars_style":"","ocean_both_sidebars_content_width":0,"ocean_both_sidebars_sidebars_width":0,"ocean_sidebar":"0","ocean_second_sidebar":"0","ocean_disable_margins":"enable","ocean_add_body_class":"","ocean_shortcode_before_top_bar":"","ocean_shortcode_after_top_bar":"","ocean_shortcode_before_header":"","ocean_shortcode_after_header":"","ocean_has_shortcode":"","ocean_shortcode_after_title":"","ocean_shortcode_before_footer_widgets":"","ocean_shortcode_after_footer_widgets":"","ocean_shortcode_before_footer_bottom":"","ocean_shortcode_after_footer_bottom":"","ocean_display_top_bar":"default","ocean_display_header":"default","ocean_header_style":"","ocean_center_header_left_menu":"0","ocean_custom_header_template":"0","ocean_custom_logo":0,"ocean_custom_retina_logo":0,"ocean_custom_logo_max_width":0,"ocean_custom_logo_tablet_max_width":0,"ocean_custom_logo_mobile_max_width":0,"ocean_custom_logo_max_height":0,"ocean_custom_logo_tablet_max_height":0,"ocean_custom_logo_mobile_max_height":0,"ocean_header_custom_menu":"0","ocean_menu_typo_font_family":"0","ocean_menu_typo_font_subset":"","ocean_menu_typo_font_size":0,"ocean_menu_typo_font_size_tablet":0,"ocean_menu_typo_font_size_mobile":0,"ocean_menu_typo_font_size_unit":"px","ocean_menu_typo_font_weight":"","ocean_menu_typo_font_weight_tablet":"","ocean_menu_typo_font_weight_mobile":"","ocean_menu_typo_transform":"","ocean_menu_typo_transform_tablet":"","ocean_menu_typo_transform_mobile":"","ocean_menu_typo_line_height":0,"ocean_menu_typo_line_height_tablet":0,"ocean_menu_typo_line_height_mobile":0,"ocean_menu_typo_line_height_unit":"","ocean_menu_typo_spacing":0,"ocean_menu_typo_spacing_tablet":0,"ocean_menu_typo_spacing_mobile":0,"ocean_menu_typo_spacing_unit":"","ocean_menu_link_color":"","ocean_menu_link_color_hover":"","ocean_menu_link_color_active":"","ocean_menu_link_background":"","ocean_menu_link_hover_background":"","ocean_menu_link_active_background":"","ocean_menu_social_links_bg":"","ocean_menu_social_hover_links_bg":"","ocean_menu_social_links_color":"","ocean_menu_social_hover_links_color":"","ocean_disable_title":"default","ocean_disable_heading":"default","ocean_post_title":"","ocean_post_subheading":"","ocean_post_title_style":"","ocean_post_title_background_color":"","ocean_post_title_background":0,"ocean_post_title_bg_image_position":"","ocean_post_title_bg_image_attachment":"","ocean_post_title_bg_image_repeat":"","ocean_post_title_bg_image_size":"","ocean_post_title_height":0,"ocean_post_title_bg_overlay":0.5,"ocean_post_title_bg_overlay_color":"","ocean_disable_breadcrumbs":"default","ocean_breadcrumbs_color":"","ocean_breadcrumbs_separator_color":"","ocean_breadcrumbs_links_color":"","ocean_breadcrumbs_links_hover_color":"","ocean_display_footer_widgets":"default","ocean_display_footer_bottom":"default","ocean_custom_footer_template":"0"},"product_brand":[],"product_cat":[128,138],"product_tag":[],"class_list":{"0":"post-25267","1":"product","2":"type-product","3":"status-publish","4":"has-post-thumbnail","6":"product_cat-ultimas-entradas","7":"product_cat-xbox-one","9":"entry","10":"has-media","12":"first","13":"instock","14":"taxable","15":"shipping-taxable","16":"purchasable","17":"product-type-simple","18":"col","19":"span_1_of_3","20":"owp-content-center","21":"owp-thumbs-layout-horizontal","22":"owp-btn-normal","23":"owp-tabs-layout-horizontal","24":"has-no-thumbnails"},"aioseo_notices":[],"_links":{"self":[{"href":"https:\/\/kaotostore.com\/en\/wp-json\/wp\/v2\/product\/25267","targetHints":{"allow":["GET"]}}],"collection":[{"href":"https:\/\/kaotostore.com\/en\/wp-json\/wp\/v2\/product"}],"about":[{"href":"https:\/\/kaotostore.com\/en\/wp-json\/wp\/v2\/types\/product"}],"wp:featuredmedia":[{"embeddable":true,"href":"https:\/\/kaotostore.com\/en\/wp-json\/wp\/v2\/media\/3796"}],"wp:attachment":[{"href":"https:\/\/kaotostore.com\/en\/wp-json\/wp\/v2\/media?parent=25267"}],"wp:term":[{"taxonomy":"product_brand","embeddable":true,"href":"https:\/\/kaotostore.com\/en\/wp-json\/wp\/v2\/product_brand?post=25267"},{"taxonomy":"product_cat","embeddable":true,"href":"https:\/\/kaotostore.com\/en\/wp-json\/wp\/v2\/product_cat?post=25267"},{"taxonomy":"product_tag","embeddable":true,"href":"https:\/\/kaotostore.com\/en\/wp-json\/wp\/v2\/product_tag?post=25267"}],"curies":[{"name":"wp","href":"https:\/\/api.w.org\/{rel}","templated":true}]}}