{"id":25235,"date":"2026-03-23T12:48:45","date_gmt":"2026-03-23T11:48:45","guid":{"rendered":"https:\/\/kaotostore.com\/producto\/big-brain-academy-nintendo-ds\/"},"modified":"2026-05-05T02:34:19","modified_gmt":"2026-05-05T00:34:19","slug":"big-brain-academy-nintendo-ds","status":"publish","type":"product","link":"https:\/\/kaotostore.com\/en\/product\/big-brain-academy-nintendo-ds\/","title":{"rendered":"Big Brain Academy NINTENDO DS"},"content":{"rendered":"<p><span id=\"ctl00_CPH_Body_Master_lbl_desc\"><strong><span style=\"color: rgb(255, 5, 5);\">Si desea im\u00e1genes adicionales del producto, puede solicitarlas desde el formulario de contacto o en el email kaototienda@gmail.com<\/span><\/strong><\/p>\n<p>Ap\u00fantate a la Academia de Cerebros para afrontar el desaf\u00edo mental definitivo. Descubre tu velocidad de reacci\u00f3n, pon a prueba tu capacidad de pensamiento l\u00f3gico \u00a1y todo ello mientras vas en el tren o el metro al trabajo! Big Brain Academy es un divertido t\u00edtulo que te ayudar\u00e1 a mantener tu cerebro despierto y en forma mediante una serie de minijuegos destinados a estimular la mente. Los ejercicios se clasifican en cinco categor\u00edas: pensar, memorizar, analizar, calcular e identificar. Cada categor\u00eda ofrece a su vez tres tipos de juegos diferentes, haciendo un total de 15 clases de actividades en tres niveles de dificultad diferentes. Ya sea contar el n\u00famero de cubos que componen una estructura, identificar im\u00e1genes en una d\u00e9cima de segundo o resolver problemas matem\u00e1ticos a la velocidad de la luz, Big Brain Academy va a estirar al m\u00e1ximo tu materia gris. \u00bfEst\u00e1s preparado para que el Dr. Lobe te diga c\u00f3mo anda tu cerebro?\u00a0<\/p>\n<p>\u00b7 Entrena a fondo tu cerebro con un total de 15 desaf\u00edos distribuidos en 5 categor\u00edas diferentes\u00a0<br \/>\u00b7 Enfr\u00e9ntate simult\u00e1neamente hasta contra 7 jugadores con una sola tarjeta de juego y demuestra tu mayor agudeza mental\u00a0<br \/>\u00b7 Consigue medallas de oro, plata y bronce dependiendo de tus resultados\u00a0<br \/>\u00b7 Env\u00eda demos del juego a tus amigos mediante la tecnolog\u00eda inal\u00e1mbrica de Nintendo DS\u00a0<br \/>\u00b7 Colorida presentaci\u00f3n que hacen de \u00e9ste un divertido juego<\/span><span>\u00a0<\/span><\/p>\n<p><!----><\/p>","protected":false},"excerpt":{"rendered":"<p>Si desea im\u00e1genes adicionales del producto, puede solicitarlas desde el formulario de contacto o en el email kaototienda@gmail.com Ap\u00fantate a la Academia de Cerebros para afrontar el desaf\u00edo mental definitivo. Descubre tu velocidad de reacci\u00f3n, pon a prueba tu capacidad de pensamiento l\u00f3gico \u00a1y todo ello mientras vas en el tren o el metro al [&hellip;]<\/p>\n","protected":false},"featured_media":3669,"template":"","meta":{"ocean_post_layout":"","ocean_both_sidebars_style":"","ocean_both_sidebars_content_width":0,"ocean_both_sidebars_sidebars_width":0,"ocean_sidebar":"","ocean_second_sidebar":"","ocean_disable_margins":"enable","ocean_add_body_class":"","ocean_shortcode_before_top_bar":"","ocean_shortcode_after_top_bar":"","ocean_shortcode_before_header":"","ocean_shortcode_after_header":"","ocean_has_shortcode":"","ocean_shortcode_after_title":"","ocean_shortcode_before_footer_widgets":"","ocean_shortcode_after_footer_widgets":"","ocean_shortcode_before_footer_bottom":"","ocean_shortcode_after_footer_bottom":"","ocean_display_top_bar":"default","ocean_display_header":"default","ocean_header_style":"","ocean_center_header_left_menu":"","ocean_custom_header_template":"","ocean_custom_logo":0,"ocean_custom_retina_logo":0,"ocean_custom_logo_max_width":0,"ocean_custom_logo_tablet_max_width":0,"ocean_custom_logo_mobile_max_width":0,"ocean_custom_logo_max_height":0,"ocean_custom_logo_tablet_max_height":0,"ocean_custom_logo_mobile_max_height":0,"ocean_header_custom_menu":"","ocean_menu_typo_font_family":"","ocean_menu_typo_font_subset":"","ocean_menu_typo_font_size":0,"ocean_menu_typo_font_size_tablet":0,"ocean_menu_typo_font_size_mobile":0,"ocean_menu_typo_font_size_unit":"px","ocean_menu_typo_font_weight":"","ocean_menu_typo_font_weight_tablet":"","ocean_menu_typo_font_weight_mobile":"","ocean_menu_typo_transform":"","ocean_menu_typo_transform_tablet":"","ocean_menu_typo_transform_mobile":"","ocean_menu_typo_line_height":0,"ocean_menu_typo_line_height_tablet":0,"ocean_menu_typo_line_height_mobile":0,"ocean_menu_typo_line_height_unit":"","ocean_menu_typo_spacing":0,"ocean_menu_typo_spacing_tablet":0,"ocean_menu_typo_spacing_mobile":0,"ocean_menu_typo_spacing_unit":"","ocean_menu_link_color":"","ocean_menu_link_color_hover":"","ocean_menu_link_color_active":"","ocean_menu_link_background":"","ocean_menu_link_hover_background":"","ocean_menu_link_active_background":"","ocean_menu_social_links_bg":"","ocean_menu_social_hover_links_bg":"","ocean_menu_social_links_color":"","ocean_menu_social_hover_links_color":"","ocean_disable_title":"default","ocean_disable_heading":"default","ocean_post_title":"","ocean_post_subheading":"","ocean_post_title_style":"","ocean_post_title_background_color":"","ocean_post_title_background":0,"ocean_post_title_bg_image_position":"","ocean_post_title_bg_image_attachment":"","ocean_post_title_bg_image_repeat":"","ocean_post_title_bg_image_size":"","ocean_post_title_height":0,"ocean_post_title_bg_overlay":0.5,"ocean_post_title_bg_overlay_color":"","ocean_disable_breadcrumbs":"default","ocean_breadcrumbs_color":"","ocean_breadcrumbs_separator_color":"","ocean_breadcrumbs_links_color":"","ocean_breadcrumbs_links_hover_color":"","ocean_display_footer_widgets":"default","ocean_display_footer_bottom":"default","ocean_custom_footer_template":""},"product_brand":[],"product_cat":[96],"product_tag":[],"class_list":{"0":"post-25235","1":"product","2":"type-product","3":"status-publish","4":"has-post-thumbnail","6":"product_cat-nintendo-ds","8":"entry","9":"has-media","11":"first","12":"instock","13":"taxable","14":"shipping-taxable","15":"purchasable","16":"product-type-simple","17":"col","18":"span_1_of_3","19":"owp-content-center","20":"owp-thumbs-layout-horizontal","21":"owp-btn-normal","22":"owp-tabs-layout-horizontal","23":"has-no-thumbnails"},"aioseo_notices":[],"_links":{"self":[{"href":"https:\/\/kaotostore.com\/en\/wp-json\/wp\/v2\/product\/25235","targetHints":{"allow":["GET"]}}],"collection":[{"href":"https:\/\/kaotostore.com\/en\/wp-json\/wp\/v2\/product"}],"about":[{"href":"https:\/\/kaotostore.com\/en\/wp-json\/wp\/v2\/types\/product"}],"wp:featuredmedia":[{"embeddable":true,"href":"https:\/\/kaotostore.com\/en\/wp-json\/wp\/v2\/media\/3669"}],"wp:attachment":[{"href":"https:\/\/kaotostore.com\/en\/wp-json\/wp\/v2\/media?parent=25235"}],"wp:term":[{"taxonomy":"product_brand","embeddable":true,"href":"https:\/\/kaotostore.com\/en\/wp-json\/wp\/v2\/product_brand?post=25235"},{"taxonomy":"product_cat","embeddable":true,"href":"https:\/\/kaotostore.com\/en\/wp-json\/wp\/v2\/product_cat?post=25235"},{"taxonomy":"product_tag","embeddable":true,"href":"https:\/\/kaotostore.com\/en\/wp-json\/wp\/v2\/product_tag?post=25235"}],"curies":[{"name":"wp","href":"https:\/\/api.w.org\/{rel}","templated":true}]}}