{"id":25216,"date":"2026-03-23T12:48:22","date_gmt":"2026-03-23T11:48:22","guid":{"rendered":"https:\/\/kaotostore.com\/producto\/bayonetta-switch-importacion-japonesa\/"},"modified":"2026-04-09T12:10:56","modified_gmt":"2026-04-09T10:10:56","slug":"bayonetta-switch-importacion-japonesa","status":"publish","type":"product","link":"https:\/\/kaotostore.com\/en\/product\/bayonetta-switch-importacion-japonesa\/","title":{"rendered":"Bayonetta SWITCH (Importaci\u00f3n japonesa)"},"content":{"rendered":"<h4><span class=\"a-list-item\"><span style=\"color: rgb(255, 5, 5);\">Si desea im\u00e1genes adicionales del producto, puede solicitarlas desde el formulario de contacto o en el email kaototienda@gmail.com<\/span><\/span><\/h4>\n<p>\u00a0<\/p>\n<p><strong>-Juego en castellano<\/p>\n<p><\/strong><\/p>\n<div class=\"row row-content\">\n<div class=\"col-xs-12 content\">\n<h2>\u00a1Bayonetta llega a Nintendo Switch!<\/h2>\n<p>En un ata\u00fad sumergido en el fondo de un lago de turbias aguas, una bruja renace. Descubre o vuelve a vivir la experiencia \u00e9pica de Bayonetta donde, cuando y como quieras con <strong><a title=\"Nintendo Switch\" class=\"\" href=\"https:\/\/www.nintendo.com\/es-es\/Hardware\/Familia-Nintendo-Switch\/Nintendo-Switch\/Nintendo-Switch-1148779.html\">Nintendo Switch<\/a><\/strong>.<\/p>\n<\/div>\n<\/div>\n<div class=\"row row-content\">\n<div class=\"col-xs-12 content\">\n<p>La primera entrega de la saga Bayonetta, publicada originalmente en 2010, present\u00f3 al mundo el concepto de acci\u00f3n fren\u00e9tica, una explosiva mezcla de acci\u00f3n din\u00e1mica y un estilo p\u00edcaro. Con un arma en cada mano y pie, Bayonetta destruye a sus oponentes con ataques combo que resultan tan hermosos como devastadores.<\/p>\n<p>Esquiva los ataques enemigos en el momento adecuado para activar el Tiempo Brujo: dejar\u00e1s a tus enemigos lentos e indefensos ante tus patadas, golpes y balas. Rem\u00e1talos a continuaci\u00f3n con un ataque tortura. No habr\u00e1 \u00e1ngel que se interponga en el camino de Bayonetta.<\/p>\n<h2>\u00c1ngeles y demonios<\/h2>\n<p>Tras recordar su nombre y que tiene la capacidad de invocar demonios, Bayonetta se mueve por la remota ciudad europea de Vigrid ahuyentando a los ej\u00e9rcitos de Paradiso e intentando desvelar la verdad de su largamente perdido pasado. En su misi\u00f3n para acabar con \u00e1ngeles cada vez m\u00e1s poderosos, Bayonetta se encontrar\u00e1 con personajes inolvidables, como el famoso herrero de los demonios Rodin, el sabueso Enzo y mucho m\u00e1s.<\/p>\n<p>Rebosante de personajes inolvidables, con una historia \u00e9pica y por primera vez con voces en ingl\u00e9s y japon\u00e9s, Bayonetta te cautivar\u00e1 con su embrujo.<\/p>\n<h2>\u00a1Devastaci\u00f3n y estilo donde y cuando quieras!<\/h2>\n<p>Descubre varios atuendos tem\u00e1ticos para Bayonetta: una hermosa t\u00fanica verde, un traje inspirado en una famosa cazarrecompensas&#8230; en cualquier caso, la Bruja de Umbra nunca ha estado m\u00e1s guapa.<\/p>\n<p>Gracias a Nintendo Switch podr\u00e1s llevar la acci\u00f3n contigo donde y cuando quieras. Gracias a los controles t\u00e1ctiles opcionales, puedes usar la pantalla t\u00e1ctil de Nintendo Switch para manejar a Bayonetta c\u00f3modamente.<\/p>\n<\/div>\n<\/div>\n<p><strong><br \/><\/strong><\/p>\n<p><!----><\/p>","protected":false},"excerpt":{"rendered":"<p>Si desea im\u00e1genes adicionales del producto, puede solicitarlas desde el formulario de contacto o en el email kaototienda@gmail.com \u00a0 -Juego en castellano \u00a1Bayonetta llega a Nintendo Switch! En un ata\u00fad sumergido en el fondo de un lago de turbias aguas, una bruja renace. Descubre o vuelve a vivir la experiencia \u00e9pica de Bayonetta donde, cuando [&hellip;]<\/p>\n","protected":false},"featured_media":3556,"template":"","meta":{"ocean_post_layout":"","ocean_both_sidebars_style":"","ocean_both_sidebars_content_width":0,"ocean_both_sidebars_sidebars_width":0,"ocean_sidebar":"","ocean_second_sidebar":"","ocean_disable_margins":"enable","ocean_add_body_class":"","ocean_shortcode_before_top_bar":"","ocean_shortcode_after_top_bar":"","ocean_shortcode_before_header":"","ocean_shortcode_after_header":"","ocean_has_shortcode":"","ocean_shortcode_after_title":"","ocean_shortcode_before_footer_widgets":"","ocean_shortcode_after_footer_widgets":"","ocean_shortcode_before_footer_bottom":"","ocean_shortcode_after_footer_bottom":"","ocean_display_top_bar":"default","ocean_display_header":"default","ocean_header_style":"","ocean_center_header_left_menu":"","ocean_custom_header_template":"","ocean_custom_logo":0,"ocean_custom_retina_logo":0,"ocean_custom_logo_max_width":0,"ocean_custom_logo_tablet_max_width":0,"ocean_custom_logo_mobile_max_width":0,"ocean_custom_logo_max_height":0,"ocean_custom_logo_tablet_max_height":0,"ocean_custom_logo_mobile_max_height":0,"ocean_header_custom_menu":"","ocean_menu_typo_font_family":"","ocean_menu_typo_font_subset":"","ocean_menu_typo_font_size":0,"ocean_menu_typo_font_size_tablet":0,"ocean_menu_typo_font_size_mobile":0,"ocean_menu_typo_font_size_unit":"px","ocean_menu_typo_font_weight":"","ocean_menu_typo_font_weight_tablet":"","ocean_menu_typo_font_weight_mobile":"","ocean_menu_typo_transform":"","ocean_menu_typo_transform_tablet":"","ocean_menu_typo_transform_mobile":"","ocean_menu_typo_line_height":0,"ocean_menu_typo_line_height_tablet":0,"ocean_menu_typo_line_height_mobile":0,"ocean_menu_typo_line_height_unit":"","ocean_menu_typo_spacing":0,"ocean_menu_typo_spacing_tablet":0,"ocean_menu_typo_spacing_mobile":0,"ocean_menu_typo_spacing_unit":"","ocean_menu_link_color":"","ocean_menu_link_color_hover":"","ocean_menu_link_color_active":"","ocean_menu_link_background":"","ocean_menu_link_hover_background":"","ocean_menu_link_active_background":"","ocean_menu_social_links_bg":"","ocean_menu_social_hover_links_bg":"","ocean_menu_social_links_color":"","ocean_menu_social_hover_links_color":"","ocean_disable_title":"default","ocean_disable_heading":"default","ocean_post_title":"","ocean_post_subheading":"","ocean_post_title_style":"","ocean_post_title_background_color":"","ocean_post_title_background":0,"ocean_post_title_bg_image_position":"","ocean_post_title_bg_image_attachment":"","ocean_post_title_bg_image_repeat":"","ocean_post_title_bg_image_size":"","ocean_post_title_height":0,"ocean_post_title_bg_overlay":0.5,"ocean_post_title_bg_overlay_color":"","ocean_disable_breadcrumbs":"default","ocean_breadcrumbs_color":"","ocean_breadcrumbs_separator_color":"","ocean_breadcrumbs_links_color":"","ocean_breadcrumbs_links_hover_color":"","ocean_display_footer_widgets":"default","ocean_display_footer_bottom":"default","ocean_custom_footer_template":""},"product_brand":[],"product_cat":[98,124],"product_tag":[],"class_list":{"0":"post-25216","1":"product","2":"type-product","3":"status-publish","4":"has-post-thumbnail","6":"product_cat-novedades","7":"product_cat-switch","9":"entry","10":"has-media","12":"first","13":"instock","14":"taxable","15":"shipping-taxable","16":"purchasable","17":"product-type-simple","18":"col","19":"span_1_of_3","20":"owp-content-center","21":"owp-thumbs-layout-horizontal","22":"owp-btn-normal","23":"owp-tabs-layout-horizontal"},"aioseo_notices":[],"_links":{"self":[{"href":"https:\/\/kaotostore.com\/en\/wp-json\/wp\/v2\/product\/25216","targetHints":{"allow":["GET"]}}],"collection":[{"href":"https:\/\/kaotostore.com\/en\/wp-json\/wp\/v2\/product"}],"about":[{"href":"https:\/\/kaotostore.com\/en\/wp-json\/wp\/v2\/types\/product"}],"wp:featuredmedia":[{"embeddable":true,"href":"https:\/\/kaotostore.com\/en\/wp-json\/wp\/v2\/media\/3556"}],"wp:attachment":[{"href":"https:\/\/kaotostore.com\/en\/wp-json\/wp\/v2\/media?parent=25216"}],"wp:term":[{"taxonomy":"product_brand","embeddable":true,"href":"https:\/\/kaotostore.com\/en\/wp-json\/wp\/v2\/product_brand?post=25216"},{"taxonomy":"product_cat","embeddable":true,"href":"https:\/\/kaotostore.com\/en\/wp-json\/wp\/v2\/product_cat?post=25216"},{"taxonomy":"product_tag","embeddable":true,"href":"https:\/\/kaotostore.com\/en\/wp-json\/wp\/v2\/product_tag?post=25216"}],"curies":[{"name":"wp","href":"https:\/\/api.w.org\/{rel}","templated":true}]}}