{"id":25097,"date":"2026-03-23T12:46:20","date_gmt":"2026-03-23T11:46:20","guid":{"rendered":"https:\/\/kaotostore.com\/producto\/azure-striker-gunvolt-striker-3-switch-importacion-japonesa\/"},"modified":"2026-04-09T12:11:05","modified_gmt":"2026-04-09T10:11:05","slug":"azure-striker-gunvolt-striker-3-switch-importacion-japonesa","status":"publish","type":"product","link":"https:\/\/kaotostore.com\/en\/product\/azure-striker-gunvolt-striker-3-switch-importacion-japonesa\/","title":{"rendered":"Azure Striker Gunvolt Striker 3 SWITCH (Importaci\u00f3n japonesa)"},"content":{"rendered":"<h4>\n<span style=\"color: rgb(255, 5, 5);\">Si desea im\u00e1genes adicionales del producto, puede solicitarlas desde el formulario de contacto o en el email kaototienda@gmail.com<br \/><\/span><br \/>\n<\/h4>\n<p><strong>-Juego en castellano<\/strong><\/p>\n<p>\u00a0<\/p>\n<div class=\"row row-content\">\n<div class=\"col-xs-12 content\">\n<p>La nueva entrega de Gunvolt, la serie juegos de acci\u00f3n 2D de gran velocidad, ya est\u00e1 aqu\u00ed con Azure Striker Gunvolt 3. \u00a1Con un equilibrio exquisito entre una historia apasionante y un sistema de juego muy satisfactorio, Gunvolt 3 es la entrega m\u00e1s grandiosa de la saga hasta la fecha!<\/p>\n<p>Podr\u00e1s jugar como la nueva estrella, Kirin, as\u00ed como con el protagonista Gunvolt, mientras los intercambias al vuelo al tiempo que superas los abundantes niveles y jefes que incluye Gunvolt 3. El Modo Historia+ permite que la emocionante acci\u00f3n avance sin interrumpir la detallada historia. Un elemento nuevo son los Pulsos de Imagen, invocaciones y equipamiento coleccionable que surgen desde los propios recuerdos de Gunvolt. \u00a1Podr\u00e1s coleccionar hasta 150 variedades!<\/p>\n<p>\u00a1Gunvolt 3 ha sido desarrollado con la Nintendo Switch en mente, lo que permite gr\u00e1ficos mucho m\u00e1s detallados y efectos espectaculares que acompa\u00f1ar\u00e1n a la trepidante acci\u00f3n!<\/p>\n<p>\u25a0\u00a1Una combinaci\u00f3n de apasionante combate con espadas y veloc\u00edsimos superpoderes!<\/p>\n<p>\u00a1Experimenta esta acci\u00f3n sobrecogedora en 2D a tu manera! \u00a1Puedes optar por elegante acci\u00f3n con espadas al controlar a Kirin o por devastadores poderes del rayo de Gunvolt para superar las misiones usando habilidades fascinantes!<\/p>\n<p>\u25a0\u00a1Con el \u00abModo Historia+\u00bb disfrutar\u00e1s de una narrativa de ciencia ficci\u00f3n dist\u00f3pica que se desarrolla en tiempo real!<\/p>\n<p>Los personajes hablan y charlan sin detener el juego gracias al Modo Historia+, lo que permite que sus personalidades destaquen y la historia se desarrolle sin interferir con la experiencia de juego de acci\u00f3n.<\/p>\n<p>\u00a1El juego cuenta con doblaje completo de voces en ingl\u00e9s, que acompa\u00f1a a las voces originales japonesas!<\/p>\n<p>\u25a0\u00a1Las nuevas canciones de \u00abla musa\u00bb Lumen har\u00e1n el combate m\u00e1s ardiente que nunca!<\/p>\n<p>Si das un gran espect\u00e1culo con tu juego para ganar puntos de \u00abPrestigio\u00bb, \u00a1la \u00eddolo virtual Lumen comenzar\u00e1 una actuaci\u00f3n que sustituir\u00e1 el tema de fondo de la misi\u00f3n con una canci\u00f3n vocal de pop! Se incluyen siete canciones nuevas, as\u00ed como una selecci\u00f3n de canciones cl\u00e1sicas de anteriores entregas de la serie.<\/p>\n<p>\u25a0La colaboraci\u00f3n entre Kirin y Gunvolt crea un nuevo poder: \u00a1los \u00abPulsos de Imagen\u00bb!<\/p>\n<p>Podr\u00e1s coleccionar unos 150 tipos distintos de \u00abPulsos de Imagen\u00bb, que dar\u00e1n forma a los recuerdos de Gunvolt. Los Pulsos de Imagen te permiten invocar a camaradas y rivales del pasado de Gunvolt para atacar y otorgar habilidades, entre otros usos.<\/p>\n<\/div>\n<\/div>\n<p><\/p>","protected":false},"excerpt":{"rendered":"<p>Si desea im\u00e1genes adicionales del producto, puede solicitarlas desde el formulario de contacto o en el email kaototienda@gmail.com -Juego en castellano \u00a0 La nueva entrega de Gunvolt, la serie juegos de acci\u00f3n 2D de gran velocidad, ya est\u00e1 aqu\u00ed con Azure Striker Gunvolt 3. \u00a1Con un equilibrio exquisito entre una historia apasionante y un sistema [&hellip;]<\/p>\n","protected":false},"featured_media":3117,"template":"","meta":{"ocean_post_layout":"","ocean_both_sidebars_style":"","ocean_both_sidebars_content_width":0,"ocean_both_sidebars_sidebars_width":0,"ocean_sidebar":"","ocean_second_sidebar":"","ocean_disable_margins":"enable","ocean_add_body_class":"","ocean_shortcode_before_top_bar":"","ocean_shortcode_after_top_bar":"","ocean_shortcode_before_header":"","ocean_shortcode_after_header":"","ocean_has_shortcode":"","ocean_shortcode_after_title":"","ocean_shortcode_before_footer_widgets":"","ocean_shortcode_after_footer_widgets":"","ocean_shortcode_before_footer_bottom":"","ocean_shortcode_after_footer_bottom":"","ocean_display_top_bar":"default","ocean_display_header":"default","ocean_header_style":"","ocean_center_header_left_menu":"","ocean_custom_header_template":"","ocean_custom_logo":0,"ocean_custom_retina_logo":0,"ocean_custom_logo_max_width":0,"ocean_custom_logo_tablet_max_width":0,"ocean_custom_logo_mobile_max_width":0,"ocean_custom_logo_max_height":0,"ocean_custom_logo_tablet_max_height":0,"ocean_custom_logo_mobile_max_height":0,"ocean_header_custom_menu":"","ocean_menu_typo_font_family":"","ocean_menu_typo_font_subset":"","ocean_menu_typo_font_size":0,"ocean_menu_typo_font_size_tablet":0,"ocean_menu_typo_font_size_mobile":0,"ocean_menu_typo_font_size_unit":"px","ocean_menu_typo_font_weight":"","ocean_menu_typo_font_weight_tablet":"","ocean_menu_typo_font_weight_mobile":"","ocean_menu_typo_transform":"","ocean_menu_typo_transform_tablet":"","ocean_menu_typo_transform_mobile":"","ocean_menu_typo_line_height":0,"ocean_menu_typo_line_height_tablet":0,"ocean_menu_typo_line_height_mobile":0,"ocean_menu_typo_line_height_unit":"","ocean_menu_typo_spacing":0,"ocean_menu_typo_spacing_tablet":0,"ocean_menu_typo_spacing_mobile":0,"ocean_menu_typo_spacing_unit":"","ocean_menu_link_color":"","ocean_menu_link_color_hover":"","ocean_menu_link_color_active":"","ocean_menu_link_background":"","ocean_menu_link_hover_background":"","ocean_menu_link_active_background":"","ocean_menu_social_links_bg":"","ocean_menu_social_hover_links_bg":"","ocean_menu_social_links_color":"","ocean_menu_social_hover_links_color":"","ocean_disable_title":"default","ocean_disable_heading":"default","ocean_post_title":"","ocean_post_subheading":"","ocean_post_title_style":"","ocean_post_title_background_color":"","ocean_post_title_background":0,"ocean_post_title_bg_image_position":"","ocean_post_title_bg_image_attachment":"","ocean_post_title_bg_image_repeat":"","ocean_post_title_bg_image_size":"","ocean_post_title_height":0,"ocean_post_title_bg_overlay":0.5,"ocean_post_title_bg_overlay_color":"","ocean_disable_breadcrumbs":"default","ocean_breadcrumbs_color":"","ocean_breadcrumbs_separator_color":"","ocean_breadcrumbs_links_color":"","ocean_breadcrumbs_links_hover_color":"","ocean_display_footer_widgets":"default","ocean_display_footer_bottom":"default","ocean_custom_footer_template":""},"product_brand":[],"product_cat":[85,124],"product_tag":[],"class_list":{"0":"post-25097","1":"product","2":"type-product","3":"status-publish","4":"has-post-thumbnail","6":"product_cat-importacion","7":"product_cat-switch","9":"entry","10":"has-media","12":"first","13":"outofstock","14":"taxable","15":"shipping-taxable","16":"purchasable","17":"product-type-simple","18":"col","19":"span_1_of_3","20":"owp-content-center","21":"owp-thumbs-layout-horizontal","22":"owp-btn-normal","23":"owp-tabs-layout-horizontal","24":"has-no-thumbnails"},"aioseo_notices":[],"_links":{"self":[{"href":"https:\/\/kaotostore.com\/en\/wp-json\/wp\/v2\/product\/25097","targetHints":{"allow":["GET"]}}],"collection":[{"href":"https:\/\/kaotostore.com\/en\/wp-json\/wp\/v2\/product"}],"about":[{"href":"https:\/\/kaotostore.com\/en\/wp-json\/wp\/v2\/types\/product"}],"wp:featuredmedia":[{"embeddable":true,"href":"https:\/\/kaotostore.com\/en\/wp-json\/wp\/v2\/media\/3117"}],"wp:attachment":[{"href":"https:\/\/kaotostore.com\/en\/wp-json\/wp\/v2\/media?parent=25097"}],"wp:term":[{"taxonomy":"product_brand","embeddable":true,"href":"https:\/\/kaotostore.com\/en\/wp-json\/wp\/v2\/product_brand?post=25097"},{"taxonomy":"product_cat","embeddable":true,"href":"https:\/\/kaotostore.com\/en\/wp-json\/wp\/v2\/product_cat?post=25097"},{"taxonomy":"product_tag","embeddable":true,"href":"https:\/\/kaotostore.com\/en\/wp-json\/wp\/v2\/product_tag?post=25097"}],"curies":[{"name":"wp","href":"https:\/\/api.w.org\/{rel}","templated":true}]}}