{"id":25071,"date":"2026-03-23T12:45:53","date_gmt":"2026-03-23T11:45:53","guid":{"rendered":"https:\/\/kaotostore.com\/producto\/atari-50-the-anniversary-celebration-steelbook-edition-switch\/"},"modified":"2026-05-05T10:30:33","modified_gmt":"2026-05-05T08:30:33","slug":"atari-50-the-anniversary-celebration-steelbook-edition-switch","status":"publish","type":"product","link":"https:\/\/kaotostore.com\/en\/product\/atari-50-the-anniversary-celebration-steelbook-edition-switch\/","title":{"rendered":"Atari 50 The Anniversary Celebration Steelbook Edition SWITCH"},"content":{"rendered":"<div>\n<div>\n<div>\n<strong><span style=\"color: rgb(255, 5, 5);\">Si desea im\u00e1genes adicionales del producto, puede solicitarlas desde el formulario de contacto o en el email kaototienda@gmail.com<\/span><\/strong><\/p>\n<p>Atari celebra su 50 aniversario y, con \u00e9l, la chispa que lanz\u00f3 la industria moderna de los videojuegos. Han pasado cinco d\u00e9cadas desde que un peque\u00f1o equipo en Silicon Valley combin\u00f3 su creatividad, curiosidad y pasi\u00f3n para crear videojuegos y hardware. El resultado de sus esfuerzos fue Atari, una de las marcas de entretenimiento y cultura pop m\u00e1s reconocidas y duraderas del mundo. Atari 50: The Anniversary Celebration es un viaje interactivo a trav\u00e9s de 50 a\u00f1os de videojuegos a trav\u00e9s de entrevistas con dise\u00f1adores, desarrolladores y l\u00edderes de la industria, im\u00e1genes documentales, documentos de dise\u00f1o de productos y, por supuesto, m\u00e1s de 100 juegos jugables. En el coraz\u00f3n de la colecci\u00f3n del 50 aniversario se encuentra una lista seleccionada de m\u00e1s de 100 juegos que abarcan siete plataformas de hardware diferentes, una verdadera haza\u00f1a de emulaci\u00f3n por parte del equipo de Digital Eclipse. Detr\u00e1s de cada juego est\u00e1n las historias de Atari, lo que suced\u00eda en la empresa, lo que intervino en la creaci\u00f3n de los juegos y el hardware en el que se ejecutaron&#8230; contado por las personas que estaban all\u00ed. Es una rara oportunidad para obtener un conocimiento personalizado detr\u00e1s de las escenas de la historia de los videojuegos. El talentoso equipo de Digital Eclipse tambi\u00e9n cre\u00f3 seis nuevos juegos que revisitan, mezclan y reimaginan los cl\u00e1sicos de Atari. &#8211; Airworld: s\u00ed, el equipo de Digital Eclipse cre\u00f3 el cuarto cap\u00edtulo de la serie nunca terminada Swordquest: Airworld. &#8211; Haunted House: una moderna aventura isom\u00e9trica en 3D basada en el cl\u00e1sico original. &#8211; Vctr Sctr: una celebraci\u00f3n de la era de los juegos de vectores que combina la jugabilidad de una variedad de cl\u00e1sicos de arcade de vectores en un solo desaf\u00edo. &#8211; Neo Breakout: una incre\u00edble y adictiva competencia de dos jugadores que combina las mejores partes de Breakout y Pong. &#8211; Yars Revenge Reimagined: Gr\u00e1ficos modernos, el juego Atari 2600 propio m\u00e1s vendido de todos los tiempos. &#8211; Quadratank: La primera entrada nueva en la cl\u00e1sica serie Tank desde 1978 combina caracter\u00edsticas de los juegos originales con diversi\u00f3n para cuatro jugadores en modo de equipo o todos contra todos\u00a0<\/div>\n<\/div>\n<\/div>","protected":false},"excerpt":{"rendered":"<p>Si desea im\u00e1genes adicionales del producto, puede solicitarlas desde el formulario de contacto o en el email kaototienda@gmail.com Atari celebra su 50 aniversario y, con \u00e9l, la chispa que lanz\u00f3 la industria moderna de los videojuegos. Han pasado cinco d\u00e9cadas desde que un peque\u00f1o equipo en Silicon Valley combin\u00f3 su creatividad, curiosidad y pasi\u00f3n para [&hellip;]<\/p>\n","protected":false},"featured_media":3004,"template":"","meta":{"ocean_post_layout":"","ocean_both_sidebars_style":"","ocean_both_sidebars_content_width":0,"ocean_both_sidebars_sidebars_width":0,"ocean_sidebar":"","ocean_second_sidebar":"","ocean_disable_margins":"enable","ocean_add_body_class":"","ocean_shortcode_before_top_bar":"","ocean_shortcode_after_top_bar":"","ocean_shortcode_before_header":"","ocean_shortcode_after_header":"","ocean_has_shortcode":"","ocean_shortcode_after_title":"","ocean_shortcode_before_footer_widgets":"","ocean_shortcode_after_footer_widgets":"","ocean_shortcode_before_footer_bottom":"","ocean_shortcode_after_footer_bottom":"","ocean_display_top_bar":"default","ocean_display_header":"default","ocean_header_style":"","ocean_center_header_left_menu":"","ocean_custom_header_template":"","ocean_custom_logo":0,"ocean_custom_retina_logo":0,"ocean_custom_logo_max_width":0,"ocean_custom_logo_tablet_max_width":0,"ocean_custom_logo_mobile_max_width":0,"ocean_custom_logo_max_height":0,"ocean_custom_logo_tablet_max_height":0,"ocean_custom_logo_mobile_max_height":0,"ocean_header_custom_menu":"","ocean_menu_typo_font_family":"","ocean_menu_typo_font_subset":"","ocean_menu_typo_font_size":0,"ocean_menu_typo_font_size_tablet":0,"ocean_menu_typo_font_size_mobile":0,"ocean_menu_typo_font_size_unit":"px","ocean_menu_typo_font_weight":"","ocean_menu_typo_font_weight_tablet":"","ocean_menu_typo_font_weight_mobile":"","ocean_menu_typo_transform":"","ocean_menu_typo_transform_tablet":"","ocean_menu_typo_transform_mobile":"","ocean_menu_typo_line_height":0,"ocean_menu_typo_line_height_tablet":0,"ocean_menu_typo_line_height_mobile":0,"ocean_menu_typo_line_height_unit":"","ocean_menu_typo_spacing":0,"ocean_menu_typo_spacing_tablet":0,"ocean_menu_typo_spacing_mobile":0,"ocean_menu_typo_spacing_unit":"","ocean_menu_link_color":"","ocean_menu_link_color_hover":"","ocean_menu_link_color_active":"","ocean_menu_link_background":"","ocean_menu_link_hover_background":"","ocean_menu_link_active_background":"","ocean_menu_social_links_bg":"","ocean_menu_social_hover_links_bg":"","ocean_menu_social_links_color":"","ocean_menu_social_hover_links_color":"","ocean_disable_title":"default","ocean_disable_heading":"default","ocean_post_title":"","ocean_post_subheading":"","ocean_post_title_style":"","ocean_post_title_background_color":"","ocean_post_title_background":0,"ocean_post_title_bg_image_position":"","ocean_post_title_bg_image_attachment":"","ocean_post_title_bg_image_repeat":"","ocean_post_title_bg_image_size":"","ocean_post_title_height":0,"ocean_post_title_bg_overlay":0.5,"ocean_post_title_bg_overlay_color":"","ocean_disable_breadcrumbs":"default","ocean_breadcrumbs_color":"","ocean_breadcrumbs_separator_color":"","ocean_breadcrumbs_links_color":"","ocean_breadcrumbs_links_hover_color":"","ocean_display_footer_widgets":"default","ocean_display_footer_bottom":"default","ocean_custom_footer_template":""},"product_brand":[],"product_cat":[124],"product_tag":[],"class_list":{"0":"post-25071","1":"product","2":"type-product","3":"status-publish","4":"has-post-thumbnail","6":"product_cat-switch","8":"entry","9":"has-media","11":"first","12":"instock","13":"taxable","14":"shipping-taxable","15":"purchasable","16":"product-type-simple","17":"col","18":"span_1_of_3","19":"owp-content-center","20":"owp-thumbs-layout-horizontal","21":"owp-btn-normal","22":"owp-tabs-layout-horizontal","23":"has-no-thumbnails"},"aioseo_notices":[],"_links":{"self":[{"href":"https:\/\/kaotostore.com\/en\/wp-json\/wp\/v2\/product\/25071","targetHints":{"allow":["GET"]}}],"collection":[{"href":"https:\/\/kaotostore.com\/en\/wp-json\/wp\/v2\/product"}],"about":[{"href":"https:\/\/kaotostore.com\/en\/wp-json\/wp\/v2\/types\/product"}],"wp:featuredmedia":[{"embeddable":true,"href":"https:\/\/kaotostore.com\/en\/wp-json\/wp\/v2\/media\/3004"}],"wp:attachment":[{"href":"https:\/\/kaotostore.com\/en\/wp-json\/wp\/v2\/media?parent=25071"}],"wp:term":[{"taxonomy":"product_brand","embeddable":true,"href":"https:\/\/kaotostore.com\/en\/wp-json\/wp\/v2\/product_brand?post=25071"},{"taxonomy":"product_cat","embeddable":true,"href":"https:\/\/kaotostore.com\/en\/wp-json\/wp\/v2\/product_cat?post=25071"},{"taxonomy":"product_tag","embeddable":true,"href":"https:\/\/kaotostore.com\/en\/wp-json\/wp\/v2\/product_tag?post=25071"}],"curies":[{"name":"wp","href":"https:\/\/api.w.org\/{rel}","templated":true}]}}