{"id":25058,"date":"2026-03-23T12:45:40","date_gmt":"2026-03-23T11:45:40","guid":{"rendered":"https:\/\/kaotostore.com\/producto\/assassins-creed-valhalla-playstation-4\/"},"modified":"2026-05-04T23:49:33","modified_gmt":"2026-05-04T21:49:33","slug":"assassins-creed-valhalla-playstation-4","status":"publish","type":"product","link":"https:\/\/kaotostore.com\/en\/product\/assassins-creed-valhalla-playstation-4\/","title":{"rendered":"Assassins Creed Valhalla PLAYSTATION 4"},"content":{"rendered":"<p><span><strong><span style=\"color: rgb(255, 5, 5);\">Si desea im\u00e1genes adicionales del producto, puede solicitarlas desde el formulario de contacto o en el email kaototienda@gmail.com<\/span><\/strong><\/span><\/p>\n<p>\u00a0<\/p>\n<h4>Saquea a tus enemigos, ampl\u00eda tu asentamiento y aumenta tu poder pol\u00edtico en el siguiente cap\u00edtulo de la saga Assassin&#8217;s Creed<\/h4>\n<p>Convi\u00e9rtete en un legendario guerrero vikingo educado con historias de batalla y gloria. Saquea a tus enemigos, ampl\u00eda tu asentamiento, y aumenta tu poder pol\u00edtico en la carrera por ganarte un sitio entre los dioses del Valhalla. Las mec\u00e1nicas avanzadas de juego de rol te permiten personalizar el crecimiento de tu personaje e influir en el mundo que te rodea. Cada decisi\u00f3n que tomes, ya sean alianzas pol\u00edticas y estrategias de combate o di\u00e1logos y mejoras de equipo, influir\u00e1 en tu camino a la gloria. Construye y mejora edificaciones que podr\u00e1s personalizar en profundidad, como barracones, herrer\u00edas y tiendas de tatuajes, entre otras. Recluta miembros para tu clan y personaliza tu experiencia vikinga.<\/p>\n<h4>Combate visceral<\/h4>\n<p>Blande poderosas armas a dos manos, como hachas, espadas e incluso escudos para recrear el despiadado estilo de lucha de los guerreros vikingos.<\/p>\n<h4>Un mundo abierto en la Edad Oscura<\/h4>\n<p>Navega desde las hostiles y misteriosas costas noruegas hasta los bellos pero imponentes reinos de Inglaterra y m\u00e1s all\u00e1.<\/p>\n<h4>Lidera pillajes \u00e9picos<\/h4>\n<p>Participa en enormes asaltos por toda Inglaterra. Lidera a tu clan en ataques sorpresa desde tu drakkar y regresa con el bot\u00edn para el pueblo.<\/p>","protected":false},"excerpt":{"rendered":"<p>Si desea im\u00e1genes adicionales del producto, puede solicitarlas desde el formulario de contacto o en el email kaototienda@gmail.com \u00a0 Saquea a tus enemigos, ampl\u00eda tu asentamiento y aumenta tu poder pol\u00edtico en el siguiente cap\u00edtulo de la saga Assassin&#8217;s Creed Convi\u00e9rtete en un legendario guerrero vikingo educado con historias de batalla y gloria. Saquea a [&hellip;]<\/p>\n","protected":false},"featured_media":2975,"template":"","meta":{"ocean_post_layout":"","ocean_both_sidebars_style":"","ocean_both_sidebars_content_width":0,"ocean_both_sidebars_sidebars_width":0,"ocean_sidebar":"","ocean_second_sidebar":"","ocean_disable_margins":"enable","ocean_add_body_class":"","ocean_shortcode_before_top_bar":"","ocean_shortcode_after_top_bar":"","ocean_shortcode_before_header":"","ocean_shortcode_after_header":"","ocean_has_shortcode":"","ocean_shortcode_after_title":"","ocean_shortcode_before_footer_widgets":"","ocean_shortcode_after_footer_widgets":"","ocean_shortcode_before_footer_bottom":"","ocean_shortcode_after_footer_bottom":"","ocean_display_top_bar":"default","ocean_display_header":"default","ocean_header_style":"","ocean_center_header_left_menu":"","ocean_custom_header_template":"","ocean_custom_logo":0,"ocean_custom_retina_logo":0,"ocean_custom_logo_max_width":0,"ocean_custom_logo_tablet_max_width":0,"ocean_custom_logo_mobile_max_width":0,"ocean_custom_logo_max_height":0,"ocean_custom_logo_tablet_max_height":0,"ocean_custom_logo_mobile_max_height":0,"ocean_header_custom_menu":"","ocean_menu_typo_font_family":"","ocean_menu_typo_font_subset":"","ocean_menu_typo_font_size":0,"ocean_menu_typo_font_size_tablet":0,"ocean_menu_typo_font_size_mobile":0,"ocean_menu_typo_font_size_unit":"px","ocean_menu_typo_font_weight":"","ocean_menu_typo_font_weight_tablet":"","ocean_menu_typo_font_weight_mobile":"","ocean_menu_typo_transform":"","ocean_menu_typo_transform_tablet":"","ocean_menu_typo_transform_mobile":"","ocean_menu_typo_line_height":0,"ocean_menu_typo_line_height_tablet":0,"ocean_menu_typo_line_height_mobile":0,"ocean_menu_typo_line_height_unit":"","ocean_menu_typo_spacing":0,"ocean_menu_typo_spacing_tablet":0,"ocean_menu_typo_spacing_mobile":0,"ocean_menu_typo_spacing_unit":"","ocean_menu_link_color":"","ocean_menu_link_color_hover":"","ocean_menu_link_color_active":"","ocean_menu_link_background":"","ocean_menu_link_hover_background":"","ocean_menu_link_active_background":"","ocean_menu_social_links_bg":"","ocean_menu_social_hover_links_bg":"","ocean_menu_social_links_color":"","ocean_menu_social_hover_links_color":"","ocean_disable_title":"default","ocean_disable_heading":"default","ocean_post_title":"","ocean_post_subheading":"","ocean_post_title_style":"","ocean_post_title_background_color":"","ocean_post_title_background":0,"ocean_post_title_bg_image_position":"","ocean_post_title_bg_image_attachment":"","ocean_post_title_bg_image_repeat":"","ocean_post_title_bg_image_size":"","ocean_post_title_height":0,"ocean_post_title_bg_overlay":0.5,"ocean_post_title_bg_overlay_color":"","ocean_disable_breadcrumbs":"default","ocean_breadcrumbs_color":"","ocean_breadcrumbs_separator_color":"","ocean_breadcrumbs_links_color":"","ocean_breadcrumbs_links_hover_color":"","ocean_display_footer_widgets":"default","ocean_display_footer_bottom":"default","ocean_custom_footer_template":""},"product_brand":[],"product_cat":[107],"product_tag":[],"class_list":{"0":"post-25058","1":"product","2":"type-product","3":"status-publish","4":"has-post-thumbnail","6":"product_cat-playstation-4","8":"entry","9":"has-media","11":"first","12":"outofstock","13":"taxable","14":"shipping-taxable","15":"purchasable","16":"product-type-simple","17":"col","18":"span_1_of_3","19":"owp-content-center","20":"owp-thumbs-layout-horizontal","21":"owp-btn-normal","22":"owp-tabs-layout-horizontal","23":"has-no-thumbnails"},"aioseo_notices":[],"_links":{"self":[{"href":"https:\/\/kaotostore.com\/en\/wp-json\/wp\/v2\/product\/25058","targetHints":{"allow":["GET"]}}],"collection":[{"href":"https:\/\/kaotostore.com\/en\/wp-json\/wp\/v2\/product"}],"about":[{"href":"https:\/\/kaotostore.com\/en\/wp-json\/wp\/v2\/types\/product"}],"wp:featuredmedia":[{"embeddable":true,"href":"https:\/\/kaotostore.com\/en\/wp-json\/wp\/v2\/media\/2975"}],"wp:attachment":[{"href":"https:\/\/kaotostore.com\/en\/wp-json\/wp\/v2\/media?parent=25058"}],"wp:term":[{"taxonomy":"product_brand","embeddable":true,"href":"https:\/\/kaotostore.com\/en\/wp-json\/wp\/v2\/product_brand?post=25058"},{"taxonomy":"product_cat","embeddable":true,"href":"https:\/\/kaotostore.com\/en\/wp-json\/wp\/v2\/product_cat?post=25058"},{"taxonomy":"product_tag","embeddable":true,"href":"https:\/\/kaotostore.com\/en\/wp-json\/wp\/v2\/product_tag?post=25058"}],"curies":[{"name":"wp","href":"https:\/\/api.w.org\/{rel}","templated":true}]}}