{"id":24971,"date":"2026-03-23T12:43:52","date_gmt":"2026-03-23T11:43:52","guid":{"rendered":"https:\/\/kaotostore.com\/producto\/anima-gate-of-memories-playstation-4\/"},"modified":"2026-04-10T14:00:33","modified_gmt":"2026-04-10T12:00:33","slug":"anima-gate-of-memories-playstation-4","status":"publish","type":"product","link":"https:\/\/kaotostore.com\/en\/product\/anima-gate-of-memories-playstation-4\/","title":{"rendered":"Anima Gate of Memories PLAYSTATION 4"},"content":{"rendered":"<div id=\"productDescription_feature_div\" class=\"celwidget\" data-feature-name=\"productDescription\" data-csa-c-type=\"widget\" data-csa-c-content-id=\"productDescription\" data-csa-c-slot-id=\"productDescription_feature_div\" data-csa-c-asin=\"\" data-csa-c-is-in-initial-active-row=\"false\" data-csa-c-id=\"gmt0sr-vo0h9z-a6vh8r-a4nxxp\" data-cel-widget=\"productDescription_feature_div\">\n<div>\n<div data-feature-name=\"productDescription\" data-template-name=\"productDescription\" id=\"productDescription_feature_div\" class=\"a-row feature\" data-cel-widget=\"productDescription_feature_div\">\n<div id=\"productDescription\" class=\"a-section a-spacing-small\">\n<p><span>ANIMA: Gate of Memories es un RPG de acci\u00f3n en tercera persona en el que el jugador debe explorar un vasto mundo lleno de peligros y maravillas. En \u00e9l se toma el control de dos personajes que libran una guerra en las sombras, un conflicto secreto que envolver\u00e1 al mundo en el caos.<\/span><\/p>\n<\/div>\n<\/div>\n<\/div>\n<\/div>\n<div id=\"sims-themis-sponsored-products-2_feature_div\" class=\"celwidget\" data-feature-name=\"sims-themis-sponsored-products-2\" data-csa-c-type=\"widget\" data-csa-c-content-id=\"sims-themis-sponsored-products-2\" data-csa-c-slot-id=\"sims-themis-sponsored-products-2_feature_div\" data-csa-c-asin=\"\" data-csa-c-is-in-initial-active-row=\"false\" data-csa-c-id=\"af85gp-hxyrw1-jwafbc-8tt51o\" data-cel-widget=\"sims-themis-sponsored-products-2_feature_div\">\n<div id=\"sims-consolidated-4_feature_div\">\n<div id=\"sims-consolidated-4_feature_div\">\n<div class=\"celwidget\" data-csa-c-id=\"brwpka-x3k2di-xeaod7-btao\" data-cel-widget=\"sims-consolidated-4_csm_instrumentation_wrapper\" cel_widget_id=\"sims-consolidated-4_csm_instrumentation_wrapper\"><\/div>\n<\/div>\n<\/div>\n<\/div>\n<div id=\"climatePledgeFriendlyBTF_feature_div\" class=\"celwidget\" data-feature-name=\"climatePledgeFriendlyBTF\" data-csa-c-type=\"widget\" data-csa-c-content-id=\"climatePledgeFriendlyBTF\" data-csa-c-slot-id=\"climatePledgeFriendlyBTF_feature_div\" data-csa-c-asin=\"\" data-csa-c-is-in-initial-active-row=\"false\" data-csa-c-id=\"ukbu37-iyhvqw-beenpk-rhn1xf\" data-cel-widget=\"climatePledgeFriendlyBTF_feature_div\"><\/div>\n<div id=\"aplus_feature_div\" class=\"celwidget\" data-feature-name=\"aplus\" data-csa-c-type=\"widget\" data-csa-c-content-id=\"aplus\" data-csa-c-slot-id=\"aplus_feature_div\" data-csa-c-asin=\"\" data-csa-c-is-in-initial-active-row=\"false\" data-csa-c-id=\"pb9kic-ntb24m-a0m8cb-5c8yl6\" data-cel-widget=\"aplus_feature_div\"><\/div>\n<div id=\"aplusBrandStory_feature_div\" class=\"celwidget\" data-feature-name=\"aplusBrandStory\" data-csa-c-type=\"widget\" data-csa-c-content-id=\"aplusBrandStory\" data-csa-c-slot-id=\"aplusBrandStory_feature_div\" data-csa-c-asin=\"\" data-csa-c-is-in-initial-active-row=\"false\" data-csa-c-id=\"dp2q3q-d6g01c-k5pxfs-9wufj2\" data-cel-widget=\"aplusBrandStory_feature_div\"><\/div>\n<div id=\"aplusSustainabilityStory_feature_div\" class=\"celwidget\" data-feature-name=\"aplusSustainabilityStory\" data-csa-c-type=\"widget\" data-csa-c-content-id=\"aplusSustainabilityStory\" data-csa-c-slot-id=\"aplusSustainabilityStory_feature_div\" data-csa-c-asin=\"\" data-csa-c-is-in-initial-active-row=\"false\" data-csa-c-id=\"8emjpb-axgb99-o38sky-zhrltv\" data-cel-widget=\"aplusSustainabilityStory_feature_div\"><\/div>\n<div id=\"renewedProgramDescriptionBtf_feature_div\" class=\"celwidget\" data-feature-name=\"renewedProgramDescriptionBtf\" data-csa-c-type=\"widget\" data-csa-c-content-id=\"renewedProgramDescriptionBtf\" data-csa-c-slot-id=\"renewedProgramDescriptionBtf_feature_div\" data-csa-c-asin=\"\" data-csa-c-is-in-initial-active-row=\"false\" data-csa-c-id=\"ndfags-d91ntq-z62x6h-rl2hzt\" data-cel-widget=\"renewedProgramDescriptionBtf_feature_div\"><\/div>\n<div id=\"similarities_feature_div\" class=\"celwidget\" data-feature-name=\"similarities\" data-csa-c-type=\"widget\" data-csa-c-content-id=\"similarities\" data-csa-c-slot-id=\"similarities_feature_div\" data-csa-c-asin=\"\" data-csa-c-is-in-initial-active-row=\"false\" data-csa-c-id=\"qvppf8-m8pfpi-cj7f6h-stprso\" data-cel-widget=\"similarities_feature_div\">\n<div id=\"sims-consolidated-5_feature_div\">\n<div id=\"sims-consolidated-5_feature_div\"><\/div>\n<\/div>\n<\/div>\n<div id=\"dp-ads-center-promo-dramabot_feature_div\" class=\"celwidget\" data-feature-name=\"dp-ads-center-promo-dramabot\" data-csa-c-type=\"widget\" data-csa-c-content-id=\"dp-ads-center-promo-dramabot\" data-csa-c-slot-id=\"dp-ads-center-promo-dramabot_feature_div\" data-csa-c-asin=\"\" data-csa-c-is-in-initial-active-row=\"false\" data-csa-c-id=\"h966bb-p43kz9-9oqzgo-1drltz\" data-cel-widget=\"dp-ads-center-promo-dramabot_feature_div\">\n<div class=\"celwidget pf_rd_p-2b84fe29-0706-405c-9a72-20b6532613df pf_rd_r-D3B80KS67KK036FM9DN0\" data-csa-op-log-render=\"\" data-csa-c-content-id=\"amzn1.sym.2b84fe29-0706-405c-9a72-20b6532613df\" data-csa-c-slot-id=\"DsUnknown-1\" data-csa-c-type=\"widget\" data-csa-c-painter=\"JavelinRenderingService\" data-csa-c-id=\"a61cnx-f37lg9-4zav6k-4ig1n6\" data-cel-widget=\"40630af6-31a5-4758-8e11-d263f4ccde9b\" cel_widget_id=\"40630af6-31a5-4758-8e11-d263f4ccde9b\">\n<hr size=\"1\" noshade class=\"a-divider-normal\"><\/div>\n<\/div>","protected":false},"excerpt":{"rendered":"<p>ANIMA: Gate of Memories es un RPG de acci\u00f3n en tercera persona en el que el jugador debe explorar un vasto mundo lleno de peligros y maravillas. En \u00e9l se toma el control de dos personajes que libran una guerra en las sombras, un conflicto secreto que envolver\u00e1 al mundo en el caos.<\/p>","protected":false},"featured_media":2824,"template":"","meta":{"ocean_post_layout":"","ocean_both_sidebars_style":"","ocean_both_sidebars_content_width":0,"ocean_both_sidebars_sidebars_width":0,"ocean_sidebar":"","ocean_second_sidebar":"","ocean_disable_margins":"enable","ocean_add_body_class":"","ocean_shortcode_before_top_bar":"","ocean_shortcode_after_top_bar":"","ocean_shortcode_before_header":"","ocean_shortcode_after_header":"","ocean_has_shortcode":"","ocean_shortcode_after_title":"","ocean_shortcode_before_footer_widgets":"","ocean_shortcode_after_footer_widgets":"","ocean_shortcode_before_footer_bottom":"","ocean_shortcode_after_footer_bottom":"","ocean_display_top_bar":"default","ocean_display_header":"default","ocean_header_style":"","ocean_center_header_left_menu":"","ocean_custom_header_template":"","ocean_custom_logo":0,"ocean_custom_retina_logo":0,"ocean_custom_logo_max_width":0,"ocean_custom_logo_tablet_max_width":0,"ocean_custom_logo_mobile_max_width":0,"ocean_custom_logo_max_height":0,"ocean_custom_logo_tablet_max_height":0,"ocean_custom_logo_mobile_max_height":0,"ocean_header_custom_menu":"","ocean_menu_typo_font_family":"","ocean_menu_typo_font_subset":"","ocean_menu_typo_font_size":0,"ocean_menu_typo_font_size_tablet":0,"ocean_menu_typo_font_size_mobile":0,"ocean_menu_typo_font_size_unit":"px","ocean_menu_typo_font_weight":"","ocean_menu_typo_font_weight_tablet":"","ocean_menu_typo_font_weight_mobile":"","ocean_menu_typo_transform":"","ocean_menu_typo_transform_tablet":"","ocean_menu_typo_transform_mobile":"","ocean_menu_typo_line_height":0,"ocean_menu_typo_line_height_tablet":0,"ocean_menu_typo_line_height_mobile":0,"ocean_menu_typo_line_height_unit":"","ocean_menu_typo_spacing":0,"ocean_menu_typo_spacing_tablet":0,"ocean_menu_typo_spacing_mobile":0,"ocean_menu_typo_spacing_unit":"","ocean_menu_link_color":"","ocean_menu_link_color_hover":"","ocean_menu_link_color_active":"","ocean_menu_link_background":"","ocean_menu_link_hover_background":"","ocean_menu_link_active_background":"","ocean_menu_social_links_bg":"","ocean_menu_social_hover_links_bg":"","ocean_menu_social_links_color":"","ocean_menu_social_hover_links_color":"","ocean_disable_title":"default","ocean_disable_heading":"default","ocean_post_title":"","ocean_post_subheading":"","ocean_post_title_style":"","ocean_post_title_background_color":"","ocean_post_title_background":0,"ocean_post_title_bg_image_position":"","ocean_post_title_bg_image_attachment":"","ocean_post_title_bg_image_repeat":"","ocean_post_title_bg_image_size":"","ocean_post_title_height":0,"ocean_post_title_bg_overlay":0.5,"ocean_post_title_bg_overlay_color":"","ocean_disable_breadcrumbs":"default","ocean_breadcrumbs_color":"","ocean_breadcrumbs_separator_color":"","ocean_breadcrumbs_links_color":"","ocean_breadcrumbs_links_hover_color":"","ocean_display_footer_widgets":"default","ocean_display_footer_bottom":"default","ocean_custom_footer_template":""},"product_brand":[],"product_cat":[107],"product_tag":[],"class_list":{"0":"post-24971","1":"product","2":"type-product","3":"status-publish","4":"has-post-thumbnail","6":"product_cat-playstation-4","8":"entry","9":"has-media","11":"first","12":"outofstock","13":"taxable","14":"shipping-taxable","15":"purchasable","16":"product-type-simple","17":"col","18":"span_1_of_3","19":"owp-content-center","20":"owp-thumbs-layout-horizontal","21":"owp-btn-normal","22":"owp-tabs-layout-horizontal"},"aioseo_notices":[],"_links":{"self":[{"href":"https:\/\/kaotostore.com\/en\/wp-json\/wp\/v2\/product\/24971","targetHints":{"allow":["GET"]}}],"collection":[{"href":"https:\/\/kaotostore.com\/en\/wp-json\/wp\/v2\/product"}],"about":[{"href":"https:\/\/kaotostore.com\/en\/wp-json\/wp\/v2\/types\/product"}],"wp:featuredmedia":[{"embeddable":true,"href":"https:\/\/kaotostore.com\/en\/wp-json\/wp\/v2\/media\/2824"}],"wp:attachment":[{"href":"https:\/\/kaotostore.com\/en\/wp-json\/wp\/v2\/media?parent=24971"}],"wp:term":[{"taxonomy":"product_brand","embeddable":true,"href":"https:\/\/kaotostore.com\/en\/wp-json\/wp\/v2\/product_brand?post=24971"},{"taxonomy":"product_cat","embeddable":true,"href":"https:\/\/kaotostore.com\/en\/wp-json\/wp\/v2\/product_cat?post=24971"},{"taxonomy":"product_tag","embeddable":true,"href":"https:\/\/kaotostore.com\/en\/wp-json\/wp\/v2\/product_tag?post=24971"}],"curies":[{"name":"wp","href":"https:\/\/api.w.org\/{rel}","templated":true}]}}