{"id":24866,"date":"2026-03-23T12:41:55","date_gmt":"2026-03-23T11:41:55","guid":{"rendered":"https:\/\/kaotostore.com\/producto\/almas-oscuras-berserk-contra-dark-souls\/"},"modified":"2026-04-09T12:19:36","modified_gmt":"2026-04-09T10:19:36","slug":"almas-oscuras-berserk-contra-dark-souls","status":"publish","type":"product","link":"https:\/\/kaotostore.com\/en\/product\/almas-oscuras-berserk-contra-dark-souls\/","title":{"rendered":"Almas Oscuras Berserk Contra Dark Souls"},"content":{"rendered":"<p><strong><span style=\"color: rgb(255, 5, 5);\">Si desea im\u00e1genes adicionales del producto, puede solicitarlas desde el formulario de contacto o en el email kaototienda@gmail.com<br \/><\/span><\/p>\n<p>-Libro en castellano<\/p>\n<p><\/strong><\/p>\n<div class=\"hr av-k4mqtv6q-4-55f4dd7cfd6f4bd953ce720d106d63c1 hr-custom  avia-builder-el-22  el_after_av_promobox  el_before_av_one_full  hr-center hr-icon-no\">\u00bfQu\u00e9 ocurre cuando el Espadach\u00edn Negro nos habla al coraz\u00f3n?<\/div>\n<div class=\"hr av-k4mqtv6q-4-55f4dd7cfd6f4bd953ce720d106d63c1 hr-custom  avia-builder-el-22  el_after_av_promobox  el_before_av_one_full  hr-center hr-icon-no\"><\/div>\n<div class=\"hr av-k4mqtv6q-4-55f4dd7cfd6f4bd953ce720d106d63c1 hr-custom  avia-builder-el-22  el_after_av_promobox  el_before_av_one_full  hr-center hr-icon-no\">Este no es un libro m\u00e1s sobre Berserk. Es una ca\u00edda a trav\u00e9s del abismo de nuestras emociones, una b\u00fasqueda de sentido entre espadas, espirales, \u00e1rboles sagrados y dioses rotos. Un ensayo profundamente personal en el que Adri\u00e1n Su\u00e1rez (@nuevebits) conecta la obra de Kentaro Miura con los universos oscuros y decadentes de Hidetaka Miyazaki (Dark Souls, Bloodborne, Elden Ring), la filosof\u00eda oriental, la mitolog\u00eda y la melancol\u00eda atl\u00e1ntica que nos susurra desde las costas de Galicia. Con un tono \u00edntimo y directo,<\/div>\n<div class=\"hr av-k4mqtv6q-4-55f4dd7cfd6f4bd953ce720d106d63c1 hr-custom  avia-builder-el-22  el_after_av_promobox  el_before_av_one_full  hr-center hr-icon-no\"><\/div>\n<div class=\"hr av-k4mqtv6q-4-55f4dd7cfd6f4bd953ce720d106d63c1 hr-custom  avia-builder-el-22  el_after_av_promobox  el_before_av_one_full  hr-center hr-icon-no\">Almas Oscuras: Berserk contra Dark Souls analiza el legado de Miura y la cicatriz que ha dejado en el alma de todos aquellos que, en alguna ocasi\u00f3n, hemos sentido la marca del sacrificio.<\/div>\n<div class=\"hr av-k4mqtv6q-4-55f4dd7cfd6f4bd953ce720d106d63c1 hr-custom  avia-builder-el-22  el_after_av_promobox  el_before_av_one_full  hr-center hr-icon-no\"><\/div>\n<div class=\"hr av-k4mqtv6q-4-55f4dd7cfd6f4bd953ce720d106d63c1 hr-custom  avia-builder-el-22  el_after_av_promobox  el_before_av_one_full  hr-center hr-icon-no\">Entre duelos, sue\u00f1os rotos y caminos sin retorno, este libro es una invitaci\u00f3n a mirar a los ojos al dolor, la belleza y el amor para entender por qu\u00e9, a pesar de todo, los seres humanos seguimos caminando.\u00a0<\/div>\n<div class=\"hr av-k4mqtv6q-4-55f4dd7cfd6f4bd953ce720d106d63c1 hr-custom  avia-builder-el-22  el_after_av_promobox  el_before_av_one_full  hr-center hr-icon-no\"><\/div>\n<div class=\"hr av-k4mqtv6q-4-55f4dd7cfd6f4bd953ce720d106d63c1 hr-custom  avia-builder-el-22  el_after_av_promobox  el_before_av_one_full  hr-center hr-icon-no\">Aunque el mundo se derrumbe, a\u00fan podemos elegir c\u00f3mo lo interpretamos y, a veces, una flor, un \u00e1rbol o una espada son todo lo que necesitamos para seguir adelante. EDICI\u00d3N DE LUJO Con m\u00e1s de 200 p\u00e1ginas de contenido,\u00a0<\/div>\n<div class=\"hr av-k4mqtv6q-4-55f4dd7cfd6f4bd953ce720d106d63c1 hr-custom  avia-builder-el-22  el_after_av_promobox  el_before_av_one_full  hr-center hr-icon-no\"><\/div>\n<div class=\"hr av-k4mqtv6q-4-55f4dd7cfd6f4bd953ce720d106d63c1 hr-custom  avia-builder-el-22  el_after_av_promobox  el_before_av_one_full  hr-center hr-icon-no\">Almas Oscuras: Berserk contra Dark Souls, llega en una edici\u00f3n de lujo, encuadernado en tapa dura, cosido en hilo y con tapas impresas en papel lienzo.<\/div>\n<p><!----><\/p>","protected":false},"excerpt":{"rendered":"<p>Si desea im\u00e1genes adicionales del producto, puede solicitarlas desde el formulario de contacto o en el email kaototienda@gmail.com -Libro en castellano \u00bfQu\u00e9 ocurre cuando el Espadach\u00edn Negro nos habla al coraz\u00f3n? Este no es un libro m\u00e1s sobre Berserk. Es una ca\u00edda a trav\u00e9s del abismo de nuestras emociones, una b\u00fasqueda de sentido entre espadas, [&hellip;]<\/p>\n","protected":false},"featured_media":2515,"template":"","meta":{"ocean_post_layout":"","ocean_both_sidebars_style":"","ocean_both_sidebars_content_width":0,"ocean_both_sidebars_sidebars_width":0,"ocean_sidebar":"","ocean_second_sidebar":"","ocean_disable_margins":"enable","ocean_add_body_class":"","ocean_shortcode_before_top_bar":"","ocean_shortcode_after_top_bar":"","ocean_shortcode_before_header":"","ocean_shortcode_after_header":"","ocean_has_shortcode":"","ocean_shortcode_after_title":"","ocean_shortcode_before_footer_widgets":"","ocean_shortcode_after_footer_widgets":"","ocean_shortcode_before_footer_bottom":"","ocean_shortcode_after_footer_bottom":"","ocean_display_top_bar":"default","ocean_display_header":"default","ocean_header_style":"","ocean_center_header_left_menu":"","ocean_custom_header_template":"","ocean_custom_logo":0,"ocean_custom_retina_logo":0,"ocean_custom_logo_max_width":0,"ocean_custom_logo_tablet_max_width":0,"ocean_custom_logo_mobile_max_width":0,"ocean_custom_logo_max_height":0,"ocean_custom_logo_tablet_max_height":0,"ocean_custom_logo_mobile_max_height":0,"ocean_header_custom_menu":"","ocean_menu_typo_font_family":"","ocean_menu_typo_font_subset":"","ocean_menu_typo_font_size":0,"ocean_menu_typo_font_size_tablet":0,"ocean_menu_typo_font_size_mobile":0,"ocean_menu_typo_font_size_unit":"px","ocean_menu_typo_font_weight":"","ocean_menu_typo_font_weight_tablet":"","ocean_menu_typo_font_weight_mobile":"","ocean_menu_typo_transform":"","ocean_menu_typo_transform_tablet":"","ocean_menu_typo_transform_mobile":"","ocean_menu_typo_line_height":0,"ocean_menu_typo_line_height_tablet":0,"ocean_menu_typo_line_height_mobile":0,"ocean_menu_typo_line_height_unit":"","ocean_menu_typo_spacing":0,"ocean_menu_typo_spacing_tablet":0,"ocean_menu_typo_spacing_mobile":0,"ocean_menu_typo_spacing_unit":"","ocean_menu_link_color":"","ocean_menu_link_color_hover":"","ocean_menu_link_color_active":"","ocean_menu_link_background":"","ocean_menu_link_hover_background":"","ocean_menu_link_active_background":"","ocean_menu_social_links_bg":"","ocean_menu_social_hover_links_bg":"","ocean_menu_social_links_color":"","ocean_menu_social_hover_links_color":"","ocean_disable_title":"default","ocean_disable_heading":"default","ocean_post_title":"","ocean_post_subheading":"","ocean_post_title_style":"","ocean_post_title_background_color":"","ocean_post_title_background":0,"ocean_post_title_bg_image_position":"","ocean_post_title_bg_image_attachment":"","ocean_post_title_bg_image_repeat":"","ocean_post_title_bg_image_size":"","ocean_post_title_height":0,"ocean_post_title_bg_overlay":0.5,"ocean_post_title_bg_overlay_color":"","ocean_disable_breadcrumbs":"default","ocean_breadcrumbs_color":"","ocean_breadcrumbs_separator_color":"","ocean_breadcrumbs_links_color":"","ocean_breadcrumbs_links_hover_color":"","ocean_display_footer_widgets":"default","ocean_display_footer_bottom":"default","ocean_custom_footer_template":""},"product_brand":[],"product_cat":[71,98],"product_tag":[],"class_list":{"0":"post-24866","1":"product","2":"type-product","3":"status-publish","4":"has-post-thumbnail","6":"product_cat-artbooks-libros-de-divulgacion-comic-manga-guias","7":"product_cat-novedades","9":"entry","10":"has-media","12":"first","13":"instock","14":"taxable","15":"shipping-taxable","16":"purchasable","17":"product-type-simple","18":"col","19":"span_1_of_3","20":"owp-content-center","21":"owp-thumbs-layout-horizontal","22":"owp-btn-normal","23":"owp-tabs-layout-horizontal"},"aioseo_notices":[],"_links":{"self":[{"href":"https:\/\/kaotostore.com\/en\/wp-json\/wp\/v2\/product\/24866","targetHints":{"allow":["GET"]}}],"collection":[{"href":"https:\/\/kaotostore.com\/en\/wp-json\/wp\/v2\/product"}],"about":[{"href":"https:\/\/kaotostore.com\/en\/wp-json\/wp\/v2\/types\/product"}],"wp:featuredmedia":[{"embeddable":true,"href":"https:\/\/kaotostore.com\/en\/wp-json\/wp\/v2\/media\/2515"}],"wp:attachment":[{"href":"https:\/\/kaotostore.com\/en\/wp-json\/wp\/v2\/media?parent=24866"}],"wp:term":[{"taxonomy":"product_brand","embeddable":true,"href":"https:\/\/kaotostore.com\/en\/wp-json\/wp\/v2\/product_brand?post=24866"},{"taxonomy":"product_cat","embeddable":true,"href":"https:\/\/kaotostore.com\/en\/wp-json\/wp\/v2\/product_cat?post=24866"},{"taxonomy":"product_tag","embeddable":true,"href":"https:\/\/kaotostore.com\/en\/wp-json\/wp\/v2\/product_tag?post=24866"}],"curies":[{"name":"wp","href":"https:\/\/api.w.org\/{rel}","templated":true}]}}