{"id":24851,"date":"2026-03-23T12:41:40","date_gmt":"2026-03-23T11:41:40","guid":{"rendered":"https:\/\/kaotostore.com\/producto\/alice-gear-aegis-cs-concerto-of-simulatrix-switch\/"},"modified":"2026-04-08T12:44:08","modified_gmt":"2026-04-08T10:44:08","slug":"alice-gear-aegis-cs-concerto-of-simulatrix-switch","status":"publish","type":"product","link":"https:\/\/kaotostore.com\/en\/product\/alice-gear-aegis-cs-concerto-of-simulatrix-switch\/","title":{"rendered":"Alice Gear Aegis CS Concerto of Simulatrix SWITCH"},"content":{"rendered":"<p><strong><span style=\"color: rgb(255, 5, 5);\">Si desea im\u00e1genes adicionales del producto, puede solicitarlas desde el formulario de contacto o en el email kaototienda@gmail.com<\/span><\/strong><\/p>\n<p>Alice Gear AEGiS CS: Concerto of Simulatrix es un emocionante juego de combates en 3D cargado de acci\u00f3n y personajes de lo m\u00e1s adorables. \u00a1Prepara tus armas, elige el equipamiento y lucha en combate!<\/p>\n<p>Vice se ha hecho con tu mundo y te toca luchar por recuperarlo. Como actriz con una gran destreza para llevar este equipamiento especial, trabajas para AEGiS, la empresa que se encarga de la defensa contra Vice. Lucha contra otros jugadores en diferentes simulaciones, combina como prefieras tu Alice Gear para atacar m\u00e1s r\u00e1pido y con m\u00e1s fuerza que nunca.<\/p>\n<p>Descubre la vida de tus colegas de equipo, sus motivaciones y sus sentimientos conforme vas estrechando los lazos con ellos.<\/p>\n<p>Caracter\u00edsticas:<\/p>\n<p>\u00a1Elige entre una amplia variedad de actrices! &#8211; Descubre una serie de personajes jugables \u00fanicos con personalidades diferentes y habilidades \u00fanicas.<\/p>\n<p>Tienda en el juego para una mayor personalizaci\u00f3n &#8211; En la tienda encontrar\u00e1s diferentes modelitos, variaciones de los trajes, armas y accesorios para darle un toque m\u00e1s adorable al juego.<\/p>\n<p>Elementos t\u00edpicos de novelas gr\u00e1ficas &#8211; Sigue la historia global del juego y disfruta de las secuencias cinem\u00e1ticas de los di\u00e1logos para entender mejor a tu personaje y compenetraros a\u00fan mejor.<\/p>\n<p>Batallas fren\u00e9ticas &#8211; Lucha batallas 1c1 o por equipos, crea el equipo definitivo o disfruta de los combates en solitario.<\/p>\n<p>Sistema de progresi\u00f3n visual Battle Hex &#8211; El sistema de progresi\u00f3n Battle Hex te ayuda a visualizar tu progreso y seguir diferentes caminos para lograr tu objetivo.<\/p>\n<p>\u00a1Batallas en l\u00ednea con tus amigos &#8211; \u00a1Usa la funci\u00f3n en l\u00ednea para invitar a tus amigos a los combates y descubrid qui\u00e9n es la mejor actriz de AEGiS!<\/p>\n<p><!----><\/p>","protected":false},"excerpt":{"rendered":"<p>Si desea im\u00e1genes adicionales del producto, puede solicitarlas desde el formulario de contacto o en el email kaototienda@gmail.com Alice Gear AEGiS CS: Concerto of Simulatrix es un emocionante juego de combates en 3D cargado de acci\u00f3n y personajes de lo m\u00e1s adorables. \u00a1Prepara tus armas, elige el equipamiento y lucha en combate! Vice se ha [&hellip;]<\/p>\n","protected":false},"featured_media":2489,"template":"","meta":{"ocean_post_layout":"","ocean_both_sidebars_style":"","ocean_both_sidebars_content_width":0,"ocean_both_sidebars_sidebars_width":0,"ocean_sidebar":"","ocean_second_sidebar":"","ocean_disable_margins":"enable","ocean_add_body_class":"","ocean_shortcode_before_top_bar":"","ocean_shortcode_after_top_bar":"","ocean_shortcode_before_header":"","ocean_shortcode_after_header":"","ocean_has_shortcode":"","ocean_shortcode_after_title":"","ocean_shortcode_before_footer_widgets":"","ocean_shortcode_after_footer_widgets":"","ocean_shortcode_before_footer_bottom":"","ocean_shortcode_after_footer_bottom":"","ocean_display_top_bar":"default","ocean_display_header":"default","ocean_header_style":"","ocean_center_header_left_menu":"","ocean_custom_header_template":"","ocean_custom_logo":0,"ocean_custom_retina_logo":0,"ocean_custom_logo_max_width":0,"ocean_custom_logo_tablet_max_width":0,"ocean_custom_logo_mobile_max_width":0,"ocean_custom_logo_max_height":0,"ocean_custom_logo_tablet_max_height":0,"ocean_custom_logo_mobile_max_height":0,"ocean_header_custom_menu":"","ocean_menu_typo_font_family":"","ocean_menu_typo_font_subset":"","ocean_menu_typo_font_size":0,"ocean_menu_typo_font_size_tablet":0,"ocean_menu_typo_font_size_mobile":0,"ocean_menu_typo_font_size_unit":"px","ocean_menu_typo_font_weight":"","ocean_menu_typo_font_weight_tablet":"","ocean_menu_typo_font_weight_mobile":"","ocean_menu_typo_transform":"","ocean_menu_typo_transform_tablet":"","ocean_menu_typo_transform_mobile":"","ocean_menu_typo_line_height":0,"ocean_menu_typo_line_height_tablet":0,"ocean_menu_typo_line_height_mobile":0,"ocean_menu_typo_line_height_unit":"","ocean_menu_typo_spacing":0,"ocean_menu_typo_spacing_tablet":0,"ocean_menu_typo_spacing_mobile":0,"ocean_menu_typo_spacing_unit":"","ocean_menu_link_color":"","ocean_menu_link_color_hover":"","ocean_menu_link_color_active":"","ocean_menu_link_background":"","ocean_menu_link_hover_background":"","ocean_menu_link_active_background":"","ocean_menu_social_links_bg":"","ocean_menu_social_hover_links_bg":"","ocean_menu_social_links_color":"","ocean_menu_social_hover_links_color":"","ocean_disable_title":"default","ocean_disable_heading":"default","ocean_post_title":"","ocean_post_subheading":"","ocean_post_title_style":"","ocean_post_title_background_color":"","ocean_post_title_background":0,"ocean_post_title_bg_image_position":"","ocean_post_title_bg_image_attachment":"","ocean_post_title_bg_image_repeat":"","ocean_post_title_bg_image_size":"","ocean_post_title_height":0,"ocean_post_title_bg_overlay":0.5,"ocean_post_title_bg_overlay_color":"","ocean_disable_breadcrumbs":"default","ocean_breadcrumbs_color":"","ocean_breadcrumbs_separator_color":"","ocean_breadcrumbs_links_color":"","ocean_breadcrumbs_links_hover_color":"","ocean_display_footer_widgets":"default","ocean_display_footer_bottom":"default","ocean_custom_footer_template":""},"product_brand":[],"product_cat":[124],"product_tag":[],"class_list":{"0":"post-24851","1":"product","2":"type-product","3":"status-publish","4":"has-post-thumbnail","6":"product_cat-switch","8":"entry","9":"has-media","11":"first","12":"instock","13":"taxable","14":"shipping-taxable","15":"purchasable","16":"product-type-simple","17":"col","18":"span_1_of_3","19":"owp-content-center","20":"owp-thumbs-layout-horizontal","21":"owp-btn-normal","22":"owp-tabs-layout-horizontal"},"aioseo_notices":[],"_links":{"self":[{"href":"https:\/\/kaotostore.com\/en\/wp-json\/wp\/v2\/product\/24851","targetHints":{"allow":["GET"]}}],"collection":[{"href":"https:\/\/kaotostore.com\/en\/wp-json\/wp\/v2\/product"}],"about":[{"href":"https:\/\/kaotostore.com\/en\/wp-json\/wp\/v2\/types\/product"}],"wp:featuredmedia":[{"embeddable":true,"href":"https:\/\/kaotostore.com\/en\/wp-json\/wp\/v2\/media\/2489"}],"wp:attachment":[{"href":"https:\/\/kaotostore.com\/en\/wp-json\/wp\/v2\/media?parent=24851"}],"wp:term":[{"taxonomy":"product_brand","embeddable":true,"href":"https:\/\/kaotostore.com\/en\/wp-json\/wp\/v2\/product_brand?post=24851"},{"taxonomy":"product_cat","embeddable":true,"href":"https:\/\/kaotostore.com\/en\/wp-json\/wp\/v2\/product_cat?post=24851"},{"taxonomy":"product_tag","embeddable":true,"href":"https:\/\/kaotostore.com\/en\/wp-json\/wp\/v2\/product_tag?post=24851"}],"curies":[{"name":"wp","href":"https:\/\/api.w.org\/{rel}","templated":true}]}}