{"id":24813,"date":"2026-03-23T12:41:10","date_gmt":"2026-03-23T11:41:10","guid":{"rendered":"https:\/\/kaotostore.com\/producto\/akibas-beat-playstation-4-importacion-japonesa\/"},"modified":"2026-04-09T12:19:30","modified_gmt":"2026-04-09T10:19:30","slug":"akibas-beat-playstation-4-importacion-japonesa","status":"publish","type":"product","link":"https:\/\/kaotostore.com\/en\/product\/akibas-beat-playstation-4-importacion-japonesa\/","title":{"rendered":"Akiba&#8217;s Beat PLAYSTATION 4 (Importaci\u00f3n japonesa)"},"content":{"rendered":"<p><span><strong><span style=\"color: rgb(255, 5, 5);\">Si desea im\u00e1genes adicionales del producto, puede solicitarlas desde el formulario de contacto o en el email kaototienda@gmail.com<\/span><\/strong><\/span><\/p>\n<p>\u00a0<\/p>\n<p><b>-Juego en japon\u00e9s<\/b><\/p>\n<p>\u00a0<\/p>\n<p>\u00a1En el videojuego, situado en el coraz\u00f3n de Tokio, las ilusiones de los otakus se hacen realidad, amenazando el tejido de la realidad! Como friki sin nada mejor que hacer, debes salir a al calle y combatir las imaginaciones de los ciudadanos del legendario distrito de Akihabara en este JRPG urbano y moderno.<\/p>\n<p>1 jugador<br \/>12GB m\u00ednimo<br \/>Salida de v\u00eddeo HD 720p,1080i,1080p<\/p>\n<p>La descarga de este producto est\u00e1 sujeta a la aceptaci\u00f3n de los T\u00e9rminos de servicio de PlayStation Network y de nuestros T\u00e9rminos de uso del Software, as\u00ed como de cualquier condici\u00f3n adicional que se aplique a este producto. Si no desea aceptar estos t\u00e9rminos, no descargue este producto. Consulte los T\u00e9rminos de servicio para obtener informaci\u00f3n adicional importante.<br \/>Cuota de licencia \u00fanica para descargar en m\u00faltiples sistemas PlayStation\u00ae4. No hace falta iniciar sesi\u00f3n en PlayStation\u00aeNetwork para usarla en su PS4 principal pero s\u00ed hay que hacerlo para el uso en otros sistemas PlayStation\u00ae4.<br \/>Lea los Avisos de salud para obtener informaci\u00f3n de salud importante antes de usar este producto.<br \/>Programas de biblioteca \u00a9Sony Interactive Entertainment Inc. propiedad exclusiva de Sony Interactive Entertainment Europe. Son aplicables los T\u00e9rminos de uso del Software. Consulta eu.playstation.com\/legal para ver todos los derechos de uso.<\/p>\n<p><\/p>","protected":false},"excerpt":{"rendered":"<p>Si desea im\u00e1genes adicionales del producto, puede solicitarlas desde el formulario de contacto o en el email kaototienda@gmail.com \u00a0 -Juego en japon\u00e9s \u00a0 \u00a1En el videojuego, situado en el coraz\u00f3n de Tokio, las ilusiones de los otakus se hacen realidad, amenazando el tejido de la realidad! Como friki sin nada mejor que hacer, debes salir [&hellip;]<\/p>\n","protected":false},"featured_media":2421,"template":"","meta":{"ocean_post_layout":"","ocean_both_sidebars_style":"","ocean_both_sidebars_content_width":0,"ocean_both_sidebars_sidebars_width":0,"ocean_sidebar":"","ocean_second_sidebar":"","ocean_disable_margins":"enable","ocean_add_body_class":"","ocean_shortcode_before_top_bar":"","ocean_shortcode_after_top_bar":"","ocean_shortcode_before_header":"","ocean_shortcode_after_header":"","ocean_has_shortcode":"","ocean_shortcode_after_title":"","ocean_shortcode_before_footer_widgets":"","ocean_shortcode_after_footer_widgets":"","ocean_shortcode_before_footer_bottom":"","ocean_shortcode_after_footer_bottom":"","ocean_display_top_bar":"default","ocean_display_header":"default","ocean_header_style":"","ocean_center_header_left_menu":"","ocean_custom_header_template":"","ocean_custom_logo":0,"ocean_custom_retina_logo":0,"ocean_custom_logo_max_width":0,"ocean_custom_logo_tablet_max_width":0,"ocean_custom_logo_mobile_max_width":0,"ocean_custom_logo_max_height":0,"ocean_custom_logo_tablet_max_height":0,"ocean_custom_logo_mobile_max_height":0,"ocean_header_custom_menu":"","ocean_menu_typo_font_family":"","ocean_menu_typo_font_subset":"","ocean_menu_typo_font_size":0,"ocean_menu_typo_font_size_tablet":0,"ocean_menu_typo_font_size_mobile":0,"ocean_menu_typo_font_size_unit":"px","ocean_menu_typo_font_weight":"","ocean_menu_typo_font_weight_tablet":"","ocean_menu_typo_font_weight_mobile":"","ocean_menu_typo_transform":"","ocean_menu_typo_transform_tablet":"","ocean_menu_typo_transform_mobile":"","ocean_menu_typo_line_height":0,"ocean_menu_typo_line_height_tablet":0,"ocean_menu_typo_line_height_mobile":0,"ocean_menu_typo_line_height_unit":"","ocean_menu_typo_spacing":0,"ocean_menu_typo_spacing_tablet":0,"ocean_menu_typo_spacing_mobile":0,"ocean_menu_typo_spacing_unit":"","ocean_menu_link_color":"","ocean_menu_link_color_hover":"","ocean_menu_link_color_active":"","ocean_menu_link_background":"","ocean_menu_link_hover_background":"","ocean_menu_link_active_background":"","ocean_menu_social_links_bg":"","ocean_menu_social_hover_links_bg":"","ocean_menu_social_links_color":"","ocean_menu_social_hover_links_color":"","ocean_disable_title":"default","ocean_disable_heading":"default","ocean_post_title":"","ocean_post_subheading":"","ocean_post_title_style":"","ocean_post_title_background_color":"","ocean_post_title_background":0,"ocean_post_title_bg_image_position":"","ocean_post_title_bg_image_attachment":"","ocean_post_title_bg_image_repeat":"","ocean_post_title_bg_image_size":"","ocean_post_title_height":0,"ocean_post_title_bg_overlay":0.5,"ocean_post_title_bg_overlay_color":"","ocean_disable_breadcrumbs":"default","ocean_breadcrumbs_color":"","ocean_breadcrumbs_separator_color":"","ocean_breadcrumbs_links_color":"","ocean_breadcrumbs_links_hover_color":"","ocean_display_footer_widgets":"default","ocean_display_footer_bottom":"default","ocean_custom_footer_template":""},"product_brand":[],"product_cat":[107],"product_tag":[],"class_list":{"0":"post-24813","1":"product","2":"type-product","3":"status-publish","4":"has-post-thumbnail","6":"product_cat-playstation-4","8":"entry","9":"has-media","11":"first","12":"instock","13":"taxable","14":"shipping-taxable","15":"purchasable","16":"product-type-simple","17":"col","18":"span_1_of_3","19":"owp-content-center","20":"owp-thumbs-layout-horizontal","21":"owp-btn-normal","22":"owp-tabs-layout-horizontal","23":"has-no-thumbnails"},"aioseo_notices":[],"_links":{"self":[{"href":"https:\/\/kaotostore.com\/en\/wp-json\/wp\/v2\/product\/24813","targetHints":{"allow":["GET"]}}],"collection":[{"href":"https:\/\/kaotostore.com\/en\/wp-json\/wp\/v2\/product"}],"about":[{"href":"https:\/\/kaotostore.com\/en\/wp-json\/wp\/v2\/types\/product"}],"wp:featuredmedia":[{"embeddable":true,"href":"https:\/\/kaotostore.com\/en\/wp-json\/wp\/v2\/media\/2421"}],"wp:attachment":[{"href":"https:\/\/kaotostore.com\/en\/wp-json\/wp\/v2\/media?parent=24813"}],"wp:term":[{"taxonomy":"product_brand","embeddable":true,"href":"https:\/\/kaotostore.com\/en\/wp-json\/wp\/v2\/product_brand?post=24813"},{"taxonomy":"product_cat","embeddable":true,"href":"https:\/\/kaotostore.com\/en\/wp-json\/wp\/v2\/product_cat?post=24813"},{"taxonomy":"product_tag","embeddable":true,"href":"https:\/\/kaotostore.com\/en\/wp-json\/wp\/v2\/product_tag?post=24813"}],"curies":[{"name":"wp","href":"https:\/\/api.w.org\/{rel}","templated":true}]}}