{"id":24790,"date":"2026-03-23T12:40:48","date_gmt":"2026-03-23T11:40:48","guid":{"rendered":"https:\/\/kaotostore.com\/producto\/aerial-knights-never-yield-switch-importacion-inglesa\/"},"modified":"2026-05-04T22:28:04","modified_gmt":"2026-05-04T20:28:04","slug":"aerial-knights-never-yield-switch-importacion-inglesa","status":"publish","type":"product","link":"https:\/\/kaotostore.com\/en\/product\/aerial-knights-never-yield-switch-importacion-inglesa\/","title":{"rendered":"Aerial Knights Never Yield SWITCH (Importaci\u00f3n inglesa)"},"content":{"rendered":"<div class=\"row row-content\">\n<div class=\"col-xs-12 content\"><strong>-Juego en castellano<\/strong><\/div>\n<div class=\"col-xs-12 content\">\n<strong><\/strong>\n<\/div>\n<div class=\"col-xs-12 content\">\n<span><\/span>\n<\/div>\n<div class=\"col-xs-12 content\">\n<span><\/span>\n<\/div>\n<div class=\"col-xs-12 content\">\n<p>Sobrevive en una Detroit futurista inspirada en Tokio en este juego \u00abrunner\u00bb en 3D que narra la historia de Wally, quien ha descubierto ciertas pruebas que pueden cambiar la ciudad para siempre. Explora un mundo incre\u00edble al ritmo de una banda sonora pegadiza, a cargo de artistas de Detroit.<\/p>\n<h3>HISTORIA<\/h3>\n<p>Encarnas a Wally, un personaje misterioso que ha recuperado algo que le hab\u00edan arrebatado. Con algo de suerte, ser\u00e1s capaz de sacar ventaja a los enemigos y sacar la verdad a la luz.<\/p>\n<h3>SISTEMA DE JUEGO<\/h3>\n<p>Aerial_Knight&#8217;s Never Yield es un juego de desplazamiento lateral en 3D que funciona como un t\u00edtulo \u00abrunner\u00bb de corte cl\u00e1sico. Este t\u00edtulo cuenta con una historia interesante que atrapar\u00e1 a los jugadores y los mantendr\u00e1 en movimiento. Corre, salta, desl\u00edzate o acelera para ejecutar todo tipo de acrobacias y combinaciones estilizadas, y enfr\u00e9ntate a los desaf\u00edos que te aguardan. Aerial_Knight&#8217;s Never Yield est\u00e1 dirigido a jugadores a los que les encanta exprimir todo el juguillo a los juegos, pero tambi\u00e9n da la bienvenida a jugadores novatos.<\/p>\n<h3>BANDA SONORA<\/h3>\n<p>La banda sonora de Aerial_Knight&#8217;s Never Yield corre a cargo de \u00abDanime-Sama\u00bb, un artista de Detroit que cuenta con la colaboraci\u00f3n de cantantes de todo el mundo.<\/p>\n<h3>NOTA DEL DESARROLLADOR<\/h3>\n<p>Comenc\u00e9 este proyecto en solitario para crear algo familiar, pero a la vez nuevo, para la generaci\u00f3n actual de jugadores. Y, a la vez, quiero destacar aspectos de una cultura que suele pasarse por alto. Espero que los jugadores disfruten de este t\u00edtulo cuando salga a la venta y que deseen seguir de cerca mi andadura para crear nuevos juegos interesantes.<\/p>\n<\/div>\n<\/div>\n<p><!----><\/p>","protected":false},"excerpt":{"rendered":"<p>-Juego en castellano Sobrevive en una Detroit futurista inspirada en Tokio en este juego \u00abrunner\u00bb en 3D que narra la historia de Wally, quien ha descubierto ciertas pruebas que pueden cambiar la ciudad para siempre. Explora un mundo incre\u00edble al ritmo de una banda sonora pegadiza, a cargo de artistas de Detroit. HISTORIA Encarnas a [&hellip;]<\/p>\n","protected":false},"featured_media":2376,"template":"","meta":{"ocean_post_layout":"","ocean_both_sidebars_style":"","ocean_both_sidebars_content_width":0,"ocean_both_sidebars_sidebars_width":0,"ocean_sidebar":"","ocean_second_sidebar":"","ocean_disable_margins":"enable","ocean_add_body_class":"","ocean_shortcode_before_top_bar":"","ocean_shortcode_after_top_bar":"","ocean_shortcode_before_header":"","ocean_shortcode_after_header":"","ocean_has_shortcode":"","ocean_shortcode_after_title":"","ocean_shortcode_before_footer_widgets":"","ocean_shortcode_after_footer_widgets":"","ocean_shortcode_before_footer_bottom":"","ocean_shortcode_after_footer_bottom":"","ocean_display_top_bar":"default","ocean_display_header":"default","ocean_header_style":"","ocean_center_header_left_menu":"","ocean_custom_header_template":"","ocean_custom_logo":0,"ocean_custom_retina_logo":0,"ocean_custom_logo_max_width":0,"ocean_custom_logo_tablet_max_width":0,"ocean_custom_logo_mobile_max_width":0,"ocean_custom_logo_max_height":0,"ocean_custom_logo_tablet_max_height":0,"ocean_custom_logo_mobile_max_height":0,"ocean_header_custom_menu":"","ocean_menu_typo_font_family":"","ocean_menu_typo_font_subset":"","ocean_menu_typo_font_size":0,"ocean_menu_typo_font_size_tablet":0,"ocean_menu_typo_font_size_mobile":0,"ocean_menu_typo_font_size_unit":"px","ocean_menu_typo_font_weight":"","ocean_menu_typo_font_weight_tablet":"","ocean_menu_typo_font_weight_mobile":"","ocean_menu_typo_transform":"","ocean_menu_typo_transform_tablet":"","ocean_menu_typo_transform_mobile":"","ocean_menu_typo_line_height":0,"ocean_menu_typo_line_height_tablet":0,"ocean_menu_typo_line_height_mobile":0,"ocean_menu_typo_line_height_unit":"","ocean_menu_typo_spacing":0,"ocean_menu_typo_spacing_tablet":0,"ocean_menu_typo_spacing_mobile":0,"ocean_menu_typo_spacing_unit":"","ocean_menu_link_color":"","ocean_menu_link_color_hover":"","ocean_menu_link_color_active":"","ocean_menu_link_background":"","ocean_menu_link_hover_background":"","ocean_menu_link_active_background":"","ocean_menu_social_links_bg":"","ocean_menu_social_hover_links_bg":"","ocean_menu_social_links_color":"","ocean_menu_social_hover_links_color":"","ocean_disable_title":"default","ocean_disable_heading":"default","ocean_post_title":"","ocean_post_subheading":"","ocean_post_title_style":"","ocean_post_title_background_color":"","ocean_post_title_background":0,"ocean_post_title_bg_image_position":"","ocean_post_title_bg_image_attachment":"","ocean_post_title_bg_image_repeat":"","ocean_post_title_bg_image_size":"","ocean_post_title_height":0,"ocean_post_title_bg_overlay":0.5,"ocean_post_title_bg_overlay_color":"","ocean_disable_breadcrumbs":"default","ocean_breadcrumbs_color":"","ocean_breadcrumbs_separator_color":"","ocean_breadcrumbs_links_color":"","ocean_breadcrumbs_links_hover_color":"","ocean_display_footer_widgets":"default","ocean_display_footer_bottom":"default","ocean_custom_footer_template":""},"product_brand":[],"product_cat":[124],"product_tag":[],"class_list":{"0":"post-24790","1":"product","2":"type-product","3":"status-publish","4":"has-post-thumbnail","6":"product_cat-switch","8":"entry","9":"has-media","11":"first","12":"outofstock","13":"taxable","14":"shipping-taxable","15":"purchasable","16":"product-type-simple","17":"col","18":"span_1_of_3","19":"owp-content-center","20":"owp-thumbs-layout-horizontal","21":"owp-btn-normal","22":"owp-tabs-layout-horizontal","23":"has-no-thumbnails"},"aioseo_notices":[],"_links":{"self":[{"href":"https:\/\/kaotostore.com\/en\/wp-json\/wp\/v2\/product\/24790","targetHints":{"allow":["GET"]}}],"collection":[{"href":"https:\/\/kaotostore.com\/en\/wp-json\/wp\/v2\/product"}],"about":[{"href":"https:\/\/kaotostore.com\/en\/wp-json\/wp\/v2\/types\/product"}],"wp:featuredmedia":[{"embeddable":true,"href":"https:\/\/kaotostore.com\/en\/wp-json\/wp\/v2\/media\/2376"}],"wp:attachment":[{"href":"https:\/\/kaotostore.com\/en\/wp-json\/wp\/v2\/media?parent=24790"}],"wp:term":[{"taxonomy":"product_brand","embeddable":true,"href":"https:\/\/kaotostore.com\/en\/wp-json\/wp\/v2\/product_brand?post=24790"},{"taxonomy":"product_cat","embeddable":true,"href":"https:\/\/kaotostore.com\/en\/wp-json\/wp\/v2\/product_cat?post=24790"},{"taxonomy":"product_tag","embeddable":true,"href":"https:\/\/kaotostore.com\/en\/wp-json\/wp\/v2\/product_tag?post=24790"}],"curies":[{"name":"wp","href":"https:\/\/api.w.org\/{rel}","templated":true}]}}