{"id":24749,"date":"2026-03-23T12:40:08","date_gmt":"2026-03-23T11:40:08","guid":{"rendered":"https:\/\/kaotostore.com\/producto\/absolum-switch\/"},"modified":"2026-04-09T12:11:17","modified_gmt":"2026-04-09T10:11:17","slug":"absolum-switch","status":"publish","type":"product","link":"https:\/\/kaotostore.com\/en\/product\/absolum-switch\/","title":{"rendered":"Absolum SWITCH"},"content":{"rendered":"<div>\n<h4><span style=\"color: rgb(255, 5, 5);\">Si desea im\u00e1genes adicionales del producto, puede solicitarlas desde el formulario de contacto o en el email kaototienda@gmail.com<\/p>\n<p><\/span><\/h4>\n<p>Un cataclismo provocado por magos codiciosos asol\u00f3 Talamh, lo que llev\u00f3 a la gente de a pie a desconfiar de la magia. <strong>Azra, el Rey Sol<\/strong>, sac\u00f3 partido de estos recelos para esclavizar a los magos mediante la <strong>Orden Carmes\u00ed <\/strong>y designar pr\u00edncipes leales a dedo para gobernar los reinos conquistados.<\/p>\n<p>A medida que las tropas de Azra conquistaron m\u00e1s y m\u00e1s tierras, la alta hechicera Uchawi y un peque\u00f1o grupo de rebeldes abandonaron la clandestinidad, dispuestos a hacer uso de la magia prohibida para desafiar al r\u00e9gimen opresivo de Azra y poner fin a su desp\u00f3tico poder m\u00e1gico.<\/p>\n<p><strong>Los h\u00e9roes nacen tras la destrucci\u00f3n<\/strong><br \/>Conoce a los h\u00e9roes proscritos de Talamh, cada uno de ellos con su propio estilo de combate.Galandra surge como una fuerza imparable de la naturaleza desde las sombras de Yeldrim.<\/p>\n<p>Su enorme espada es mort\u00edfera y cuenta con poderes nigrom\u00e1nticos escalofriantes y destructivos. Su porte tranquilo es una pura fachada que oculta la ira que lleva por dentro.<\/p>\n<p><strong>Karl es el \u00faltimo enano libre de Talamh<\/strong>. Es un buen luchador en las distancias cortas que se defiende bien tanto en el cuerpo a cuerpo a pu\u00f1etazo limpio como con su trabuco ancestral usando t\u00e1cticas explosivas.<\/p>\n<p>Compensa su poco alcance a media distancia con fuerza bruta y rapidez mental, lo que hace de \u00e9l un aliado inmejorable en la lucha contra la opresi\u00f3n de Azra.<\/p>\n<p>Durante su ardua tarea, dos misteriosos h\u00e9roes se les unir\u00e1n en una misi\u00f3n para derrocar al <strong>Rey Sol: Brome<\/strong>, un prodigioso mago que busca proteger a las futuras generaciones de su pueblo; y el <strong>enigm\u00e1tico Cider<\/strong>, un h\u00e1bil escaramuzador en busca de respuestas entre los fragmentos dispersos de su propia alma.<\/p>\n<p><strong>Domina todas las facetas del juego<\/strong><br \/>Acaba con la guardia de \u00e9lite de Azra encadenando ataques y poderes m\u00e1gicos, y despliega movimientos poderosos con un toque estrat\u00e9gico.<\/p>\n<p>Utiliza contrataques m\u00e1gicos y objetos inusuales para cambiar a tu favor el curso de los combates y familiar\u00edzate con un sistema que exige habilidad y sincronizaci\u00f3n, lo que te empujar\u00e1 a crear nuevas estrategias en cada partida para causar estragos en las filas enemigas.<\/p>\n<p><strong>La cumbre del beat &#8216;em up<\/strong><br \/>Lidera el levantamiento contra el r\u00e9gimen de Azra como h\u00e9roe en solitario o forma equipo con un amigo compartiendo sof\u00e1 o en el modo cooperativo. \u00a1Combinad vuestros poderes elementales y sincronizad incre\u00edbles ataques en cadena!<\/p>\n<p>El mundo de Talamh es un abigarrado lugar lleno de secretos, historias y traiciones. Desde las <strong>majestuosas minas de Grandery hasta los frondosos bosques de Jaroba<\/strong>, cada paso en tu odisea ir\u00e1 acompa\u00f1ado de la magn\u00edfica <strong>banda sonora del compositor Gareth Coker <\/strong>(Ori, Halo Infinite, Prince of Persia), con colaboraciones de<strong> Yuka Kitamura <\/strong>(Dark Souls, Elden Ring), <strong>Mick Gordon <\/strong>(Doom Eternal, Atomic Heart) \u00a1y muchos m\u00e1s!\n<\/div>","protected":false},"excerpt":{"rendered":"<p>Si desea im\u00e1genes adicionales del producto, puede solicitarlas desde el formulario de contacto o en el email kaototienda@gmail.com Un cataclismo provocado por magos codiciosos asol\u00f3 Talamh, lo que llev\u00f3 a la gente de a pie a desconfiar de la magia. Azra, el Rey Sol, sac\u00f3 partido de estos recelos para esclavizar a los magos mediante [&hellip;]<\/p>\n","protected":false},"featured_media":2309,"template":"","meta":{"ocean_post_layout":"","ocean_both_sidebars_style":"","ocean_both_sidebars_content_width":0,"ocean_both_sidebars_sidebars_width":0,"ocean_sidebar":"","ocean_second_sidebar":"","ocean_disable_margins":"enable","ocean_add_body_class":"","ocean_shortcode_before_top_bar":"","ocean_shortcode_after_top_bar":"","ocean_shortcode_before_header":"","ocean_shortcode_after_header":"","ocean_has_shortcode":"","ocean_shortcode_after_title":"","ocean_shortcode_before_footer_widgets":"","ocean_shortcode_after_footer_widgets":"","ocean_shortcode_before_footer_bottom":"","ocean_shortcode_after_footer_bottom":"","ocean_display_top_bar":"default","ocean_display_header":"default","ocean_header_style":"","ocean_center_header_left_menu":"","ocean_custom_header_template":"","ocean_custom_logo":0,"ocean_custom_retina_logo":0,"ocean_custom_logo_max_width":0,"ocean_custom_logo_tablet_max_width":0,"ocean_custom_logo_mobile_max_width":0,"ocean_custom_logo_max_height":0,"ocean_custom_logo_tablet_max_height":0,"ocean_custom_logo_mobile_max_height":0,"ocean_header_custom_menu":"","ocean_menu_typo_font_family":"","ocean_menu_typo_font_subset":"","ocean_menu_typo_font_size":0,"ocean_menu_typo_font_size_tablet":0,"ocean_menu_typo_font_size_mobile":0,"ocean_menu_typo_font_size_unit":"px","ocean_menu_typo_font_weight":"","ocean_menu_typo_font_weight_tablet":"","ocean_menu_typo_font_weight_mobile":"","ocean_menu_typo_transform":"","ocean_menu_typo_transform_tablet":"","ocean_menu_typo_transform_mobile":"","ocean_menu_typo_line_height":0,"ocean_menu_typo_line_height_tablet":0,"ocean_menu_typo_line_height_mobile":0,"ocean_menu_typo_line_height_unit":"","ocean_menu_typo_spacing":0,"ocean_menu_typo_spacing_tablet":0,"ocean_menu_typo_spacing_mobile":0,"ocean_menu_typo_spacing_unit":"","ocean_menu_link_color":"","ocean_menu_link_color_hover":"","ocean_menu_link_color_active":"","ocean_menu_link_background":"","ocean_menu_link_hover_background":"","ocean_menu_link_active_background":"","ocean_menu_social_links_bg":"","ocean_menu_social_hover_links_bg":"","ocean_menu_social_links_color":"","ocean_menu_social_hover_links_color":"","ocean_disable_title":"default","ocean_disable_heading":"default","ocean_post_title":"","ocean_post_subheading":"","ocean_post_title_style":"","ocean_post_title_background_color":"","ocean_post_title_background":0,"ocean_post_title_bg_image_position":"","ocean_post_title_bg_image_attachment":"","ocean_post_title_bg_image_repeat":"","ocean_post_title_bg_image_size":"","ocean_post_title_height":0,"ocean_post_title_bg_overlay":0.5,"ocean_post_title_bg_overlay_color":"","ocean_disable_breadcrumbs":"default","ocean_breadcrumbs_color":"","ocean_breadcrumbs_separator_color":"","ocean_breadcrumbs_links_color":"","ocean_breadcrumbs_links_hover_color":"","ocean_display_footer_widgets":"default","ocean_display_footer_bottom":"default","ocean_custom_footer_template":""},"product_brand":[],"product_cat":[98,124],"product_tag":[],"class_list":{"0":"post-24749","1":"product","2":"type-product","3":"status-publish","4":"has-post-thumbnail","6":"product_cat-novedades","7":"product_cat-switch","9":"entry","10":"has-media","12":"first","13":"outofstock","14":"taxable","15":"shipping-taxable","16":"purchasable","17":"product-type-simple","18":"col","19":"span_1_of_3","20":"owp-content-center","21":"owp-thumbs-layout-horizontal","22":"owp-btn-normal","23":"owp-tabs-layout-horizontal"},"aioseo_notices":[],"_links":{"self":[{"href":"https:\/\/kaotostore.com\/en\/wp-json\/wp\/v2\/product\/24749","targetHints":{"allow":["GET"]}}],"collection":[{"href":"https:\/\/kaotostore.com\/en\/wp-json\/wp\/v2\/product"}],"about":[{"href":"https:\/\/kaotostore.com\/en\/wp-json\/wp\/v2\/types\/product"}],"wp:featuredmedia":[{"embeddable":true,"href":"https:\/\/kaotostore.com\/en\/wp-json\/wp\/v2\/media\/2309"}],"wp:attachment":[{"href":"https:\/\/kaotostore.com\/en\/wp-json\/wp\/v2\/media?parent=24749"}],"wp:term":[{"taxonomy":"product_brand","embeddable":true,"href":"https:\/\/kaotostore.com\/en\/wp-json\/wp\/v2\/product_brand?post=24749"},{"taxonomy":"product_cat","embeddable":true,"href":"https:\/\/kaotostore.com\/en\/wp-json\/wp\/v2\/product_cat?post=24749"},{"taxonomy":"product_tag","embeddable":true,"href":"https:\/\/kaotostore.com\/en\/wp-json\/wp\/v2\/product_tag?post=24749"}],"curies":[{"name":"wp","href":"https:\/\/api.w.org\/{rel}","templated":true}]}}