{"id":24742,"date":"2026-03-23T12:40:00","date_gmt":"2026-03-23T11:40:00","guid":{"rendered":"https:\/\/kaotostore.com\/producto\/a-space-for-the-unbound-switch\/"},"modified":"2026-04-10T14:14:39","modified_gmt":"2026-04-10T12:14:39","slug":"a-space-for-the-unbound-switch","status":"publish","type":"product","link":"https:\/\/kaotostore.com\/en\/product\/a-space-for-the-unbound-switch\/","title":{"rendered":"A Space for the Unbound SWITCH"},"content":{"rendered":"<div class=\"row row-content\">\n<div class=\"col-xs-12 content\">\n<p><strong><span style=\"color: rgb(255, 5, 5);\">Si desea im\u00e1genes adicionales del producto, puede solicitarlas desde el formulario de contacto o en el email kaototienda@gmail.com<br \/><\/span><\/strong><\/p>\n<p>A Space for the Unbound es un juego de aventuras ambientado en el d\u00eda a d\u00eda de la Indonesia de los a\u00f1os noventa que trata temas como la depresi\u00f3n, ansiedad y las relaciones entre un chico y una chica con poderes sobrenaturales, todo ello con un espectacular apartado gr\u00e1fico al estilo retro.<\/p>\n<p>Sigue las vidas de Atma y Raya, dos tortolitos que est\u00e1n acabando el instituto y est\u00e1n a\u00fan en pleno proceso conocerse a s\u00ed mismos. Todo cambiar\u00e1 cuando un extra\u00f1o poder sobrenatural se desata, poniendo en jaque su existencia. Tendr\u00e1n que explorar su pueblo para descubrir los secretos que oculta, enfrentarse al fin del mundo y quiz\u00e1 descubrir algo m\u00e1s sobre ellos mismos.<\/p>\n<p>La historia tiene lugar en un peque\u00f1o pueblo inspirado en la Indonesia rural de los noventa. A Space for the Unbound te trae una historia que engancha y un entorno colorido que pide a gritos ser explorado.<\/p>\n<p>*\u00a0\u00a1Regresa a los 90! \u00a1Viaja a la Indonesia de esa d\u00e9cada m\u00e1gica!<\/p>\n<p>*\u00a0Descubre las zonas rurales de Indonesia y rel\u00e1jate sumergi\u00e9ndote de lleno en su entorno, todo ello con un toque sobrenatural.<\/p>\n<p>* Habla con el resto de habitantes del pueblo y descubre sus historias.<\/p>\n<p>* Entra en las mentes de las personas como en la peli Origen.<\/p>\n<p>* Disfruta de los temas compuestos por Masdito \u00abIttou\u00bb Bachtiar.<\/p>\n<\/div>\n<\/div>\n<p><!----><\/p>","protected":false},"excerpt":{"rendered":"<p>Si desea im\u00e1genes adicionales del producto, puede solicitarlas desde el formulario de contacto o en el email kaototienda@gmail.com A Space for the Unbound es un juego de aventuras ambientado en el d\u00eda a d\u00eda de la Indonesia de los a\u00f1os noventa que trata temas como la depresi\u00f3n, ansiedad y las relaciones entre un chico y [&hellip;]<\/p>\n","protected":false},"featured_media":2280,"template":"","meta":{"ocean_post_layout":"","ocean_both_sidebars_style":"","ocean_both_sidebars_content_width":0,"ocean_both_sidebars_sidebars_width":0,"ocean_sidebar":"","ocean_second_sidebar":"","ocean_disable_margins":"enable","ocean_add_body_class":"","ocean_shortcode_before_top_bar":"","ocean_shortcode_after_top_bar":"","ocean_shortcode_before_header":"","ocean_shortcode_after_header":"","ocean_has_shortcode":"","ocean_shortcode_after_title":"","ocean_shortcode_before_footer_widgets":"","ocean_shortcode_after_footer_widgets":"","ocean_shortcode_before_footer_bottom":"","ocean_shortcode_after_footer_bottom":"","ocean_display_top_bar":"default","ocean_display_header":"default","ocean_header_style":"","ocean_center_header_left_menu":"","ocean_custom_header_template":"","ocean_custom_logo":0,"ocean_custom_retina_logo":0,"ocean_custom_logo_max_width":0,"ocean_custom_logo_tablet_max_width":0,"ocean_custom_logo_mobile_max_width":0,"ocean_custom_logo_max_height":0,"ocean_custom_logo_tablet_max_height":0,"ocean_custom_logo_mobile_max_height":0,"ocean_header_custom_menu":"","ocean_menu_typo_font_family":"","ocean_menu_typo_font_subset":"","ocean_menu_typo_font_size":0,"ocean_menu_typo_font_size_tablet":0,"ocean_menu_typo_font_size_mobile":0,"ocean_menu_typo_font_size_unit":"px","ocean_menu_typo_font_weight":"","ocean_menu_typo_font_weight_tablet":"","ocean_menu_typo_font_weight_mobile":"","ocean_menu_typo_transform":"","ocean_menu_typo_transform_tablet":"","ocean_menu_typo_transform_mobile":"","ocean_menu_typo_line_height":0,"ocean_menu_typo_line_height_tablet":0,"ocean_menu_typo_line_height_mobile":0,"ocean_menu_typo_line_height_unit":"","ocean_menu_typo_spacing":0,"ocean_menu_typo_spacing_tablet":0,"ocean_menu_typo_spacing_mobile":0,"ocean_menu_typo_spacing_unit":"","ocean_menu_link_color":"","ocean_menu_link_color_hover":"","ocean_menu_link_color_active":"","ocean_menu_link_background":"","ocean_menu_link_hover_background":"","ocean_menu_link_active_background":"","ocean_menu_social_links_bg":"","ocean_menu_social_hover_links_bg":"","ocean_menu_social_links_color":"","ocean_menu_social_hover_links_color":"","ocean_disable_title":"default","ocean_disable_heading":"default","ocean_post_title":"","ocean_post_subheading":"","ocean_post_title_style":"","ocean_post_title_background_color":"","ocean_post_title_background":0,"ocean_post_title_bg_image_position":"","ocean_post_title_bg_image_attachment":"","ocean_post_title_bg_image_repeat":"","ocean_post_title_bg_image_size":"","ocean_post_title_height":0,"ocean_post_title_bg_overlay":0.5,"ocean_post_title_bg_overlay_color":"","ocean_disable_breadcrumbs":"default","ocean_breadcrumbs_color":"","ocean_breadcrumbs_separator_color":"","ocean_breadcrumbs_links_color":"","ocean_breadcrumbs_links_hover_color":"","ocean_display_footer_widgets":"default","ocean_display_footer_bottom":"default","ocean_custom_footer_template":""},"product_brand":[],"product_cat":[124],"product_tag":[],"class_list":{"0":"post-24742","1":"product","2":"type-product","3":"status-publish","4":"has-post-thumbnail","6":"product_cat-switch","8":"entry","9":"has-media","11":"first","12":"instock","13":"taxable","14":"shipping-taxable","15":"purchasable","16":"product-type-simple","17":"col","18":"span_1_of_3","19":"owp-content-center","20":"owp-thumbs-layout-horizontal","21":"owp-btn-normal","22":"owp-tabs-layout-horizontal"},"aioseo_notices":[],"_links":{"self":[{"href":"https:\/\/kaotostore.com\/en\/wp-json\/wp\/v2\/product\/24742","targetHints":{"allow":["GET"]}}],"collection":[{"href":"https:\/\/kaotostore.com\/en\/wp-json\/wp\/v2\/product"}],"about":[{"href":"https:\/\/kaotostore.com\/en\/wp-json\/wp\/v2\/types\/product"}],"wp:featuredmedia":[{"embeddable":true,"href":"https:\/\/kaotostore.com\/en\/wp-json\/wp\/v2\/media\/2280"}],"wp:attachment":[{"href":"https:\/\/kaotostore.com\/en\/wp-json\/wp\/v2\/media?parent=24742"}],"wp:term":[{"taxonomy":"product_brand","embeddable":true,"href":"https:\/\/kaotostore.com\/en\/wp-json\/wp\/v2\/product_brand?post=24742"},{"taxonomy":"product_cat","embeddable":true,"href":"https:\/\/kaotostore.com\/en\/wp-json\/wp\/v2\/product_cat?post=24742"},{"taxonomy":"product_tag","embeddable":true,"href":"https:\/\/kaotostore.com\/en\/wp-json\/wp\/v2\/product_tag?post=24742"}],"curies":[{"name":"wp","href":"https:\/\/api.w.org\/{rel}","templated":true}]}}