{"id":24723,"date":"2026-03-23T12:39:40","date_gmt":"2026-03-23T11:39:40","guid":{"rendered":"https:\/\/kaotostore.com\/producto\/3d-dot-game-heroes-playstation-3-importacion-americana\/"},"modified":"2026-04-09T12:11:23","modified_gmt":"2026-04-09T10:11:23","slug":"3d-dot-game-heroes-playstation-3-importacion-americana","status":"publish","type":"product","link":"https:\/\/kaotostore.com\/en\/product\/3d-dot-game-heroes-playstation-3-importacion-americana\/","title":{"rendered":"3D Dot Game Heroes PLAYSTATION 3 (Importaci\u00f3n americana)"},"content":{"rendered":"<p><strong><span style=\"color: rgb(255, 5, 5);\">Si desea im\u00e1genes adicionales del producto, puede solicitarlas desde el formulario de contacto o en el email kaototienda@gmail.com<\/span><\/strong><\/p>\n<p>\u00a0<\/p>\n<p><strong>-Juego en ingl\u00e9s<\/strong><\/p>\n<p>\u00a0<\/p>\n<p>Hace mucho, mucho tiempo, el Oscuro Rey Onyx presidi\u00f3 una era de oscuridad en el Reino de Dotnia. \u00danicamente la valent\u00eda de un h\u00e9roe con su legendaria espada hizo que Onyx acabara encerrado en un orbe, restaurando la paz en el mundo. Pero Fuelle, un poderoso Obispo Oscuro, rob\u00f3 el orbe y, con \u00e9l, la Paz. Dotnia necesita un h\u00e9roe una vez m\u00e1s. \u00bfPodr\u00e1s estar a la altura de la leyenda?<\/p>\n<h4>Admiraci\u00f3n por lo retro<\/h4>\n<p>Bajo una combinaci\u00f3n perfecta de lo m\u00e1s moderno y lo antiguo, la era dorada de los videojuegos ha sido recreada con gran atenci\u00f3n al detalle en esta aventura. Un impactante apartado visual que captura todos los encantos nost\u00e1lgicos de la era de los 8-bit bajo una perspectiva 3D. Los veteranos encontrar\u00e1n muchas referencias y gui\u00f1os que rendir\u00e1n un merecido tributo a la \u00e9poca.<\/p>\n<h4>Viva y sobrecogedora aventura<\/h4>\n<p>Emb\u00e1rcate en la generaci\u00f3n de la exploraci\u00f3n y descubrimientos cl\u00e1sica, en forma de una enorme aventura. Un h\u00e9roe tendr\u00e1 que conseguir el poder de los seis sabios y los seis orbes que proteg\u00edan el Reino de Dotnia, que ahora est\u00e1 al borde de la destrucci\u00f3n.<\/p>\n<h4>Personaliza a tu h\u00e9roe<\/h4>\n<p>Cuando los pixel son tus edificios, las posibilidades son ilimitadas. Edita libremente el aspecto de tu personaje o dise\u00f1a uno completamente partiendo de cero. Comparte tus dise\u00f1os con tus amigos a trav\u00e9s de un dispositivo de almacenamiento USB compatible, La espada del h\u00e9roe tambi\u00e9n se podr\u00e1 mejorar, con la posibilidad de incrementar sus dimensiones hasta crear una pantalla que llene la pantalla.<\/p>\n<p>\u00a0<\/p>","protected":false},"excerpt":{"rendered":"<p>Si desea im\u00e1genes adicionales del producto, puede solicitarlas desde el formulario de contacto o en el email kaototienda@gmail.com \u00a0 -Juego en ingl\u00e9s \u00a0 Hace mucho, mucho tiempo, el Oscuro Rey Onyx presidi\u00f3 una era de oscuridad en el Reino de Dotnia. \u00danicamente la valent\u00eda de un h\u00e9roe con su legendaria espada hizo que Onyx acabara [&hellip;]<\/p>\n","protected":false},"featured_media":2190,"template":"","meta":{"ocean_post_layout":"","ocean_both_sidebars_style":"","ocean_both_sidebars_content_width":0,"ocean_both_sidebars_sidebars_width":0,"ocean_sidebar":"","ocean_second_sidebar":"","ocean_disable_margins":"enable","ocean_add_body_class":"","ocean_shortcode_before_top_bar":"","ocean_shortcode_after_top_bar":"","ocean_shortcode_before_header":"","ocean_shortcode_after_header":"","ocean_has_shortcode":"","ocean_shortcode_after_title":"","ocean_shortcode_before_footer_widgets":"","ocean_shortcode_after_footer_widgets":"","ocean_shortcode_before_footer_bottom":"","ocean_shortcode_after_footer_bottom":"","ocean_display_top_bar":"default","ocean_display_header":"default","ocean_header_style":"","ocean_center_header_left_menu":"","ocean_custom_header_template":"","ocean_custom_logo":0,"ocean_custom_retina_logo":0,"ocean_custom_logo_max_width":0,"ocean_custom_logo_tablet_max_width":0,"ocean_custom_logo_mobile_max_width":0,"ocean_custom_logo_max_height":0,"ocean_custom_logo_tablet_max_height":0,"ocean_custom_logo_mobile_max_height":0,"ocean_header_custom_menu":"","ocean_menu_typo_font_family":"","ocean_menu_typo_font_subset":"","ocean_menu_typo_font_size":0,"ocean_menu_typo_font_size_tablet":0,"ocean_menu_typo_font_size_mobile":0,"ocean_menu_typo_font_size_unit":"px","ocean_menu_typo_font_weight":"","ocean_menu_typo_font_weight_tablet":"","ocean_menu_typo_font_weight_mobile":"","ocean_menu_typo_transform":"","ocean_menu_typo_transform_tablet":"","ocean_menu_typo_transform_mobile":"","ocean_menu_typo_line_height":0,"ocean_menu_typo_line_height_tablet":0,"ocean_menu_typo_line_height_mobile":0,"ocean_menu_typo_line_height_unit":"","ocean_menu_typo_spacing":0,"ocean_menu_typo_spacing_tablet":0,"ocean_menu_typo_spacing_mobile":0,"ocean_menu_typo_spacing_unit":"","ocean_menu_link_color":"","ocean_menu_link_color_hover":"","ocean_menu_link_color_active":"","ocean_menu_link_background":"","ocean_menu_link_hover_background":"","ocean_menu_link_active_background":"","ocean_menu_social_links_bg":"","ocean_menu_social_hover_links_bg":"","ocean_menu_social_links_color":"","ocean_menu_social_hover_links_color":"","ocean_disable_title":"default","ocean_disable_heading":"default","ocean_post_title":"","ocean_post_subheading":"","ocean_post_title_style":"","ocean_post_title_background_color":"","ocean_post_title_background":0,"ocean_post_title_bg_image_position":"","ocean_post_title_bg_image_attachment":"","ocean_post_title_bg_image_repeat":"","ocean_post_title_bg_image_size":"","ocean_post_title_height":0,"ocean_post_title_bg_overlay":0.5,"ocean_post_title_bg_overlay_color":"","ocean_disable_breadcrumbs":"default","ocean_breadcrumbs_color":"","ocean_breadcrumbs_separator_color":"","ocean_breadcrumbs_links_color":"","ocean_breadcrumbs_links_hover_color":"","ocean_display_footer_widgets":"default","ocean_display_footer_bottom":"default","ocean_custom_footer_template":""},"product_brand":[],"product_cat":[106],"product_tag":[],"class_list":{"0":"post-24723","1":"product","2":"type-product","3":"status-publish","4":"has-post-thumbnail","6":"product_cat-playstation-3","8":"entry","9":"has-media","11":"first","12":"instock","13":"taxable","14":"shipping-taxable","15":"purchasable","16":"product-type-simple","17":"col","18":"span_1_of_3","19":"owp-content-center","20":"owp-thumbs-layout-horizontal","21":"owp-btn-normal","22":"owp-tabs-layout-horizontal","23":"has-no-thumbnails"},"aioseo_notices":[],"_links":{"self":[{"href":"https:\/\/kaotostore.com\/en\/wp-json\/wp\/v2\/product\/24723","targetHints":{"allow":["GET"]}}],"collection":[{"href":"https:\/\/kaotostore.com\/en\/wp-json\/wp\/v2\/product"}],"about":[{"href":"https:\/\/kaotostore.com\/en\/wp-json\/wp\/v2\/types\/product"}],"wp:featuredmedia":[{"embeddable":true,"href":"https:\/\/kaotostore.com\/en\/wp-json\/wp\/v2\/media\/2190"}],"wp:attachment":[{"href":"https:\/\/kaotostore.com\/en\/wp-json\/wp\/v2\/media?parent=24723"}],"wp:term":[{"taxonomy":"product_brand","embeddable":true,"href":"https:\/\/kaotostore.com\/en\/wp-json\/wp\/v2\/product_brand?post=24723"},{"taxonomy":"product_cat","embeddable":true,"href":"https:\/\/kaotostore.com\/en\/wp-json\/wp\/v2\/product_cat?post=24723"},{"taxonomy":"product_tag","embeddable":true,"href":"https:\/\/kaotostore.com\/en\/wp-json\/wp\/v2\/product_tag?post=24723"}],"curies":[{"name":"wp","href":"https:\/\/api.w.org\/{rel}","templated":true}]}}