{"id":24695,"date":"2026-03-23T12:39:11","date_gmt":"2026-03-23T11:39:11","guid":{"rendered":"https:\/\/kaotostore.com\/producto\/007-agent-under-fire-xbox\/"},"modified":"2026-04-10T14:15:54","modified_gmt":"2026-04-10T12:15:54","slug":"007-agent-under-fire-xbox","status":"publish","type":"product","link":"https:\/\/kaotostore.com\/en\/product\/007-agent-under-fire-xbox\/","title":{"rendered":"007 Agent Under Fire XBOX"},"content":{"rendered":"<div class=\"accordion\">\n<div id=\"accordion-0\" class=\"accordion-item accordion-item-\">\n<div class=\"accordion-content\">\n<div class=\"accordion-content-inner\">\n<div class=\"product-details-content\">\n<div class=\"accordion\">\n<div id=\"accordion-0\" class=\"accordion-item accordion-item-\">\n<div class=\"accordion-content\">\n<div class=\"accordion-content-inner\">\n<div class=\"product-details-content\">\n<div class=\"accordion\">\n<div id=\"accordion-0\" class=\"accordion-item accordion-item-\">\n<div class=\"accordion-content\">\n<div class=\"accordion-content-inner\">\n<div class=\"product-details-content\">\n<div class=\"accordion\">\n<div id=\"accordion-0\" class=\"accordion-item accordion-item-\">\n<div class=\"accordion-content\">\n<div class=\"accordion-content-inner\">\n<div class=\"product-details-content\">\n<div class=\"accordion\">\n<div id=\"accordion-0\" class=\"accordion-item accordion-item-\">\n<div class=\"accordion-content\">\n<div class=\"accordion-content-inner\">\n<div class=\"product-details-content\">\n<div class=\"accordion\">\n<div id=\"accordion-0\" class=\"accordion-item accordion-item-\">\n<div class=\"accordion-content\">\n<div class=\"accordion-content-inner\">\n<div class=\"product-details-content\">\n<div class=\"accordion\">\n<div id=\"accordion-0\" class=\"accordion-item accordion-item-\">\n<div class=\"accordion-content\">\n<div class=\"accordion-content-inner\">\n<div class=\"product-details-content\">\n<div class=\"accordion\">\n<div id=\"accordion-0\" class=\"accordion-item accordion-item-\">\n<div class=\"accordion-content\">\n<div class=\"accordion-content-inner\">\n<div class=\"product-details-content\">\n<p><strong><span style=\"color: #ff0505;\">Si desea im\u00e1genes adicionales del producto, puede solicitarlas desde el formulario de contacto o en el email kaototienda@gmail.com<\/span><\/strong><\/p>\n<p>En el papel de James Bond, los jugadores tendr\u00e1n que derrotar al malvado Malprave, jefe de una creciente organizaci\u00f3n terrorista empe\u00f1ada en dominar el mundo con su tecnolog\u00eda de clonaci\u00f3n y su ej\u00e9rcito de clones. Ayudando a 007 estar\u00e1n la espectacular Zoe Nightshade y toda una serie de populares personajes. Cada uno de los m\u00e1s de 10 ex\u00f3ticos escenarios de todo el mundo contendr\u00e1 una generosa oferta de dif\u00edciles misiones y objetivos.<\/p>\n<\/div>\n<\/div>\n<\/div>\n<\/div>\n<\/div>\n<div class=\"accordion\">\n<div id=\"accordion-0\" class=\"accordion-item accordion-item-\"><\/div>\n<\/div>\n<\/div>\n<\/div>\n<\/div>\n<\/div>\n<\/div>\n<div class=\"accordion\">\n<div id=\"accordion-0\" class=\"accordion-item accordion-item-\"><\/div>\n<\/div>\n<\/div>\n<\/div>\n<\/div>\n<\/div>\n<\/div>\n<div class=\"accordion\">\n<div id=\"accordion-0\" class=\"accordion-item accordion-item-\"><\/div>\n<\/div>\n<\/div>\n<\/div>\n<\/div>\n<\/div>\n<\/div>\n<div class=\"accordion\">\n<div id=\"accordion-0\" class=\"accordion-item accordion-item-\"><\/div>\n<\/div>\n<\/div>\n<\/div>\n<\/div>\n<\/div>\n<\/div>\n<div class=\"accordion\">\n<div id=\"accordion-0\" class=\"accordion-item accordion-item-\"><\/div>\n<\/div>\n<\/div>\n<\/div>\n<\/div>\n<\/div>\n<\/div>\n<div class=\"accordion\">\n<div id=\"accordion-0\" class=\"accordion-item accordion-item-\"><\/div>\n<\/div>\n<\/div>\n<\/div>\n<\/div>\n<\/div>\n<\/div>\n<div class=\"accordion\">\n<div id=\"accordion-0\" class=\"accordion-item accordion-item-\"><\/div>\n<\/div>\n<\/div>\n<\/div>\n<\/div>\n<\/div>\n<\/div>\n<div class=\"accordion\">\n<div id=\"accordion-0\" class=\"accordion-item accordion-item-\"><\/div>\n<\/div>","protected":false},"excerpt":{"rendered":"<p>Si desea im\u00e1genes adicionales del producto, puede solicitarlas desde el formulario de contacto o en el email kaototienda@gmail.com En el papel de James Bond, los jugadores tendr\u00e1n que derrotar al malvado Malprave, jefe de una creciente organizaci\u00f3n terrorista empe\u00f1ada en dominar el mundo con su tecnolog\u00eda de clonaci\u00f3n y su ej\u00e9rcito de clones. Ayudando a [&hellip;]<\/p>\n","protected":false},"featured_media":2028,"template":"","meta":{"ocean_post_layout":"","ocean_both_sidebars_style":"","ocean_both_sidebars_content_width":0,"ocean_both_sidebars_sidebars_width":0,"ocean_sidebar":"0","ocean_second_sidebar":"0","ocean_disable_margins":"enable","ocean_add_body_class":"","ocean_shortcode_before_top_bar":"","ocean_shortcode_after_top_bar":"","ocean_shortcode_before_header":"","ocean_shortcode_after_header":"","ocean_has_shortcode":"","ocean_shortcode_after_title":"","ocean_shortcode_before_footer_widgets":"","ocean_shortcode_after_footer_widgets":"","ocean_shortcode_before_footer_bottom":"","ocean_shortcode_after_footer_bottom":"","ocean_display_top_bar":"default","ocean_display_header":"default","ocean_header_style":"","ocean_center_header_left_menu":"0","ocean_custom_header_template":"0","ocean_custom_logo":0,"ocean_custom_retina_logo":0,"ocean_custom_logo_max_width":0,"ocean_custom_logo_tablet_max_width":0,"ocean_custom_logo_mobile_max_width":0,"ocean_custom_logo_max_height":0,"ocean_custom_logo_tablet_max_height":0,"ocean_custom_logo_mobile_max_height":0,"ocean_header_custom_menu":"0","ocean_menu_typo_font_family":"0","ocean_menu_typo_font_subset":"","ocean_menu_typo_font_size":0,"ocean_menu_typo_font_size_tablet":0,"ocean_menu_typo_font_size_mobile":0,"ocean_menu_typo_font_size_unit":"px","ocean_menu_typo_font_weight":"","ocean_menu_typo_font_weight_tablet":"","ocean_menu_typo_font_weight_mobile":"","ocean_menu_typo_transform":"","ocean_menu_typo_transform_tablet":"","ocean_menu_typo_transform_mobile":"","ocean_menu_typo_line_height":0,"ocean_menu_typo_line_height_tablet":0,"ocean_menu_typo_line_height_mobile":0,"ocean_menu_typo_line_height_unit":"","ocean_menu_typo_spacing":0,"ocean_menu_typo_spacing_tablet":0,"ocean_menu_typo_spacing_mobile":0,"ocean_menu_typo_spacing_unit":"","ocean_menu_link_color":"","ocean_menu_link_color_hover":"","ocean_menu_link_color_active":"","ocean_menu_link_background":"","ocean_menu_link_hover_background":"","ocean_menu_link_active_background":"","ocean_menu_social_links_bg":"","ocean_menu_social_hover_links_bg":"","ocean_menu_social_links_color":"","ocean_menu_social_hover_links_color":"","ocean_disable_title":"default","ocean_disable_heading":"default","ocean_post_title":"","ocean_post_subheading":"","ocean_post_title_style":"","ocean_post_title_background_color":"","ocean_post_title_background":0,"ocean_post_title_bg_image_position":"","ocean_post_title_bg_image_attachment":"","ocean_post_title_bg_image_repeat":"","ocean_post_title_bg_image_size":"","ocean_post_title_height":0,"ocean_post_title_bg_overlay":0.5,"ocean_post_title_bg_overlay_color":"","ocean_disable_breadcrumbs":"default","ocean_breadcrumbs_color":"","ocean_breadcrumbs_separator_color":"","ocean_breadcrumbs_links_color":"","ocean_breadcrumbs_links_hover_color":"","ocean_display_footer_widgets":"default","ocean_display_footer_bottom":"default","ocean_custom_footer_template":"0"},"product_brand":[],"product_cat":[128,136],"product_tag":[],"class_list":{"0":"post-24695","1":"product","2":"type-product","3":"status-publish","4":"has-post-thumbnail","6":"product_cat-ultimas-entradas","7":"product_cat-xbox","9":"entry","10":"has-media","12":"first","13":"instock","14":"taxable","15":"shipping-taxable","16":"purchasable","17":"product-type-simple","18":"col","19":"span_1_of_3","20":"owp-content-center","21":"owp-thumbs-layout-horizontal","22":"owp-btn-normal","23":"owp-tabs-layout-horizontal","24":"has-no-thumbnails"},"aioseo_notices":[],"_links":{"self":[{"href":"https:\/\/kaotostore.com\/en\/wp-json\/wp\/v2\/product\/24695","targetHints":{"allow":["GET"]}}],"collection":[{"href":"https:\/\/kaotostore.com\/en\/wp-json\/wp\/v2\/product"}],"about":[{"href":"https:\/\/kaotostore.com\/en\/wp-json\/wp\/v2\/types\/product"}],"wp:featuredmedia":[{"embeddable":true,"href":"https:\/\/kaotostore.com\/en\/wp-json\/wp\/v2\/media\/2028"}],"wp:attachment":[{"href":"https:\/\/kaotostore.com\/en\/wp-json\/wp\/v2\/media?parent=24695"}],"wp:term":[{"taxonomy":"product_brand","embeddable":true,"href":"https:\/\/kaotostore.com\/en\/wp-json\/wp\/v2\/product_brand?post=24695"},{"taxonomy":"product_cat","embeddable":true,"href":"https:\/\/kaotostore.com\/en\/wp-json\/wp\/v2\/product_cat?post=24695"},{"taxonomy":"product_tag","embeddable":true,"href":"https:\/\/kaotostore.com\/en\/wp-json\/wp\/v2\/product_tag?post=24695"}],"curies":[{"name":"wp","href":"https:\/\/api.w.org\/{rel}","templated":true}]}}